{"id":4395,"date":"2018-06-22T19:48:16","date_gmt":"2018-06-22T19:48:16","guid":{"rendered":"http:\/\/esteio.com.br\/?page_id=4395"},"modified":"2018-06-22T19:50:16","modified_gmt":"2018-06-22T19:50:16","slug":"questionario-cliente-80717","status":"publish","type":"page","link":"https:\/\/www.esteio.com.br\/en\/questionario-cliente-80717\/","title":{"rendered":"(Portugu\u00eas do Brasil) Question\u00e1rio de Satisfa\u00e7\u00e3o do Cliente"},"content":{"rendered":"","protected":true},"excerpt":{"rendered":"","protected":true},"author":1,"featured_media":0,"parent":0,"menu_order":0,"comment_status":"closed","ping_status":"closed","template":"","meta":{"footnotes":""},"class_list":["post-4395","page","type-page","status-publish","post-password-required","hentry"],"_links":{"self":[{"href":"https:\/\/www.esteio.com.br\/en\/wp-json\/wp\/v2\/pages\/4395","targetHints":{"allow":["GET"]}}],"collection":[{"href":"https:\/\/www.esteio.com.br\/en\/wp-json\/wp\/v2\/pages"}],"about":[{"href":"https:\/\/www.esteio.com.br\/en\/wp-json\/wp\/v2\/types\/page"}],"author":[{"embeddable":true,"href":"https:\/\/www.esteio.com.br\/en\/wp-json\/wp\/v2\/users\/1"}],"replies":[{"embeddable":true,"href":"https:\/\/www.esteio.com.br\/en\/wp-json\/wp\/v2\/comments?post=4395"}],"version-history":[{"count":3,"href":"https:\/\/www.esteio.com.br\/en\/wp-json\/wp\/v2\/pages\/4395\/revisions"}],"predecessor-version":[{"id":4398,"href":"https:\/\/www.esteio.com.br\/en\/wp-json\/wp\/v2\/pages\/4395\/revisions\/4398"}],"wp:attachment":[{"href":"https:\/\/www.esteio.com.br\/en\/wp-json\/wp\/v2\/media?parent=4395"}],"curies":[{"name":"wp","href":"https:\/\/api.w.org\/{rel}","templated":true}]}}