{"id":4411,"date":"2018-06-27T13:45:26","date_gmt":"2018-06-27T13:45:26","guid":{"rendered":"http:\/\/esteio.com.br\/?page_id=4411"},"modified":"2018-06-27T13:46:05","modified_gmt":"2018-06-27T13:46:05","slug":"questionario-cliente-80518","status":"publish","type":"page","link":"https:\/\/www.esteio.com.br\/en\/questionario-cliente-80518\/","title":{"rendered":"(Portugu\u00eas do Brasil) Question\u00e1rio de Satisfa\u00e7\u00e3o do Cliente"},"content":{"rendered":"","protected":true},"excerpt":{"rendered":"","protected":true},"author":1,"featured_media":0,"parent":0,"menu_order":0,"comment_status":"closed","ping_status":"closed","template":"","meta":{"footnotes":""},"class_list":["post-4411","page","type-page","status-publish","post-password-required","hentry"],"_links":{"self":[{"href":"https:\/\/www.esteio.com.br\/en\/wp-json\/wp\/v2\/pages\/4411","targetHints":{"allow":["GET"]}}],"collection":[{"href":"https:\/\/www.esteio.com.br\/en\/wp-json\/wp\/v2\/pages"}],"about":[{"href":"https:\/\/www.esteio.com.br\/en\/wp-json\/wp\/v2\/types\/page"}],"author":[{"embeddable":true,"href":"https:\/\/www.esteio.com.br\/en\/wp-json\/wp\/v2\/users\/1"}],"replies":[{"embeddable":true,"href":"https:\/\/www.esteio.com.br\/en\/wp-json\/wp\/v2\/comments?post=4411"}],"version-history":[{"count":2,"href":"https:\/\/www.esteio.com.br\/en\/wp-json\/wp\/v2\/pages\/4411\/revisions"}],"predecessor-version":[{"id":4413,"href":"https:\/\/www.esteio.com.br\/en\/wp-json\/wp\/v2\/pages\/4411\/revisions\/4413"}],"wp:attachment":[{"href":"https:\/\/www.esteio.com.br\/en\/wp-json\/wp\/v2\/media?parent=4411"}],"curies":[{"name":"wp","href":"https:\/\/api.w.org\/{rel}","templated":true}]}}