{"id":1290,"date":"2016-11-28T16:56:48","date_gmt":"2016-11-28T16:56:48","guid":{"rendered":"http:\/\/esteio.com.br\/?page_id=1290"},"modified":"2022-05-30T17:31:09","modified_gmt":"2022-05-30T17:31:09","slug":"executados","status":"publish","type":"page","link":"https:\/\/www.esteio.com.br\/es\/executados\/","title":{"rendered":"Executados"},"content":{"rendered":"En m\u00e1s de 40 a\u00f1os de participaci\u00f3n en la brasile\u00f1a de ingenier\u00eda, ESTEIO ya ha sido presente en cientos de proyectos y empresas de todo nuestro pa\u00eds y en el extranjero.<\/p>\n<p>Trabajo en Aerofotogram\u00e9tricos encuestas, encuestas Topogr\u00e1ficos, Cadastros Multifinalit\u00e1rios, Ingenier\u00eda de Proyectos, Percepci\u00f3n Remota, Gesti\u00f3n de Obras y Geoprocesamiento, ha estado proporcionando la infraestructura necesaria para m\u00e1s diversos proyectos y empresas hacia el desarrollo del pa\u00eds.<\/p>\n<p>Todos estos servicios que le corresponde a situaciones particulares donde la creatividad y la b\u00fasqueda de soluciones que satisfagan las necesidades de los clientes se emplearon con \u00e9xito.<\/p>\n<p>Conoce aqu\u00ed algunos ejemplos de estos servicios en diferentes campos de especializaci\u00f3n.<\/p>\n<div class=\"container\"><\/div>\n<div class=\"panel-group colapse-menu\" id=\"custom-collapse-2\">\n<div class=\"panel panel-default\">\n\t\t\t\t<div class=\"panel-heading\">\n\t\t\t\t\t<h4 class=\"panel-title\">\n\t\t\t\t\t\t<a class=\"collapsed\" data-toggle=\"collapse\" data-parent=\"#custom-collapse-2\" href=\"#custom-collapse-2-36\">Catastro Especial<\/a>\n\t\t\t\t\t<\/h4>\n\t\t\t\t<\/div>\n\t\t\t\t<div id=\"custom-collapse-2-36\" class=\"panel-collapse collapse\">\n\t\t\t\t\t<div class=\"panel-body\">\n<p style=\"padding-left: 30px;\"><a href=\"http:\/\/esteio.com.br\/executados\/cadastros-especiais\/codevasf\/\">CODEVASF &#8211; Barrera do Careta<\/a><\/p>\n<p style=\"padding-left: 30px;\"><a href=\"http:\/\/esteio.com.br\/executados\/cadastros-especiais\/copel-uh\/\">COPEL &#8211; UH Salto Caxias<\/a><\/p>\n<\/div>\n\t\t\t\t<\/div>\n\t\t\t<\/div>\n<div class=\"panel panel-default\">\n\t\t\t\t<div class=\"panel-heading\">\n\t\t\t\t\t<h4 class=\"panel-title\">\n\t\t\t\t\t\t<a class=\"collapsed\" data-toggle=\"collapse\" data-parent=\"#custom-collapse-2\" href=\"#custom-collapse-2-37\">Catastro Urbano\/Rural<\/a>\n\t\t\t\t\t<\/h4>\n\t\t\t\t<\/div>\n\t\t\t\t<div id=\"custom-collapse-2-37\" class=\"panel-collapse collapse\">\n\t\t\t\t\t<div class=\"panel-body\">\n<p style=\"padding-left: 30px;\"><a href=\"http:\/\/esteio.com.br\/executados\/cadastro-urbano-e-rural\/incra\/\">INCRA &#8211; Catastro Rural Nordeste<\/a><\/p>\n<p style=\"padding-left: 30px;\"><a href=\"http:\/\/esteio.com.br\/executados\/cadastro-urbano-e-rural\/pm-joinville\/\">PM Joinville Levantamiento<\/a><\/p>\n<\/div>\n\t\t\t\t<\/div>\n\t\t\t<\/div>\n<div class=\"panel panel-default\">\n\t\t\t\t<div class=\"panel-heading\">\n\t\t\t\t\t<h4 class=\"panel-title\">\n\t\t\t\t\t\t<a class=\"collapsed\" data-toggle=\"collapse\" data-parent=\"#custom-collapse-2\" href=\"#custom-collapse-2-38\"> Cartograf\u00eda<\/a>\n\t\t\t\t\t<\/h4>\n\t\t\t\t<\/div>\n\t\t\t\t<div id=\"custom-collapse-2-38\" class=\"panel-collapse collapse\">\n\t\t\t\t\t<div class=\"panel-body\">\n<p style=\"padding-left: 30px;\"><a href=\"http:\/\/esteio.com.br\/executados\/cartografia\/ica\/\">ICA &#8211; Infraestructura Aeroportuaria<\/a><\/p>\n<p style=\"padding-left: 30px;\"><a href=\"http:\/\/esteio.com.br\/executados\/cartografia\/infraero\/\">INFRAERO &#8211; Levantamiento<\/a><\/p>\n<\/div>\n\t\t\t\t<\/div>\n\t\t\t<\/div>\n<div class=\"panel panel-default\">\n\t\t\t\t<div class=\"panel-heading\">\n\t\t\t\t\t<h4 class=\"panel-title\">\n\t\t\t\t\t\t<a class=\"collapsed\" data-toggle=\"collapse\" data-parent=\"#custom-collapse-2\" href=\"#custom-collapse-2-39\">Cartograf\u00eda para Ductos<\/a>\n\t\t\t\t\t<\/h4>\n\t\t\t\t<\/div>\n\t\t\t\t<div id=\"custom-collapse-2-39\" class=\"panel-collapse collapse\">\n\t\t\t\t\t<div class=\"panel-body\">\n<p style=\"padding-left: 30px;\"><a href=\"http:\/\/esteio.com.br\/executados\/cartografia-para-dutos\/utg-sul\/\">Gasoducto UTG Sur<\/a><\/p>\n<p style=\"padding-left: 30px;\"><a href=\"http:\/\/esteio.com.br\/executados\/cartografia-para-dutos\/urucu-coari\/\">GLPDuctos Urucu\u2212Coari<\/a><\/p>\n<\/div>\n\t\t\t\t<\/div>\n\t\t\t<\/div>\n<div class=\"panel panel-default\">\n\t\t\t\t<div class=\"panel-heading\">\n\t\t\t\t\t<h4 class=\"panel-title\">\n\t\t\t\t\t\t<a class=\"collapsed\" data-toggle=\"collapse\" data-parent=\"#custom-collapse-2\" href=\"#custom-collapse-2-40\">Ingenier\u00eda<\/a>\n\t\t\t\t\t<\/h4>\n\t\t\t\t<\/div>\n\t\t\t\t<div id=\"custom-collapse-2-40\" class=\"panel-collapse collapse\">\n\t\t\t\t\t<div class=\"panel-body\">\n<p style=\"padding-left: 30px;\"><a href=\"http:\/\/esteio.com.br\/executados\/engenharia\/der-parana\/\">DER-PR<\/a><\/p>\n<p style=\"padding-left: 30px;\"><a href=\"http:\/\/esteio.com.br\/executados\/engenharia\/hercilio-luz\/\">DER-SC<\/a><\/p>\n<\/div>\n\t\t\t\t<\/div>\n\t\t\t<\/div>\n<div class=\"panel panel-default\">\n\t\t\t\t<div class=\"panel-heading\">\n\t\t\t\t\t<h4 class=\"panel-title\">\n\t\t\t\t\t\t<a class=\"collapsed\" data-toggle=\"collapse\" data-parent=\"#custom-collapse-2\" href=\"#custom-collapse-2-41\">Fotogrametria Terrestre<\/a>\n\t\t\t\t\t<\/h4>\n\t\t\t\t<\/div>\n\t\t\t\t<div id=\"custom-collapse-2-41\" class=\"panel-collapse collapse\">\n\t\t\t\t\t<div class=\"panel-body\">\n<p style=\"padding-left: 30px;\"><a href=\"http:\/\/esteio.com.br\/executados\/fotogrametria-terrestre\/castelo-garcia\/\">IME Castillo Garcia D&#8217;\u00c1vila<\/a><\/p>\n<p style=\"padding-left: 30px;\"><a href=\"http:\/\/esteio.com.br\/guindaste\/\">PETROBRAS Gr\u00faa<\/a><\/p>\n<\/div>\n\t\t\t\t<\/div>\n\t\t\t<\/div>\n<div class=\"panel panel-default\">\n\t\t\t\t<div class=\"panel-heading\">\n\t\t\t\t\t<h4 class=\"panel-title\">\n\t\t\t\t\t\t<a class=\"collapsed\" data-toggle=\"collapse\" data-parent=\"#custom-collapse-2\" href=\"#custom-collapse-2-42\">GPR<\/a>\n\t\t\t\t\t<\/h4>\n\t\t\t\t<\/div>\n\t\t\t\t<div id=\"custom-collapse-2-42\" class=\"panel-collapse collapse\">\n\t\t\t\t\t<div class=\"panel-body\">\n<p style=\"padding-left: 30px;\"><a href=\"http:\/\/esteio.com.br\/executados\/gpr\/belo-horizonte\/\">Belo Horizonte\/MG<\/a><\/p>\n<p style=\"padding-left: 30px;\"><a href=\"http:\/\/esteio.com.br\/executados\/gpr\/recife\/\">Recife\/PE<\/a><\/p>\n<\/div>\n\t\t\t\t<\/div>\n\t\t\t<\/div>\n<div class=\"panel panel-default\">\n\t\t\t\t<div class=\"panel-heading\">\n\t\t\t\t\t<h4 class=\"panel-title\">\n\t\t\t\t\t\t<a class=\"collapsed\" data-toggle=\"collapse\" data-parent=\"#custom-collapse-2\" href=\"#custom-collapse-2-43\">GPS e Batimetria<\/a>\n\t\t\t\t\t<\/h4>\n\t\t\t\t<\/div>\n\t\t\t\t<div id=\"custom-collapse-2-43\" class=\"panel-collapse collapse\">\n\t\t\t\t\t<div class=\"panel-body\">\n<p style=\"padding-left: 30px;\"><a href=\"http:\/\/esteio.com.br\/executados\/gps-batimetria\/batimetria-travessias\/\">PETROBRAS &#8211; Batimetria de Travessias<\/a><\/p>\n<p style=\"padding-left: 30px;\"><a href=\"http:\/\/esteio.com.br\/executados\/gps-batimetria\/copel\/\">UH Salto Caxias<\/a><\/p>\n<\/div>\n\t\t\t\t<\/div>\n\t\t\t<\/div>\n<div class=\"panel panel-default\">\n\t\t\t\t<div class=\"panel-heading\">\n\t\t\t\t\t<h4 class=\"panel-title\">\n\t\t\t\t\t\t<a class=\"collapsed\" data-toggle=\"collapse\" data-parent=\"#custom-collapse-2\" href=\"#custom-collapse-2-44\">Levantamentos Planialtim\u00e9tricos<\/a>\n\t\t\t\t\t<\/h4>\n\t\t\t\t<\/div>\n\t\t\t\t<div id=\"custom-collapse-2-44\" class=\"panel-collapse collapse\">\n\t\t\t\t\t<div class=\"panel-body\">\n<p style=\"padding-left: 30px;\"><a href=\"http:\/\/esteio.com.br\/executados\/levantamentos-planialtimetricos\/building\/\">Building Heights &#8211; BH<\/a><\/p>\n<p style=\"padding-left: 30px;\"><a href=\"http:\/\/esteio.com.br\/executados\/levantamentos-planialtimetricos\/gasoduto\/\">PETROBRAS &#8211; Gasoducto Coari-Manaus<\/a><\/p>\n<p style=\"padding-left: 30px;\"><a href=\"http:\/\/esteio.com.br\/executados\/levantamentos-planialtimetricos\/vale\/\">VALE &#8211; Niquel de Piaui<\/a><\/p>\n<\/div>\n\t\t\t\t<\/div>\n\t\t\t<\/div>\n<div class=\"panel panel-default\">\n\t\t\t\t<div class=\"panel-heading\">\n\t\t\t\t\t<h4 class=\"panel-title\">\n\t\t\t\t\t\t<a class=\"collapsed\" data-toggle=\"collapse\" data-parent=\"#custom-collapse-2\" href=\"#custom-collapse-2-45\">Ortofotos<\/a>\n\t\t\t\t\t<\/h4>\n\t\t\t\t<\/div>\n\t\t\t\t<div id=\"custom-collapse-2-45\" class=\"panel-collapse collapse\">\n\t\t\t\t\t<div class=\"panel-body\">\n<p style=\"padding-left: 30px;\"><a href=\"http:\/\/esteio.com.br\/executados\/ortofotos\/copasa\/\">COPASA<\/a><\/p>\n<p style=\"padding-left: 30px;\"><a href=\"http:\/\/esteio.com.br\/executados\/ortofotos\/projetos-viarios\/\">Proyectos Viarios<\/a><\/p>\n<\/div>\n\t\t\t\t<\/div>\n\t\t\t<\/div>\n<div class=\"panel panel-default\">\n\t\t\t\t<div class=\"panel-heading\">\n\t\t\t\t\t<h4 class=\"panel-title\">\n\t\t\t\t\t\t<a class=\"collapsed\" data-toggle=\"collapse\" data-parent=\"#custom-collapse-2\" href=\"#custom-collapse-2-46\">PCM<\/a>\n\t\t\t\t\t<\/h4>\n\t\t\t\t<\/div>\n\t\t\t\t<div id=\"custom-collapse-2-46\" class=\"panel-collapse collapse\">\n\t\t\t\t\t<div class=\"panel-body\">\n<p style=\"padding-left: 30px;\"><a href=\"http:\/\/esteio.com.br\/executados\/pcm\/oleoduto\/\">Oleoducto Pilar-Macei\u00f3 y GLPDuctos de San Lu\u00eds<\/a><\/p>\n<p style=\"padding-left: 30px;\"><a href=\"http:\/\/esteio.com.br\/executados\/pcm\/pcm-rj\/\">Localizaci\u00f3n, Mapeo y Evaluaci\u00f3n del Revestimiento de Ductos<\/a><\/p>\n<\/div>\n\t\t\t\t<\/div>\n\t\t\t<\/div>\n<div class=\"panel panel-default\">\n\t\t\t\t<div class=\"panel-heading\">\n\t\t\t\t\t<h4 class=\"panel-title\">\n\t\t\t\t\t\t<a class=\"collapsed\" data-toggle=\"collapse\" data-parent=\"#custom-collapse-2\" href=\"#custom-collapse-2-47\">Percepci\u00f3n Remota<\/a>\n\t\t\t\t\t<\/h4>\n\t\t\t\t<\/div>\n\t\t\t\t<div id=\"custom-collapse-2-47\" class=\"panel-collapse collapse\">\n\t\t\t\t\t<div class=\"panel-body\">\n<p style=\"padding-left: 30px;\"><a href=\"http:\/\/esteio.com.br\/executados\/percepcao-remota\/argentina\/\">ARGENTINA<\/a><\/p>\n<p style=\"padding-left: 30px;\"><a href=\"http:\/\/esteio.com.br\/executados\/percepcao-remota\/repar\/\">REPAR<\/a><\/p>\n<\/div>\n\t\t\t\t<\/div>\n\t\t\t<\/div>\n<div class=\"panel panel-default\">\n\t\t\t\t<div class=\"panel-heading\">\n\t\t\t\t\t<h4 class=\"panel-title\">\n\t\t\t\t\t\t<a class=\"collapsed\" data-toggle=\"collapse\" data-parent=\"#custom-collapse-2\" href=\"#custom-collapse-2-48\">Perfilamento a LASER<\/a>\n\t\t\t\t\t<\/h4>\n\t\t\t\t<\/div>\n\t\t\t\t<div id=\"custom-collapse-2-48\" class=\"panel-collapse collapse\">\n\t\t\t\t\t<div class=\"panel-body\">\n<p style=\"padding-left: 30px;\"><a href=\"http:\/\/esteio.com.br\/executados\/perfilamento-laser\/atol\/\">ATOL<\/a><\/p>\n<p style=\"padding-left: 30px;\"><a href=\"http:\/\/esteio.com.br\/executados\/perfilamento-laser\/ferrous-resources\/\">Ferrous Resources de Brasil<\/a><\/p>\n<p style=\"padding-left: 30px;\"><a href=\"http:\/\/esteio.com.br\/executados\/perfilamento-laser\/montes-claros\/\">VM Montes Claros<\/a><\/p>\n<\/div>\n\t\t\t\t<\/div>\n\t\t\t<\/div>\n<div class=\"panel panel-default\">\n\t\t\t\t<div class=\"panel-heading\">\n\t\t\t\t\t<h4 class=\"panel-title\">\n\t\t\t\t\t\t<a class=\"collapsed\" data-toggle=\"collapse\" data-parent=\"#custom-collapse-2\" href=\"#custom-collapse-2-49\">SIG<\/a>\n\t\t\t\t\t<\/h4>\n\t\t\t\t<\/div>\n\t\t\t\t<div id=\"custom-collapse-2-49\" class=\"panel-collapse collapse\">\n\t\t\t\t\t<div class=\"panel-body\">\n<p style=\"padding-left: 30px;\"><a href=\"http:\/\/esteio.com.br\/executados\/sig\/mubdg\/\">MUBDG<\/a><\/p>\n<p style=\"padding-left: 30px;\"><a href=\"http:\/\/esteio.com.br\/executados\/sig\/barbacena\/\">Barbacena<\/a><\/p>\n<\/div>\n\t\t\t\t<\/div>\n\t\t\t<\/div>\n<\/div>","protected":false},"excerpt":{"rendered":"<p>En m\u00e1s de 40 a\u00f1os de participaci\u00f3n en la brasile\u00f1a de ingenier\u00eda, ESTEIO ya ha sido presente en cientos de proyectos y empresas de todo nuestro pa\u00eds y en el &#8230;<\/p>\n","protected":false},"author":1,"featured_media":0,"parent":0,"menu_order":0,"comment_status":"closed","ping_status":"closed","template":"","meta":{"footnotes":""},"class_list":["post-1290","page","type-page","status-publish","hentry"],"_links":{"self":[{"href":"https:\/\/www.esteio.com.br\/es\/wp-json\/wp\/v2\/pages\/1290","targetHints":{"allow":["GET"]}}],"collection":[{"href":"https:\/\/www.esteio.com.br\/es\/wp-json\/wp\/v2\/pages"}],"about":[{"href":"https:\/\/www.esteio.com.br\/es\/wp-json\/wp\/v2\/types\/page"}],"author":[{"embeddable":true,"href":"https:\/\/www.esteio.com.br\/es\/wp-json\/wp\/v2\/users\/1"}],"replies":[{"embeddable":true,"href":"https:\/\/www.esteio.com.br\/es\/wp-json\/wp\/v2\/comments?post=1290"}],"version-history":[{"count":109,"href":"https:\/\/www.esteio.com.br\/es\/wp-json\/wp\/v2\/pages\/1290\/revisions"}],"predecessor-version":[{"id":6317,"href":"https:\/\/www.esteio.com.br\/es\/wp-json\/wp\/v2\/pages\/1290\/revisions\/6317"}],"wp:attachment":[{"href":"https:\/\/www.esteio.com.br\/es\/wp-json\/wp\/v2\/media?parent=1290"}],"curies":[{"name":"wp","href":"https:\/\/api.w.org\/{rel}","templated":true}]}}