{"id":1292,"date":"2016-11-28T16:56:59","date_gmt":"2016-11-28T16:56:59","guid":{"rendered":"http:\/\/esteio.com.br\/?page_id=1292"},"modified":"2022-01-06T13:19:59","modified_gmt":"2022-01-06T13:19:59","slug":"atuacao","status":"publish","type":"page","link":"https:\/\/www.esteio.com.br\/es\/atuacao\/","title":{"rendered":"\u00c1rea de Atua\u00e7\u00e3o"},"content":{"rendered":"El conocimiento de las variables que describen el medio f\u00edsico y su posicionamiento en el espacio geogr\u00e1fico es el primer e indispensable instrumento en la planificaci\u00f3n regional, as\u00ed como en la gesti\u00f3n de la expansi\u00f3n urbana y preservaci\u00f3n del medio ambiente.<br \/>\nLa Cartograf\u00eda es responsable por la generaci\u00f3n de productos b\u00e1sicos que definen elementos esenciales para un desarrollo racional y controlado del mundo actual. Por eso, la Cartograf\u00eda a\u00fan tiene como su mayor usuaria el poder p\u00fablico. Los Gobiernos Central, Regional, las Municipalidades y sus Instituciones son los mayores contratistas de servicios cartogr\u00e1ficos.<br \/>\nLa evoluci\u00f3n tecnol\u00f3gica de la Cartograf\u00eda ha creado productos distintos de los tradicionalmente ya conocidos, lo que hace con que el sector privado se convierta en un mayor usuario, debido a los nuevos productos y al costo m\u00e1s bajo con que los han ofrecido. Las empresas del sector agr\u00edcola, mineral y principalmente del sector forestal y del medio ambiente son grandes usuarias de la Cartograf\u00eda.","protected":false},"excerpt":{"rendered":"<p>El conocimiento de las variables que describen el medio f\u00edsico y su posicionamiento en el espacio geogr\u00e1fico es el primer e indispensable instrumento en la planificaci\u00f3n regional, as\u00ed como en &#8230;<\/p>\n","protected":false},"author":1,"featured_media":0,"parent":0,"menu_order":0,"comment_status":"closed","ping_status":"closed","template":"","meta":{"footnotes":""},"class_list":["post-1292","page","type-page","status-publish","hentry"],"_links":{"self":[{"href":"https:\/\/www.esteio.com.br\/es\/wp-json\/wp\/v2\/pages\/1292","targetHints":{"allow":["GET"]}}],"collection":[{"href":"https:\/\/www.esteio.com.br\/es\/wp-json\/wp\/v2\/pages"}],"about":[{"href":"https:\/\/www.esteio.com.br\/es\/wp-json\/wp\/v2\/types\/page"}],"author":[{"embeddable":true,"href":"https:\/\/www.esteio.com.br\/es\/wp-json\/wp\/v2\/users\/1"}],"replies":[{"embeddable":true,"href":"https:\/\/www.esteio.com.br\/es\/wp-json\/wp\/v2\/comments?post=1292"}],"version-history":[{"count":18,"href":"https:\/\/www.esteio.com.br\/es\/wp-json\/wp\/v2\/pages\/1292\/revisions"}],"predecessor-version":[{"id":5895,"href":"https:\/\/www.esteio.com.br\/es\/wp-json\/wp\/v2\/pages\/1292\/revisions\/5895"}],"wp:attachment":[{"href":"https:\/\/www.esteio.com.br\/es\/wp-json\/wp\/v2\/media?parent=1292"}],"curies":[{"name":"wp","href":"https:\/\/api.w.org\/{rel}","templated":true}]}}