{"id":1367,"date":"2016-12-06T16:26:35","date_gmt":"2016-12-06T16:26:35","guid":{"rendered":"http:\/\/esteio.com.br\/?page_id=1367"},"modified":"2022-12-13T18:07:41","modified_gmt":"2022-12-13T18:07:41","slug":"oferecidos","status":"publish","type":"page","link":"https:\/\/www.esteio.com.br\/es\/oferecidos\/","title":{"rendered":"Ofrecidos"},"content":{"rendered":"<div id=\"pl-1367\" class=\"panel-layout\">\n<div id=\"pg-1367-0\" class=\"panel-grid panel-no-style\">\n<div id=\"pgc-1367-0-0\" class=\"panel-grid-cell\" data-weight=\"1\">\n<div id=\"panel-1367-0-0-0\" class=\"so-panel widget widget_text panel-first-child\" data-index=\"0\" data-style=\"{&quot;background_display&quot;:&quot;tile&quot;}\">\n<h3 class=\"widget-title\">Servi\u00e7os Ofrecidos<\/h3>\n<div class=\"textwidget\">Atuando nas \u00c1reas de Projetos de Engenharia e Gerenciamento de Obras, Fotogrametria, Cartografia, Cadastro T\u00e9cnico, Geod\u00e9sia, Topografia, Percep\u00e7\u00e3o Remota, SIG e Consultoria atrav\u00e9s da presta\u00e7\u00e3o de servi\u00e7os especializados de engenharia, a ESTEIO oferece aos seus clientes servi\u00e7os e produtos distribu\u00eddos em todas estas \u00e1reas.<br \/>\nVerifique aqui quais as atividades e servi\u00e7os da empresa que podem ajud\u00e1-lo em suas necessidades. Nestas p\u00e1ginas pode ser encontrada uma breve descri\u00e7\u00e3o destes servi\u00e7os oferecidos permitindo o esclarecimento de d\u00favidas sobre cada uma das principais atividades da Cartografia e da Engenharia Consultiva.<\/div>\n<div class=\"textwidget\">\u00a0<div class=\"container\">\n<div class=\"row\">\n<div class=\"col-md-6\">\n<ul>\n<li><a href=\"https:\/\/www.esteio.com.br\/oferecidos\/aerotriangulacao\/\">Aerotriangulaci\u00f3n<\/a><\/li>\n<li><a href=\"https:\/\/www.esteio.com.br\/oferecidos\/batimetria\/\">Batimetr\u00eda<\/a><\/li>\n<li><a href=\"https:\/\/www.esteio.com.br\/oferecidos\/cadastros\/\">Catastros<\/a><\/li>\n<li><a href=\"https:\/\/www.esteio.com.br\/oferecidos\/captacao-fotogrametrica\/\">Captaci\u00f3n Fotogram\u00e9trica<\/a><\/li>\n<li><a href=\"https:\/\/www.esteio.com.br\/cobertura-aero\/\">Cobertura Aerofotogram\u00e9trica<\/a><\/li>\n<li><a href=\"https:\/\/www.esteio.com.br\/oferecidos\/cobertura-aero-digital\/\">Cobertura Aerofotogram\u00e9trica Digital<\/a><\/li>\n<li><a href=\"https:\/\/www.esteio.com.br\/oferecidos\/engenharia-viaria\/\">Ingenier\u00eda Vial<\/a><\/li>\n<li><a href=\"https:\/\/www.esteio.com.br\/oferecidos\/gerenciamento-obras\/\">Gesti\u00f3n de Obras<\/a><\/li>\n<li><a href=\"https:\/\/www.esteio.com.br\/oferecidos\/gpr\/\">GPR &#8211; Ground Penetrating Radar<\/a><\/li>\n<li><a href=\"https:\/\/www.esteio.com.br\/oferecidos\/ifsar\/\">Interferometr\u00eda (IFSAR)<\/a><\/li>\n<\/ul>\n<\/div>\n<div class=\"col-md-6\">\n<ul>\n<li><a href=\"https:\/\/www.esteio.com.br\/oferecidos\/modelagem-urbana-3d\/\">Modelado Urbano 3D<\/a><\/li>\n<li><a href=\"https:\/\/www.esteio.com.br\/oferecidos\/ortofotocarta\/\">Ortofotos<\/a><\/li>\n<li><a href=\"https:\/\/www.esteio.com.br\/oferecidos\/pcm\/\">PCM &#8211; Pipeline Current Mapper<\/a><\/li>\n<li><a href=\"https:\/\/www.esteio.com.br\/oferecidos\/perfilamento-laser\/\">Perfilado a L\u00c1SER<\/a><\/li>\n<li><a href=\"https:\/\/www.esteio.com.br\/oferecidos\/ppp\/\">PPP &#8211; Precise Point Position<\/a><\/li>\n<li><a href=\"https:\/\/www.esteio.com.br\/oferecidos\/processamento-fotografico\/\">Procesamiento Fotogr\u00e1fico<\/a><\/li>\n<li><a href=\"https:\/\/www.esteio.com.br\/oferecidos\/servicos-especiais\/\">Servicios Especiales<\/a><\/li>\n<li><a href=\"https:\/\/www.esteio.com.br\/oferecidos\/geoprocessamento\/\">Geoprocesamiento<\/a><\/li>\n<li><a href=\"https:\/\/www.esteio.com.br\/oferecidos\/tdi\/\">Tratamiento Digital de Imagen<\/a><\/li>\n<\/ul>\n<\/div>\n<\/div>\n<\/div>\n<\/div>\n<\/div>\n<\/div>\n<div class=\"textwidget\"><\/div>\n<\/div>\n<\/div>","protected":false},"excerpt":{"rendered":"<p>Servi\u00e7os Ofrecidos Atuando nas \u00c1reas de Projetos de Engenharia e Gerenciamento de Obras, Fotogrametria, Cartografia, Cadastro T\u00e9cnico, Geod\u00e9sia, Topografia, Percep\u00e7\u00e3o Remota, SIG e Consultoria atrav\u00e9s da presta\u00e7\u00e3o de servi\u00e7os especializados &#8230;<\/p>\n","protected":false},"author":1,"featured_media":5216,"parent":0,"menu_order":0,"comment_status":"closed","ping_status":"closed","template":"","meta":{"footnotes":""},"class_list":["post-1367","page","type-page","status-publish","has-post-thumbnail","hentry"],"_links":{"self":[{"href":"https:\/\/www.esteio.com.br\/es\/wp-json\/wp\/v2\/pages\/1367","targetHints":{"allow":["GET"]}}],"collection":[{"href":"https:\/\/www.esteio.com.br\/es\/wp-json\/wp\/v2\/pages"}],"about":[{"href":"https:\/\/www.esteio.com.br\/es\/wp-json\/wp\/v2\/types\/page"}],"author":[{"embeddable":true,"href":"https:\/\/www.esteio.com.br\/es\/wp-json\/wp\/v2\/users\/1"}],"replies":[{"embeddable":true,"href":"https:\/\/www.esteio.com.br\/es\/wp-json\/wp\/v2\/comments?post=1367"}],"version-history":[{"count":30,"href":"https:\/\/www.esteio.com.br\/es\/wp-json\/wp\/v2\/pages\/1367\/revisions"}],"predecessor-version":[{"id":6540,"href":"https:\/\/www.esteio.com.br\/es\/wp-json\/wp\/v2\/pages\/1367\/revisions\/6540"}],"wp:featuredmedia":[{"embeddable":true,"href":"https:\/\/www.esteio.com.br\/es\/wp-json\/wp\/v2\/media\/5216"}],"wp:attachment":[{"href":"https:\/\/www.esteio.com.br\/es\/wp-json\/wp\/v2\/media?parent=1367"}],"curies":[{"name":"wp","href":"https:\/\/api.w.org\/{rel}","templated":true}]}}