{"id":1564,"date":"2017-04-24T14:53:02","date_gmt":"2017-04-24T14:53:02","guid":{"rendered":"http:\/\/esteio.com.br\/?page_id=1564"},"modified":"2020-08-18T19:46:38","modified_gmt":"2020-08-18T19:46:38","slug":"desenvolvimento-rural","status":"publish","type":"page","link":"https:\/\/www.esteio.com.br\/es\/atuacao\/desenvolvimento-rural\/","title":{"rendered":"Desenvolvimento Rural"},"content":{"rendered":"[IMAGEM_CAROUSEL]\n<p>O Desenvolvimento Rural \u00e9 um foco de preocupa\u00e7\u00e3o de muitos institui\u00e7\u00f5es e governos. As maiores necessidades destas institui\u00e7\u00f5es s\u00e3o estudos de invent\u00e1rio de recursos naturais (estudos de impacto ambiental, RIMAs), ordenamento do territ\u00f3rio (assentamentos rurais, demarca\u00e7\u00e3o, desapropria\u00e7\u00f5es, regulariza\u00e7\u00e3o fundi\u00e1ria), monitoramento ambiental, e outros trabalhos indispens\u00e1veis ao planejamento, acompanhamento e avalia\u00e7\u00e3o do desenvolvimento s\u00f3cio-econ\u00f4mico sustentado do espa\u00e7o rural.<\/p>\n<p>O maior desafio para os governantes \u00e9 identificar atividades econ\u00f4micas rent\u00e1veis e competitivas para aumentar a renda e gerarem empregos produtivos para a m\u00e3o-de-obra desempregada ou sub-utilizada do quadro rural.<\/p>\n<p>A necessidade de produzir mais e de realizar a moderniza\u00e7\u00e3o do setor, contudo, somente ser\u00e3o alcan\u00e7adas com a vontade dos habitantes do meio rural de se associarem \u00e0 pol\u00edtica governamental e de se encarregarem do seu pr\u00f3prio desenvolvimento.<\/p>\n<p>A experi\u00eancia hist\u00f3rica internacional mostra que a execu\u00e7\u00e3o de uma tarefa dessa necessita de investimentos em infra-estrutura b\u00e1sicas de \u00e1gua, habita\u00e7\u00e3o e servi\u00e7os sociais de sa\u00fade e educa\u00e7\u00e3o. A estrat\u00e9gia bem sucedida de desenvolvimento rural carece de organiza\u00e7\u00e3o institucional e de participa\u00e7\u00e3o da popula\u00e7\u00e3o beneficiada na discuss\u00e3o de suas pr\u00f3prias prioridades<\/p>\n<p>A Cartografia do meio Rural soma-se a estas necessidades e traz \u00e0s institui\u00e7\u00f5es o embasamento espacial para o planejamento e projeto dos v\u00e1rios empreendimentos de desenvolvimento comunit\u00e1rio e sustentabilidade ambiental.<\/p>\n<p>Assim, contribu\u00edmos com:<\/p>\n<p class=\"subtitulo\">Cadastros Multifinalit\u00e1rios para:<\/p>\n<ol class=\"breadcrumb\">\n<li class=\"active\">\n<ul>\n<li>Desapropria\u00e7\u00e3o de Faixas de Dom\u00ednio em Projetos de Engenharia;<\/li>\n<li>Regulariza\u00e7\u00e3o Fundi\u00e1ria, incluindo os aspectos f\u00edsicos, de utiliza\u00e7\u00e3o agr\u00edcola e fiscal;<\/li>\n<li>Uso de Faixas de Servid\u00e3o de Linhas de Alta Tens\u00e3o e Subesta\u00e7\u00f5es.<\/li>\n<\/ul>\n<\/li>\n<\/ol>\n<p class=\"subtitulo\">Servi\u00e7os Especiais de Infra-Estrutura de:<\/p>\n<ol class=\"breadcrumb\">\n<li class=\"active\">\n<ul>\n<li>Irriga\u00e7\u00e3o<\/li>\n<li>Assentamento e Reassentamento<\/li>\n<li>Planejamento Agro-Silvo-Pastoril<\/li>\n<li>Demarca\u00e7\u00e3o<\/li>\n<li>Desapropria\u00e7\u00e3o<\/li>\n<li>Eletrifica\u00e7\u00e3o Rural<\/li>\n<\/ul>\n<\/li>\n<\/ol>","protected":false},"excerpt":{"rendered":"<p>[IMAGEM_CAROUSEL] O Desenvolvimento Rural \u00e9 um foco de preocupa\u00e7\u00e3o de muitos institui\u00e7\u00f5es e governos. As maiores necessidades destas institui\u00e7\u00f5es s\u00e3o estudos de invent\u00e1rio de recursos naturais (estudos de impacto ambiental, &#8230;<\/p>\n","protected":false},"author":1,"featured_media":0,"parent":1292,"menu_order":0,"comment_status":"closed","ping_status":"closed","template":"","meta":{"footnotes":""},"class_list":["post-1564","page","type-page","status-publish","hentry"],"_links":{"self":[{"href":"https:\/\/www.esteio.com.br\/es\/wp-json\/wp\/v2\/pages\/1564","targetHints":{"allow":["GET"]}}],"collection":[{"href":"https:\/\/www.esteio.com.br\/es\/wp-json\/wp\/v2\/pages"}],"about":[{"href":"https:\/\/www.esteio.com.br\/es\/wp-json\/wp\/v2\/types\/page"}],"author":[{"embeddable":true,"href":"https:\/\/www.esteio.com.br\/es\/wp-json\/wp\/v2\/users\/1"}],"replies":[{"embeddable":true,"href":"https:\/\/www.esteio.com.br\/es\/wp-json\/wp\/v2\/comments?post=1564"}],"version-history":[{"count":13,"href":"https:\/\/www.esteio.com.br\/es\/wp-json\/wp\/v2\/pages\/1564\/revisions"}],"predecessor-version":[{"id":5105,"href":"https:\/\/www.esteio.com.br\/es\/wp-json\/wp\/v2\/pages\/1564\/revisions\/5105"}],"up":[{"embeddable":true,"href":"https:\/\/www.esteio.com.br\/es\/wp-json\/wp\/v2\/pages\/1292"}],"wp:attachment":[{"href":"https:\/\/www.esteio.com.br\/es\/wp-json\/wp\/v2\/media?parent=1564"}],"curies":[{"name":"wp","href":"https:\/\/api.w.org\/{rel}","templated":true}]}}