{"id":1569,"date":"2017-04-24T14:54:51","date_gmt":"2017-04-24T14:54:51","guid":{"rendered":"http:\/\/esteio.com.br\/?page_id=1569"},"modified":"2020-08-19T12:40:10","modified_gmt":"2020-08-19T12:40:10","slug":"industrias","status":"publish","type":"page","link":"https:\/\/www.esteio.com.br\/es\/atuacao\/industrias\/","title":{"rendered":"Ind\u00fastrias"},"content":{"rendered":"[wonderplugin_carousel id=&#8221;6&#8243;]\n<p>A cria\u00e7\u00e3o e\/ou revitaliza\u00e7\u00e3o de um parque industrial com uma gest\u00e3o sustent\u00e1vel dos recursos naturais n\u00e3o s\u00e3o processos incompat\u00edveis, mas sim representam uma conjuga\u00e7\u00e3o de esfor\u00e7os para dinamizar este setor.<\/p>\n<p>Para a ocorr\u00eancia do desenvolvimento sustent\u00e1vel, \u00e9 fundamental estabelecer procedimentos para a implementa\u00e7\u00e3o de uma pol\u00edtica ambiental na Ind\u00fastria que contribua, n\u00e3o s\u00f3 para a diminui\u00e7\u00e3o das incid\u00eancias negativas no ambiente, como tamb\u00e9m para a otimiza\u00e7\u00e3o de recursos da pr\u00f3pria ind\u00fastria, o fortalecimento da sua confian\u00e7a p\u00fablica e o aproveitamento de oportunidades de mercado.<\/p>\n<p>Neste contexto, como o setor industrial tem uma participa\u00e7\u00e3o importante na preven\u00e7\u00e3o dos problemas ambientais, a empresa atua fornecendo subs\u00eddio para:<\/p>\n<ol class=\"breadcrumb\">\n<li class=\"active\">\n<ul>\n<li>Estudos Ambientais e Multidisciplinares para Sele\u00e7\u00e3o de \u00c1reas Aptas \u00e0 Implanta\u00e7\u00e3o de \u00c1reas Industriais e Obras Afins.<\/li>\n<\/ul>\n<\/li>\n<\/ol>","protected":false},"excerpt":{"rendered":"<p>[wonderplugin_carousel id=&#8221;6&#8243;] A cria\u00e7\u00e3o e\/ou revitaliza\u00e7\u00e3o de um parque industrial com uma gest\u00e3o sustent\u00e1vel dos recursos naturais n\u00e3o s\u00e3o processos incompat\u00edveis, mas sim representam uma conjuga\u00e7\u00e3o de esfor\u00e7os para dinamizar &#8230;<\/p>\n","protected":false},"author":1,"featured_media":0,"parent":1292,"menu_order":0,"comment_status":"closed","ping_status":"closed","template":"","meta":{"footnotes":""},"class_list":["post-1569","page","type-page","status-publish","hentry"],"_links":{"self":[{"href":"https:\/\/www.esteio.com.br\/es\/wp-json\/wp\/v2\/pages\/1569","targetHints":{"allow":["GET"]}}],"collection":[{"href":"https:\/\/www.esteio.com.br\/es\/wp-json\/wp\/v2\/pages"}],"about":[{"href":"https:\/\/www.esteio.com.br\/es\/wp-json\/wp\/v2\/types\/page"}],"author":[{"embeddable":true,"href":"https:\/\/www.esteio.com.br\/es\/wp-json\/wp\/v2\/users\/1"}],"replies":[{"embeddable":true,"href":"https:\/\/www.esteio.com.br\/es\/wp-json\/wp\/v2\/comments?post=1569"}],"version-history":[{"count":13,"href":"https:\/\/www.esteio.com.br\/es\/wp-json\/wp\/v2\/pages\/1569\/revisions"}],"predecessor-version":[{"id":5115,"href":"https:\/\/www.esteio.com.br\/es\/wp-json\/wp\/v2\/pages\/1569\/revisions\/5115"}],"up":[{"embeddable":true,"href":"https:\/\/www.esteio.com.br\/es\/wp-json\/wp\/v2\/pages\/1292"}],"wp:attachment":[{"href":"https:\/\/www.esteio.com.br\/es\/wp-json\/wp\/v2\/media?parent=1569"}],"curies":[{"name":"wp","href":"https:\/\/api.w.org\/{rel}","templated":true}]}}