{"id":1571,"date":"2017-04-24T14:55:14","date_gmt":"2017-04-24T14:55:14","guid":{"rendered":"http:\/\/esteio.com.br\/?page_id=1571"},"modified":"2023-04-13T15:58:38","modified_gmt":"2023-04-13T15:58:38","slug":"meio-ambiente","status":"publish","type":"page","link":"https:\/\/www.esteio.com.br\/es\/atuacao\/meio-ambiente\/","title":{"rendered":"Meio Ambiente"},"content":{"rendered":"[IMAGEM_CAROUSEL]\n<p>Preserva\u00e7\u00e3o do meio ambiente vai muito al\u00e9m de um simples ato de n\u00e3o agredir o ecossistema. A Preserva\u00e7\u00e3o Ambiental engloba procedimentos de tratamento correto de rejeitos industriais, afinados com os conceitos de reciclagem e n\u00e3o incorpora\u00e7\u00e3o de res\u00edduos t\u00f3xicos na natureza, envolve investimentos financeiros adequados e acima de tudo consci\u00eancia de dirigentes governamentais e de donos de empresas.<\/p>\n<p>A responsabilidade dos dirigentes governamentais \u00e9 planejar, promover, coordenar, fiscalizar e executar as Pol\u00edticas de Meio Ambiente, concentrando-se em:<\/p>\n<ol class=\"breadcrumb\">\n<li class=\"active\">\n<ul>\n<li>Recupera\u00e7\u00e3o Ambiental com projetos de reflorestamento, saneamento e despolui\u00e7\u00e3o;<\/li>\n<li>Controle Ambiental com fiscaliza\u00e7\u00e3o de desmatamentos, extra\u00e7\u00e3o mineral, polui\u00e7\u00e3o atmosf\u00e9rica, h\u00eddrica e sonora;<\/li>\n<li>Licenciamento de projetos e atividades potencialmente poluidoras;<\/li>\n<li>Planejamento e Educa\u00e7\u00e3o Ambiental.<\/li>\n<\/ul>\n<\/li>\n<\/ol>\n<p>Esta Pol\u00edtica de Meio Ambiente s\u00f3 se mostra eficaz quando subsidiada por produtos e ferramentas precisas e seguras como fotografias, imagens de sat\u00e9lite, mapas e principalmente, o SIG. Atuando neste segmento, a ESTEIO est\u00e1 capacitada a fornecer:<\/p>\n<p class=\"subtitulo\">Cartografia Georreferenciada para Apoio em Projetos de:<\/p>\n<ol class=\"breadcrumb\">\n<li class=\"active\">\n<ul>\n<li>Controle Agro-Ambiental;<\/li>\n<li>Controle \u00e0 Desequil\u00edbrios Ambientais;<\/li>\n<li>Monitoramento e Combate \u00e0 Eros\u00e3o Urbana e Rural;<\/li>\n<li>Desmatamento.<\/li>\n<\/ul>\n<\/li>\n<\/ol>","protected":false},"excerpt":{"rendered":"<p>[IMAGEM_CAROUSEL] Preserva\u00e7\u00e3o do meio ambiente vai muito al\u00e9m de um simples ato de n\u00e3o agredir o ecossistema. A Preserva\u00e7\u00e3o Ambiental engloba procedimentos de tratamento correto de rejeitos industriais, afinados com &#8230;<\/p>\n","protected":false},"author":1,"featured_media":0,"parent":1292,"menu_order":0,"comment_status":"closed","ping_status":"closed","template":"","meta":{"footnotes":""},"class_list":["post-1571","page","type-page","status-publish","hentry"],"_links":{"self":[{"href":"https:\/\/www.esteio.com.br\/es\/wp-json\/wp\/v2\/pages\/1571","targetHints":{"allow":["GET"]}}],"collection":[{"href":"https:\/\/www.esteio.com.br\/es\/wp-json\/wp\/v2\/pages"}],"about":[{"href":"https:\/\/www.esteio.com.br\/es\/wp-json\/wp\/v2\/types\/page"}],"author":[{"embeddable":true,"href":"https:\/\/www.esteio.com.br\/es\/wp-json\/wp\/v2\/users\/1"}],"replies":[{"embeddable":true,"href":"https:\/\/www.esteio.com.br\/es\/wp-json\/wp\/v2\/comments?post=1571"}],"version-history":[{"count":10,"href":"https:\/\/www.esteio.com.br\/es\/wp-json\/wp\/v2\/pages\/1571\/revisions"}],"predecessor-version":[{"id":5116,"href":"https:\/\/www.esteio.com.br\/es\/wp-json\/wp\/v2\/pages\/1571\/revisions\/5116"}],"up":[{"embeddable":true,"href":"https:\/\/www.esteio.com.br\/es\/wp-json\/wp\/v2\/pages\/1292"}],"wp:attachment":[{"href":"https:\/\/www.esteio.com.br\/es\/wp-json\/wp\/v2\/media?parent=1571"}],"curies":[{"name":"wp","href":"https:\/\/api.w.org\/{rel}","templated":true}]}}