{"id":1573,"date":"2017-04-24T14:55:43","date_gmt":"2017-04-24T14:55:43","guid":{"rendered":"http:\/\/esteio.com.br\/?page_id=1573"},"modified":"2020-08-19T12:41:22","modified_gmt":"2020-08-19T12:41:22","slug":"projetos-engenharia","status":"publish","type":"page","link":"https:\/\/www.esteio.com.br\/es\/atuacao\/projetos-engenharia\/","title":{"rendered":"Projetos de Engenharia"},"content":{"rendered":"[IMAGEM_CAROUSEL]\n<p class=\"subtitulo\">Pol\u00edtica de Transportes<\/p>\n<p>Os planos governamentais na \u00e1rea de transportes realizados pelos diversos \u00f3rg\u00e3os rodoferrovi\u00e1rios t\u00eam apresentado resultados pouco eficientes na sua concep\u00e7\u00e3o, mesmo levando em conta uma solu\u00e7\u00e3o integrada e participa\u00e7\u00e3o de terceiros e outros n\u00edveis de governos.<\/p>\n<p>A descontinuidade provocada nos planos vi\u00e1rios e uma expectativa ca\u00f3tica para os pr\u00f3ximos anos s\u00e3o fatores agravantes desta situa\u00e7\u00e3o. Conclui-se que h\u00e1 uma real necessidade de integra\u00e7\u00e3o das pol\u00edticas de transportes com a\u00e7\u00f5es e projetos de autoridades estaduais ou federais para a manuten\u00e7\u00e3o e fortalecimento da malha vi\u00e1ria nacional.<\/p>\n<p>\u00c9 fundamental a concep\u00e7\u00e3o de uma Pol\u00edtica de Transportes que leve em conta as diretrizes de uso e ocupa\u00e7\u00e3o urbana e suas fun\u00e7\u00f5es e \u00e1reas de atua\u00e7\u00e3o. Ap\u00f3s este planejamento, o pr\u00f3ximo passo \u00e9 criar mecanismos institucionais que baseiem a sua implanta\u00e7\u00e3o e gest\u00e3o.<\/p>\n<p>Mesmo sendo de complexa solu\u00e7\u00e3o, uma Pol\u00edtica transportes, traz indiscut\u00edveis vantagens tanto para os usu\u00e1rios como para os sistemas, melhorias na qualidade de vida das cidades no que diz respeito \u00e0 acessibilidade e meio ambiente e otimiza os investimentos j\u00e1 realizados e os que est\u00e3o por vir.<\/p>\n<p class=\"subtitulo\">A Atua\u00e7\u00e3o da Empresa<\/p>\n<p>Com firmeza nesta maneira de pensar, a ESTEIO ciente de como a Engenharia Vi\u00e1ria tem import\u00e2ncia fundamental no desenvolvimento do pa\u00eds, atua fornecendo subs\u00eddio para Projetos Vi\u00e1rios (Rodovias, Ferrovias e Aeroportos) e estudos de tr\u00e1fego ou de viabilidade t\u00e9cnico-econ\u00f4mica.<\/p>\n<p>Al\u00e9m destes, Projetos Ambientais adequados \u00e0s necessidades de cada regi\u00e3o faz parte do conjunto de atividades da \u00e1rea de Engenharia da empresa. A ESTEIO realiza Relat\u00f3rios de Impacto no Meio Ambiente -RIMA e Estudos de Impacto Ambiental -EIA como exig\u00eancias legais na implanta\u00e7\u00e3o de determinados projetos.<\/p>\n<p>O EIA visa a previs\u00e3o de como o meio s\u00f3cio-econ\u00f4mico-ambiental ficar\u00e1 afetado positiva ou negativamente pela implanta\u00e7\u00e3o do empreendimento a que se refere o projeto. \u00c9 um estudo multidisciplinar que envolve uma grande gama de profissionais das mais diversas especialidades, pertencentes \u00e0 empresa especialmente contratada pelo empreendedor para essa finalidade. O RIMA \u00e9 realizado ap\u00f3s o EIA e nada mais \u00e9 que um resumo do EIA em linguagem acess\u00edvel ao p\u00fablico, dispensando termos t\u00e9cnicos complexos.<\/p>\n<p>Como supervisora, a ESTEIO desenvolve as suas atividades ressaltando a qualidade dos servi\u00e7os em execu\u00e7\u00e3o com a obedi\u00eancia \u00e0s normas de Engenharia, aos dispositivos contratuais, aos pre\u00e7os e prazos contratados e adequando os projetos \u00e0 realidade de campo.<\/p>\n<p>A estrutura t\u00e9cnico-administrativa da ESTEIO est\u00e1 voltada a fornecer todo o apoio ao pessoal da equipe de Gerenciamento que atua em campo, desenvolvendo as opera\u00e7\u00f5es de Supervis\u00e3o, Fiscaliza\u00e7\u00e3o, Acompanhamento Tecnol\u00f3gico e Geom\u00e9trico da execu\u00e7\u00e3o das Obras.","protected":false},"excerpt":{"rendered":"<p>[IMAGEM_CAROUSEL] Pol\u00edtica de Transportes Os planos governamentais na \u00e1rea de transportes realizados pelos diversos \u00f3rg\u00e3os rodoferrovi\u00e1rios t\u00eam apresentado resultados pouco eficientes na sua concep\u00e7\u00e3o, mesmo levando em conta uma solu\u00e7\u00e3o &#8230;<\/p>\n","protected":false},"author":1,"featured_media":0,"parent":1292,"menu_order":0,"comment_status":"closed","ping_status":"closed","template":"","meta":{"footnotes":""},"class_list":["post-1573","page","type-page","status-publish","hentry"],"_links":{"self":[{"href":"https:\/\/www.esteio.com.br\/es\/wp-json\/wp\/v2\/pages\/1573","targetHints":{"allow":["GET"]}}],"collection":[{"href":"https:\/\/www.esteio.com.br\/es\/wp-json\/wp\/v2\/pages"}],"about":[{"href":"https:\/\/www.esteio.com.br\/es\/wp-json\/wp\/v2\/types\/page"}],"author":[{"embeddable":true,"href":"https:\/\/www.esteio.com.br\/es\/wp-json\/wp\/v2\/users\/1"}],"replies":[{"embeddable":true,"href":"https:\/\/www.esteio.com.br\/es\/wp-json\/wp\/v2\/comments?post=1573"}],"version-history":[{"count":13,"href":"https:\/\/www.esteio.com.br\/es\/wp-json\/wp\/v2\/pages\/1573\/revisions"}],"predecessor-version":[{"id":5117,"href":"https:\/\/www.esteio.com.br\/es\/wp-json\/wp\/v2\/pages\/1573\/revisions\/5117"}],"up":[{"embeddable":true,"href":"https:\/\/www.esteio.com.br\/es\/wp-json\/wp\/v2\/pages\/1292"}],"wp:attachment":[{"href":"https:\/\/www.esteio.com.br\/es\/wp-json\/wp\/v2\/media?parent=1573"}],"curies":[{"name":"wp","href":"https:\/\/api.w.org\/{rel}","templated":true}]}}