{"id":1575,"date":"2017-04-24T14:56:14","date_gmt":"2017-04-24T14:56:14","guid":{"rendered":"http:\/\/esteio.com.br\/?page_id=1575"},"modified":"2020-08-19T12:42:25","modified_gmt":"2020-08-19T12:42:25","slug":"recursos-energeticos","status":"publish","type":"page","link":"https:\/\/www.esteio.com.br\/es\/atuacao\/recursos-energeticos\/","title":{"rendered":"Recursos Energ\u00e9ticos"},"content":{"rendered":"[IMAGEM_CAROUSEL]\n<p>Especialistas de todos os pa\u00edses analisam o desenvolvimento dos recursos energ\u00e9ticos e a sua utiliza\u00e7\u00e3o racional.<\/p>\n<p>O interesse e as preocupa\u00e7\u00f5es tem sido focalizadas de forma alternada na energia hidr\u00e1ulica, energia nuclear, carv\u00e3o, petr\u00f3leo ou no g\u00e1s natural, em fun\u00e7\u00e3o das disponibilidades, da seguran\u00e7a geo-pol\u00edtica e do desenvolvimento tecnol\u00f3gico assim como das preocupa\u00e7\u00f5es ambientais, associadas \u00e0s suas utiliza\u00e7\u00f5es.<\/p>\n<p>As decis\u00f5es pertinentes ao assunto s\u00e3o tratadas por meio de Auditorias Energ\u00e9ticas que tem como objetivo conhecer as condi\u00e7\u00f5es de utiliza\u00e7\u00e3o da energia, propor medidas com vista a melhorar e racionalizar o uso da energia e ainda analisar a viabilidade das mesmas.<\/p>\n<p>Estas Auditorias refletem a preocupa\u00e7\u00e3o e o empenho de utiliza\u00e7\u00e3o de um sistema energ\u00e9tico cada vez mais racional, do ponto de vista econ\u00f4mico e com menores impactos ambientais negativos. Auditorias como esta, juntamente com Estudos de Viabilidade e outras atividades do g\u00eanero somente se concretizam com o apoio t\u00e9cnico fornecido pela Cartografia e pelo SIG.<\/p>\n<p class=\"subtitulo\">Portanto, as principais \u00e1reas de atua\u00e7\u00e3o da empresa neste contexto s\u00e3o:<\/p>\n<ol class=\"breadcrumb\">\n<li class=\"active\">\n<ul>\n<li>Planejamento de utiliza\u00e7\u00e3o de recursos hidr\u00e1ulicos para Barragens e Usinas Hidrel\u00e9tricas;<\/li>\n<li>Estudos para Implanta\u00e7\u00e3o de Polidutos;<\/li>\n<li>Estudos para Implanta\u00e7\u00e3o de Linhas de Transmiss\u00e3o e Redes Distribui\u00e7\u00e3o de Energia El\u00e9trica;<\/li>\n<li>Estudos de Conserva\u00e7\u00e3o de Energia;<\/li>\n<li>Estudos de Saneamento: \u00c1guas e Esgotos;<\/li>\n<li>Estudos de Canais e Sistemas de Distribui\u00e7\u00e3o de \u00e1gua.<\/li>\n<\/ul>\n<\/li>\n<\/ol>","protected":false},"excerpt":{"rendered":"<p>[IMAGEM_CAROUSEL] Especialistas de todos os pa\u00edses analisam o desenvolvimento dos recursos energ\u00e9ticos e a sua utiliza\u00e7\u00e3o racional. O interesse e as preocupa\u00e7\u00f5es tem sido focalizadas de forma alternada na energia &#8230;<\/p>\n","protected":false},"author":1,"featured_media":0,"parent":1292,"menu_order":0,"comment_status":"closed","ping_status":"closed","template":"","meta":{"footnotes":""},"class_list":["post-1575","page","type-page","status-publish","hentry"],"_links":{"self":[{"href":"https:\/\/www.esteio.com.br\/es\/wp-json\/wp\/v2\/pages\/1575","targetHints":{"allow":["GET"]}}],"collection":[{"href":"https:\/\/www.esteio.com.br\/es\/wp-json\/wp\/v2\/pages"}],"about":[{"href":"https:\/\/www.esteio.com.br\/es\/wp-json\/wp\/v2\/types\/page"}],"author":[{"embeddable":true,"href":"https:\/\/www.esteio.com.br\/es\/wp-json\/wp\/v2\/users\/1"}],"replies":[{"embeddable":true,"href":"https:\/\/www.esteio.com.br\/es\/wp-json\/wp\/v2\/comments?post=1575"}],"version-history":[{"count":9,"href":"https:\/\/www.esteio.com.br\/es\/wp-json\/wp\/v2\/pages\/1575\/revisions"}],"predecessor-version":[{"id":5119,"href":"https:\/\/www.esteio.com.br\/es\/wp-json\/wp\/v2\/pages\/1575\/revisions\/5119"}],"up":[{"embeddable":true,"href":"https:\/\/www.esteio.com.br\/es\/wp-json\/wp\/v2\/pages\/1292"}],"wp:attachment":[{"href":"https:\/\/www.esteio.com.br\/es\/wp-json\/wp\/v2\/media?parent=1575"}],"curies":[{"name":"wp","href":"https:\/\/api.w.org\/{rel}","templated":true}]}}