{"id":1579,"date":"2017-04-24T18:02:38","date_gmt":"2017-04-24T18:02:38","guid":{"rendered":"http:\/\/esteio.com.br\/?page_id=1579"},"modified":"2026-02-25T19:48:22","modified_gmt":"2026-02-25T19:48:22","slug":"download","status":"publish","type":"page","link":"https:\/\/www.esteio.com.br\/es\/download\/","title":{"rendered":"Downloads"},"content":{"rendered":"<a href=\"http:\/\/esteio.com.br\/downloads\/trabalhos-e-artigos\/\"><strong>Trabalhos e Artigos<\/strong><\/a><\/p>\n<p>Os profissionais da \u00e1rea de Cartografia &amp; SIG sempre utilizam os ve\u00edculos mais adequados para a divulga\u00e7\u00e3o de sua produ\u00e7\u00e3o cient\u00edfica. Os Artigos de Peri\u00f3dicos destacam-se como os mais utilizados, seguido de Trabalhos em Congressos e similares.<\/p>\n<p>Por\u00e9m, esta divulga\u00e7\u00e3o fica restrita a poucas pessoas, geralmente \u00e0quelas que participam dos eventos. Com a disponibilidade de Trabalhos e Artigos para Download e Consulta, a ESTEIO criou um caminho para divulga\u00e7\u00e3o dos mesmos para um p\u00fablico afim fornecendo subs\u00eddios para a prolifera\u00e7\u00e3o do conhecimento e tomada de decis\u00e3o pelas institui\u00e7\u00f5es e \u00f3rg\u00e3os ligados \u00e0 Cartografia &amp; SIG, no planejamento de a\u00e7\u00f5es e rumos do Mapeamento no Brasil.<\/p>\n<p>Os Trabalhos e Artigos disponibilizados receberam permiss\u00e3o do Autor para tal ou representam informa\u00e7\u00f5es j\u00e1 disponibilizadas em outros sites, sendo este um outro caminho para Download.<\/p>\n<p>Os Trabalhos e Artigos disponibilizados no site da ESTEIO, est\u00e3o regidos pela lei de Direitos Autorais. Caso haja interesse em replicar ou divulgar algum Artigo ou Trabalho aqui disponibilizado, entre em contato conosco pelo e-mail: <a href=\"mailto:ti@esteio.com.br\">ti@esteio.com.br<\/a><\/p>\n<p><a href=\"http:\/\/esteio.com.br\/downloads\/produtos-academicos\/\"><strong>Disponibiliza\u00e7\u00e3o de Produtos Finais Brutos para Uso Acad\u00eamico<\/strong><\/a><\/p>\n<p>Como contribui\u00e7\u00e3o para a pesquisa e forma\u00e7\u00e3o acad\u00eamica, a ESTEIO disponibiliza para download conjuntos de dados de alguns de seus produtos especializados.<\/p>\n<p>Para ter acesso a estes dados, solicitamos a leitura atenta das especifica\u00e7\u00f5es de cada produto dispon\u00edvel e a formaliza\u00e7\u00e3o da solicita\u00e7\u00e3o com preenchimento do formul\u00e1rio (todos os campos s\u00e3o obrigat\u00f3rios), determinando o material de interesse.<\/p>\n<p><a href=\"http:\/\/esteio.com.br\/downloads\/legislacao-e-normas-cartograficas\/\"><strong>Legisla\u00e7\u00e3o e Normas Cartogr\u00e1ficas<\/strong><\/a><\/p>\n<p>Nesta se\u00e7\u00e3o encontra-se tamb\u00e9m para download as Legisla\u00e7\u00f5es e Normas Cartogr\u00e1ficas relativos \u00e0 \u00e1rea da Cartografia.<\/p>\n<p>&nbsp;","protected":false},"excerpt":{"rendered":"<p>Trabalhos e Artigos Os profissionais da \u00e1rea de Cartografia &amp; SIG sempre utilizam os ve\u00edculos mais adequados para a divulga\u00e7\u00e3o de sua produ\u00e7\u00e3o cient\u00edfica. Os Artigos de Peri\u00f3dicos destacam-se como &#8230;<\/p>\n","protected":false},"author":1,"featured_media":0,"parent":0,"menu_order":0,"comment_status":"closed","ping_status":"closed","template":"","meta":{"footnotes":""},"class_list":["post-1579","page","type-page","status-publish","hentry"],"_links":{"self":[{"href":"https:\/\/www.esteio.com.br\/es\/wp-json\/wp\/v2\/pages\/1579","targetHints":{"allow":["GET"]}}],"collection":[{"href":"https:\/\/www.esteio.com.br\/es\/wp-json\/wp\/v2\/pages"}],"about":[{"href":"https:\/\/www.esteio.com.br\/es\/wp-json\/wp\/v2\/types\/page"}],"author":[{"embeddable":true,"href":"https:\/\/www.esteio.com.br\/es\/wp-json\/wp\/v2\/users\/1"}],"replies":[{"embeddable":true,"href":"https:\/\/www.esteio.com.br\/es\/wp-json\/wp\/v2\/comments?post=1579"}],"version-history":[{"count":45,"href":"https:\/\/www.esteio.com.br\/es\/wp-json\/wp\/v2\/pages\/1579\/revisions"}],"predecessor-version":[{"id":7353,"href":"https:\/\/www.esteio.com.br\/es\/wp-json\/wp\/v2\/pages\/1579\/revisions\/7353"}],"wp:attachment":[{"href":"https:\/\/www.esteio.com.br\/es\/wp-json\/wp\/v2\/media?parent=1579"}],"curies":[{"name":"wp","href":"https:\/\/api.w.org\/{rel}","templated":true}]}}