{"id":1615,"date":"2017-04-26T15:02:36","date_gmt":"2017-04-26T15:02:36","guid":{"rendered":"http:\/\/esteio.com.br\/?page_id=1615"},"modified":"2022-01-06T13:45:30","modified_gmt":"2022-01-06T13:45:30","slug":"2016-2","status":"publish","type":"page","link":"https:\/\/www.esteio.com.br\/es\/download\/trabalhos-e-artigos\/2016-2\/","title":{"rendered":"Arquivos 2016"},"content":{"rendered":"<ul>\n<li><strong>Imagens Obl\u00edquas<\/strong><\/li>\n<\/ul>\n<p>Conhe\u00e7a detalhes da c\u00e2mara HxGN Leica RCD30 penta no artigo do Eng. Valther Xavier Aguiar da ESTEIO.<\/p>\n<p><a href=\"http:\/\/esteio.com.br\/downloads\/2016\/ImagensObliquasValtherAguiar.pdf\" target=\"_blank\" rel=\"noopener noreferrer\"> Download &#8211; Arquivo PDF &#8211; 648 KB<\/a><\/p>\n<p>&nbsp;<\/p>\n<ul>\n<li><strong>Aprecie as excelentes imagens da cidade de Curitiba captadas com a nov\u00edssima c\u00e2mara HxGN Leica RCD30 penta<\/strong><\/li>\n<\/ul>\n<p>Para conhecer mais detalhes desta tecnologia n\u00e3o deixe de ler o artigo &#8220;Imagens Obl\u00edquas&#8221; do Eng. Valther Xavier Aguiar, Diretor T\u00e9cnico da ESTEIO S.A.<\/p>\n<p>Voc\u00ea tamb\u00e9m est\u00e1 convidado para conhecer estas imagens em sua m\u00e1xima resolu\u00e7\u00e3o aqui na ESTEIO e apreciar a riqueza de detalhes que estas imagens proporcionam.<\/p>\n<p>Clique <a href=\"https:\/\/youtu.be\/mMGWqrdbNsI\" target=\"_blank\" rel=\"noopener noreferrer\">aqui<\/a> para visualizar as imagens no YouTube.","protected":false},"excerpt":{"rendered":"<p>Imagens Obl\u00edquas Conhe\u00e7a detalhes da c\u00e2mara HxGN Leica RCD30 penta no artigo do Eng. Valther Xavier Aguiar da ESTEIO. Download &#8211; Arquivo PDF &#8211; 648 KB &nbsp; Aprecie as excelentes &#8230;<\/p>\n","protected":false},"author":1,"featured_media":0,"parent":1603,"menu_order":0,"comment_status":"closed","ping_status":"closed","template":"template-left-sidebar.php","meta":{"footnotes":""},"class_list":["post-1615","page","type-page","status-publish","hentry"],"_links":{"self":[{"href":"https:\/\/www.esteio.com.br\/es\/wp-json\/wp\/v2\/pages\/1615","targetHints":{"allow":["GET"]}}],"collection":[{"href":"https:\/\/www.esteio.com.br\/es\/wp-json\/wp\/v2\/pages"}],"about":[{"href":"https:\/\/www.esteio.com.br\/es\/wp-json\/wp\/v2\/types\/page"}],"author":[{"embeddable":true,"href":"https:\/\/www.esteio.com.br\/es\/wp-json\/wp\/v2\/users\/1"}],"replies":[{"embeddable":true,"href":"https:\/\/www.esteio.com.br\/es\/wp-json\/wp\/v2\/comments?post=1615"}],"version-history":[{"count":6,"href":"https:\/\/www.esteio.com.br\/es\/wp-json\/wp\/v2\/pages\/1615\/revisions"}],"predecessor-version":[{"id":5905,"href":"https:\/\/www.esteio.com.br\/es\/wp-json\/wp\/v2\/pages\/1615\/revisions\/5905"}],"up":[{"embeddable":true,"href":"https:\/\/www.esteio.com.br\/es\/wp-json\/wp\/v2\/pages\/1603"}],"wp:attachment":[{"href":"https:\/\/www.esteio.com.br\/es\/wp-json\/wp\/v2\/media?parent=1615"}],"curies":[{"name":"wp","href":"https:\/\/api.w.org\/{rel}","templated":true}]}}