{"id":1623,"date":"2017-04-26T16:23:47","date_gmt":"2017-04-26T16:23:47","guid":{"rendered":"http:\/\/esteio.com.br\/?page_id=1623"},"modified":"2022-05-26T12:44:18","modified_gmt":"2022-05-26T12:44:18","slug":"2014-2","status":"publish","type":"page","link":"https:\/\/www.esteio.com.br\/es\/download\/trabalhos-e-artigos\/2014-2\/","title":{"rendered":"Arquivos 2014"},"content":{"rendered":"<ul>\n<li><strong>VANT, uma amea\u00e7a \u00e0 Fotogrametria?<\/strong><\/li>\n<\/ul>\n<p>Por Valther Xavier Aguiar<\/p>\n<p><a href=\"http:\/\/esteio.com.br\/downloads\/2014\/VANTeFotogrametria.pdf\" target=\"_blank\" rel=\"noopener noreferrer\">Download &#8211; Arquivo PDF &#8211; 740 KB<\/a><\/p>\n<p>&nbsp;<\/p>\n<ul>\n<li><strong>Georreferenciamento de Im\u00f3veis Rurais<\/strong><\/li>\n<\/ul>\n<p>Por Wanderley Kampa Ribas<\/p>\n<p><a href=\"http:\/\/esteio.com.br\/downloads\/2014\/GeorreferenciamentoImoveisRurais.pdf\" target=\"_blank\" rel=\"noopener noreferrer\">Download &#8211; Arquivo PDF &#8211; 631 KB<\/a><\/p>\n<p>&nbsp;<\/p>\n<ul>\n<li><strong>Comportamento Infravermelho no Ambiente Urbano<\/strong><\/li>\n<\/ul>\n<p>Elaborado pela Equipe de Profissionais da ESTEIO<\/p>\n<p><a href=\"http:\/\/esteio.com.br\/downloads\/2014\/ComportamentoIRAmbienteUrbano.pdf\" target=\"_blank\" rel=\"noopener noreferrer\">Download &#8211; Arquivo PDF &#8211; 1.756 KB<\/a>","protected":false},"excerpt":{"rendered":"<p>VANT, uma amea\u00e7a \u00e0 Fotogrametria? Por Valther Xavier Aguiar Download &#8211; Arquivo PDF &#8211; 740 KB &nbsp; Georreferenciamento de Im\u00f3veis Rurais Por Wanderley Kampa Ribas Download &#8211; Arquivo PDF &#8211; &#8230;<\/p>\n","protected":false},"author":1,"featured_media":0,"parent":1603,"menu_order":0,"comment_status":"closed","ping_status":"closed","template":"template-left-sidebar.php","meta":{"footnotes":""},"class_list":["post-1623","page","type-page","status-publish","hentry"],"_links":{"self":[{"href":"https:\/\/www.esteio.com.br\/es\/wp-json\/wp\/v2\/pages\/1623","targetHints":{"allow":["GET"]}}],"collection":[{"href":"https:\/\/www.esteio.com.br\/es\/wp-json\/wp\/v2\/pages"}],"about":[{"href":"https:\/\/www.esteio.com.br\/es\/wp-json\/wp\/v2\/types\/page"}],"author":[{"embeddable":true,"href":"https:\/\/www.esteio.com.br\/es\/wp-json\/wp\/v2\/users\/1"}],"replies":[{"embeddable":true,"href":"https:\/\/www.esteio.com.br\/es\/wp-json\/wp\/v2\/comments?post=1623"}],"version-history":[{"count":8,"href":"https:\/\/www.esteio.com.br\/es\/wp-json\/wp\/v2\/pages\/1623\/revisions"}],"predecessor-version":[{"id":5994,"href":"https:\/\/www.esteio.com.br\/es\/wp-json\/wp\/v2\/pages\/1623\/revisions\/5994"}],"up":[{"embeddable":true,"href":"https:\/\/www.esteio.com.br\/es\/wp-json\/wp\/v2\/pages\/1603"}],"wp:attachment":[{"href":"https:\/\/www.esteio.com.br\/es\/wp-json\/wp\/v2\/media?parent=1623"}],"curies":[{"name":"wp","href":"https:\/\/api.w.org\/{rel}","templated":true}]}}