{"id":1625,"date":"2017-04-26T16:24:27","date_gmt":"2017-04-26T16:24:27","guid":{"rendered":"http:\/\/esteio.com.br\/?page_id=1625"},"modified":"2022-05-26T12:43:37","modified_gmt":"2022-05-26T12:43:37","slug":"2013-2","status":"publish","type":"page","link":"https:\/\/www.esteio.com.br\/es\/download\/trabalhos-e-artigos\/2013-2\/","title":{"rendered":"Arquivos 2013"},"content":{"rendered":"<ul>\n<li><strong>Os VANT agora designados RPAS, e sua Regulamenta\u00e7\u00e3o no Brasil<\/strong><\/li>\n<\/ul>\n<p>Por Jos\u00e9 Alexandre Ferreira da Silva<\/p>\n<p><a href=\"http:\/\/esteio.com.br\/downloads\/2013\/VANTRegulamentacaoBrasil.pdf\" target=\"_blank\" rel=\"noopener noreferrer\">Download &#8211; Arquivo PDF &#8211; 392 KB<\/a><\/p>\n<p>&nbsp;<\/p>\n<ul>\n<li><strong>Preg\u00e3o: Uma Amea\u00e7a \u00e0 Engenharia!<\/strong><\/li>\n<\/ul>\n<p>Por Valther Xavier Aguiar<\/p>\n<p><a href=\"http:\/\/esteio.com.br\/downloads\/2013\/PregaoVXA.pdf\" target=\"_blank\" rel=\"noopener noreferrer\">Download &#8211; Arquivo PDF &#8211; 301 KB<\/a>","protected":false},"excerpt":{"rendered":"<p>Os VANT agora designados RPAS, e sua Regulamenta\u00e7\u00e3o no Brasil Por Jos\u00e9 Alexandre Ferreira da Silva Download &#8211; Arquivo PDF &#8211; 392 KB &nbsp; Preg\u00e3o: Uma Amea\u00e7a \u00e0 Engenharia! Por &#8230;<\/p>\n","protected":false},"author":1,"featured_media":0,"parent":1603,"menu_order":0,"comment_status":"closed","ping_status":"closed","template":"template-left-sidebar.php","meta":{"footnotes":""},"class_list":["post-1625","page","type-page","status-publish","hentry"],"_links":{"self":[{"href":"https:\/\/www.esteio.com.br\/es\/wp-json\/wp\/v2\/pages\/1625","targetHints":{"allow":["GET"]}}],"collection":[{"href":"https:\/\/www.esteio.com.br\/es\/wp-json\/wp\/v2\/pages"}],"about":[{"href":"https:\/\/www.esteio.com.br\/es\/wp-json\/wp\/v2\/types\/page"}],"author":[{"embeddable":true,"href":"https:\/\/www.esteio.com.br\/es\/wp-json\/wp\/v2\/users\/1"}],"replies":[{"embeddable":true,"href":"https:\/\/www.esteio.com.br\/es\/wp-json\/wp\/v2\/comments?post=1625"}],"version-history":[{"count":5,"href":"https:\/\/www.esteio.com.br\/es\/wp-json\/wp\/v2\/pages\/1625\/revisions"}],"predecessor-version":[{"id":5993,"href":"https:\/\/www.esteio.com.br\/es\/wp-json\/wp\/v2\/pages\/1625\/revisions\/5993"}],"up":[{"embeddable":true,"href":"https:\/\/www.esteio.com.br\/es\/wp-json\/wp\/v2\/pages\/1603"}],"wp:attachment":[{"href":"https:\/\/www.esteio.com.br\/es\/wp-json\/wp\/v2\/media?parent=1625"}],"curies":[{"name":"wp","href":"https:\/\/api.w.org\/{rel}","templated":true}]}}