{"id":1629,"date":"2017-04-26T16:26:18","date_gmt":"2017-04-26T16:26:18","guid":{"rendered":"http:\/\/esteio.com.br\/?page_id=1629"},"modified":"2022-05-26T12:42:23","modified_gmt":"2022-05-26T12:42:23","slug":"2012-2","status":"publish","type":"page","link":"https:\/\/www.esteio.com.br\/es\/download\/trabalhos-e-artigos\/2012-2\/","title":{"rendered":"Arquivos 2012"},"content":{"rendered":"<ul>\n<li><strong>Laser na Identifica\u00e7\u00e3o de Ravinas<\/strong><\/li>\n<\/ul>\n<p>Por Denise Rodbard Falat<\/p>\n<p><a href=\"http:\/\/esteio.com.br\/downloads\/2012\/LASERRavinas.pdf\" target=\"_blank\" rel=\"noopener noreferrer\">Download &#8211; Arquivo PDF &#8211; 1.87 MB<\/a><\/p>\n<p>&nbsp;<\/p>\n<ul>\n<li><strong>Monografia: Aplica\u00e7\u00e3o do Sistema de Informa\u00e7\u00f5es Geogr\u00e1ficas em Projeto de Dutos<\/strong><\/li>\n<\/ul>\n<p>Por Marcos de Castro Leal<\/p>\n<p><a href=\"http:\/\/esteio.com.br\/downloads\/2012\/SIG_Dutos.pdf\" target=\"_blank\" rel=\"noopener noreferrer\">Download &#8211; Arquivo PDF &#8211; 6.86 MB<\/a><\/p>\n<p>&nbsp;<\/p>\n<ul>\n<li><strong>Reflex\u00f5es sobre o nosso Mercado<\/strong><\/li>\n<\/ul>\n<p>Por Valther Xavier Aguiar<\/p>\n<p><a href=\"http:\/\/esteio.com.br\/downloads\/2012\/MercadoAerolevantamento.pdf\" target=\"_blank\" rel=\"noopener noreferrer\">Download &#8211; Arquivo PDF &#8211; 490 KB<\/a><\/p>\n<p>&nbsp;<\/p>\n<ul>\n<li><strong>Panorama atual e Tend\u00eancias em Ve\u00edculos A\u00e9reos, Sensores e Sistemas de Processamento de Imagens<\/strong><\/li>\n<\/ul>\n<p>Por Amauri Alfredo Brandalize<\/p>\n<p><a href=\"http:\/\/esteio.com.br\/downloads\/2012\/2012-MundoGeo-ConnectLA-SENSORES-AAB.pdf\" target=\"_blank\" rel=\"noopener noreferrer\">Download &#8211; Arquivo PDF &#8211; 4.44 MB<\/a><\/p>\n<p>&nbsp;<\/p>\n<ul>\n<li><strong>Potencialidade do Aerolevantamento no Meio Urbano<\/strong><\/li>\n<\/ul>\n<p>Por Valther Xavier Aguiar<\/p>\n<p><a href=\"http:\/\/esteio.com.br\/downloads\/2012\/ABRASF2012.pdf\" target=\"_blank\" rel=\"noopener noreferrer\">Download &#8211; Arquivo PDF &#8211; 12.3 MB<\/a><\/p>\n<p>&nbsp;<\/p>\n<ul>\n<li><strong>Como a Cartografia pode Auxiliar na Acessibilidade e Mobilidade<\/strong><\/li>\n<\/ul>\n<p>Por Eliana F. Cascaes Correia<\/p>\n<p><a href=\"http:\/\/esteio.com.br\/downloads\/2012\/CartografiaAcessibilidade.pdf\" target=\"_blank\" rel=\"noopener noreferrer\">Download &#8211; Arquivo PDF &#8211; 250 KB<\/a>","protected":false},"excerpt":{"rendered":"<p>Laser na Identifica\u00e7\u00e3o de Ravinas Por Denise Rodbard Falat Download &#8211; Arquivo PDF &#8211; 1.87 MB &nbsp; Monografia: Aplica\u00e7\u00e3o do Sistema de Informa\u00e7\u00f5es Geogr\u00e1ficas em Projeto de Dutos Por Marcos &#8230;<\/p>\n","protected":false},"author":1,"featured_media":0,"parent":1603,"menu_order":0,"comment_status":"closed","ping_status":"closed","template":"template-left-sidebar.php","meta":{"footnotes":""},"class_list":["post-1629","page","type-page","status-publish","hentry"],"_links":{"self":[{"href":"https:\/\/www.esteio.com.br\/es\/wp-json\/wp\/v2\/pages\/1629","targetHints":{"allow":["GET"]}}],"collection":[{"href":"https:\/\/www.esteio.com.br\/es\/wp-json\/wp\/v2\/pages"}],"about":[{"href":"https:\/\/www.esteio.com.br\/es\/wp-json\/wp\/v2\/types\/page"}],"author":[{"embeddable":true,"href":"https:\/\/www.esteio.com.br\/es\/wp-json\/wp\/v2\/users\/1"}],"replies":[{"embeddable":true,"href":"https:\/\/www.esteio.com.br\/es\/wp-json\/wp\/v2\/comments?post=1629"}],"version-history":[{"count":5,"href":"https:\/\/www.esteio.com.br\/es\/wp-json\/wp\/v2\/pages\/1629\/revisions"}],"predecessor-version":[{"id":5992,"href":"https:\/\/www.esteio.com.br\/es\/wp-json\/wp\/v2\/pages\/1629\/revisions\/5992"}],"up":[{"embeddable":true,"href":"https:\/\/www.esteio.com.br\/es\/wp-json\/wp\/v2\/pages\/1603"}],"wp:attachment":[{"href":"https:\/\/www.esteio.com.br\/es\/wp-json\/wp\/v2\/media?parent=1629"}],"curies":[{"name":"wp","href":"https:\/\/api.w.org\/{rel}","templated":true}]}}