{"id":1633,"date":"2017-04-26T16:28:49","date_gmt":"2017-04-26T16:28:49","guid":{"rendered":"http:\/\/esteio.com.br\/?page_id=1633"},"modified":"2022-01-06T13:25:08","modified_gmt":"2022-01-06T13:25:08","slug":"2011-2","status":"publish","type":"page","link":"https:\/\/www.esteio.com.br\/es\/download\/trabalhos-e-artigos\/2011-2\/","title":{"rendered":"Arquivos 2011"},"content":{"rendered":"<ul>\n<li><strong>Pontos Laser e o Desenvolvimento de Rotinas<\/strong><\/li>\n<\/ul>\n<p>Por Eliana Ferreira Cascaes Correia<\/p>\n<p><a href=\"http:\/\/esteio.com.br\/downloads\/2011\/PontosLaser.pdf\" target=\"_blank\" rel=\"noopener noreferrer\">Download &#8211; Arquivo PDF &#8211; 314 KB<\/a><\/p>\n<p>&nbsp;<\/p>\n<ul>\n<li><strong>Abordagens Conceituais sobre Produtos Cartogr\u00e1ficos e a Rela\u00e7\u00e3o de Precis\u00e3o X Aplica\u00e7\u00e3o.<\/strong><\/li>\n<\/ul>\n<p>Por M\u00e1rcio Miguel Tavares<\/p>\n<p><a href=\"http:\/\/esteio.com.br\/downloads\/2011\/ProdutosCartograficos.pdf\" target=\"_blank\" rel=\"noopener noreferrer\">Download &#8211; Arquivo PDF &#8211; 431 KB<\/a><\/p>\n<p>&nbsp;<\/p>\n<ul>\n<li><strong>Gera\u00e7\u00e3o de Modelos Altim\u00e9tricos atrav\u00e9s do M\u00e9todo SGM<\/strong><\/li>\n<\/ul>\n<p>Por Angela Kugler<\/p>\n<p><a href=\"http:\/\/esteio.com.br\/downloads\/2011\/ModelosAltimetricos.pdf\" target=\"_blank\" rel=\"noopener noreferrer\">Download &#8211; Arquivo PDF &#8211; 613 KB<\/a><\/p>\n<p>&nbsp;<\/p>\n<ul>\n<li><strong>As Trag\u00e9dias Naturais e suas Poss\u00edveis Consequ\u00eancias no Registro Imobili\u00e1rio e no Cadastro F\u00edsico.<\/strong><\/li>\n<\/ul>\n<p>Por Jos\u00e9 Alexandre Ferreira da Silva<\/p>\n<p><a href=\"http:\/\/esteio.com.br\/downloads\/2011\/TragediasNaturais.pdf\" target=\"_blank\" rel=\"noopener noreferrer\">Download &#8211; Arquivo PDF &#8211; 424 KB<\/a><\/p>\n<p>&nbsp;<\/p>\n<ul>\n<li><strong>Fotogrametria Realidade Atual e Perspectivas Futuras<\/strong><\/li>\n<\/ul>\n<p>Por Valther Xavier Aguiar<\/p>\n<p><a href=\"http:\/\/esteio.com.br\/downloads\/2011\/Fotogrametria_Realidade_Atual_e_Perspectivas_Futuras.pdf\" target=\"_blank\" rel=\"noopener noreferrer\">Download &#8211; Arquivo PDF &#8211; 4.925 KB<\/a><\/p>\n<p>&nbsp;<\/p>\n<ul>\n<li><strong>Pipeline Right-of-Way Interference Map: A Management Tool<\/strong><\/li>\n<\/ul>\n<p>Por Ana Cec\u00edlia Soares, Denise Rodbard Falat, Humberto Gabardo e Marcos de Castro Leal<\/p>\n<p><a href=\"http:\/\/esteio.com.br\/downloads\/2011\/IBP1649-RioPipeline.pdf\" target=\"_blank\" rel=\"noopener noreferrer\">Download &#8211; Arquivo PDF &#8211; 4.193 KB<\/a><\/p>\n<p>&nbsp;<\/p>\n<ul>\n<li><strong>Laser Terrestre M\u00f3vel &#8211; Uma alternativa para projetos de infra-estrutura vi\u00e1ria<\/strong><\/li>\n<\/ul>\n<p>Por Elizabete B. de Andrade Peixoto<\/p>\n<p><a href=\"http:\/\/esteio.com.br\/downloads\/2011\/LaserTerrestreMovel.pdf\" target=\"_blank\" rel=\"noopener noreferrer\">Download &#8211; Arquivo PDF &#8211; 698 KB<\/a><\/p>\n<p>&nbsp;<\/p>\n<ul>\n<li><strong>C\u00e2maras ADS40, RCD105 e RCD30<\/strong><\/li>\n<\/ul>\n<p>Por \u00c2ngela Kugler<\/p>\n<p><a href=\"http:\/\/esteio.com.br\/downloads\/2011\/CamarasADS.pdf\" target=\"_blank\" rel=\"noopener noreferrer\">Download &#8211; Arquivo PDF &#8211; 991 KB<\/a><\/p>\n<p>&nbsp;<\/p>\n<ul>\n<li><strong>O Site CICLOVIAS DE CURITIBA, do Planejamento a Execu\u00e7\u00e3o<\/strong><\/li>\n<\/ul>\n<p>Por Hiram Skolimowski da Silva<\/p>\n<p><a href=\"http:\/\/esteio.com.br\/downloads\/2011\/Ciclovias.pdf\" target=\"_blank\" rel=\"noopener noreferrer\">Download &#8211; Arquivo PDF &#8211; 1.308 KB<\/a><\/p>\n<p>&nbsp;<\/p>\n<ul>\n<li><strong>GPS: Moderniza\u00e7\u00e3o do sistema, \u201cJammers\u201d e \u201cAnti Jammers\u201d, Novos Receptores &#8211; Amea\u00e7a, Privacidade ou Apenas Avan\u00e7o Tecnol\u00f3gico?<\/strong><\/li>\n<\/ul>\n<p>Por Jos\u00e9 Alexandre Ferreira da Silva<\/p>\n<p><a href=\"http:\/\/esteio.com.br\/downloads\/2011\/GPS-Jammers.pdf\" target=\"_blank\" rel=\"noopener noreferrer\">Download &#8211; Arquivo PDF &#8211; 519 KB<\/a><\/p>\n<p>&nbsp;<\/p>\n<ul>\n<li><strong>Redes Sociais e sua Aplica\u00e7\u00e3o na Cartografia<\/strong><\/li>\n<\/ul>\n<p>Por Eliana Ferreira Cascaes Correia<\/p>\n<p><a href=\"http:\/\/esteio.com.br\/downloads\/2011\/RedesSociais.pdf\" target=\"_blank\" rel=\"noopener noreferrer\">Download &#8211; Arquivo PDF &#8211; 553 KB<\/a><\/p>\n<p>&nbsp;<\/p>\n<ul>\n<li><strong>MAPBOOK &#8211; Vantagens e Facilidades para o Usu\u00e1rio<\/strong><\/li>\n<\/ul>\n<p>Por Ana Silvia E. T. de Oliveira<\/p>\n<p><a href=\"http:\/\/esteio.com.br\/downloads\/2011\/MAPBOOK.pdf\" target=\"_blank\" rel=\"noopener noreferrer\">Download &#8211; Arquivo PDF &#8211; 882 KB<\/a><\/p>\n<p>&nbsp;<\/p>\n<ul>\n<li><strong>Do Carta Geral ao SIRGAS-2000, a Evolu\u00e7\u00e3o do Mapeamento em Porto Alegre<\/strong><\/li>\n<\/ul>\n<p>Por M\u00e1rcio Miguel Tavares<\/p>\n<p><a href=\"http:\/\/esteio.com.br\/downloads\/2011\/CartaGeralaoSIRGAS2000.pdf\" target=\"_blank\" rel=\"noopener noreferrer\">Download &#8211; Arquivo PDF &#8211; 806 KB<\/a><\/p>\n<p>&nbsp;<\/p>\n<ul>\n<li><strong>Artigo Escrito por Fabio Vinicius Fontoura Gil, \u00e9 Escolhido pela Editora FTD para Compor Cap\u00edtulo de Cartografia em Livro de Geografia para Ensino M\u00e9dio. <\/strong><\/li>\n<\/ul>\n<p><a href=\"http:\/\/esteio.com.br\/downloads\/2011\/LivroGeografia.pdf\" target=\"_blank\" rel=\"noopener noreferrer\">Download &#8211; Arquivo PDF &#8211; 5.134 KB<\/a><\/p>\n<p>&nbsp;<\/p>\n<ul>\n<li><strong>C\u00e2maras A\u00e9reas Digitais, as de M\u00e9dio Formato!<\/strong><\/li>\n<\/ul>\n<p>Por: Valther Xavier Aguiar<\/p>\n<p><a href=\"http:\/\/esteio.com.br\/downloads\/2011\/CAD_Medio_Formato.pdf\" target=\"_blank\" rel=\"noopener noreferrer\">Download &#8211; Arquivo PDF &#8211; 557 KB<\/a><\/p>\n<p>&nbsp;<\/p>\n<ul>\n<li><strong>M\u00e9todos Anal\u00edticos para Tomada de Decis\u00e3o na Transposi\u00e7\u00e3o de Obst\u00e1culos por Faixas de Dutos<\/strong><\/li>\n<\/ul>\n<p>Por: Fabio Vinicius Fontoura Gil<\/p>\n<p><a href=\"http:\/\/esteio.com.br\/downloads\/2011\/Dutovias.pdf\" target=\"_blank\" rel=\"noopener noreferrer\">Download &#8211; Arquivo PDF &#8211; 4.481 KB<\/a><\/p>\n<p>&nbsp;<\/p>\n<ul>\n<li><strong>Tridimensional GPR Mapping in the Upstream Face of an RCC DAM<\/strong><\/li>\n<\/ul>\n<p>Por: Isabella F. R. Figueira, Luiz Alkimin de Lacerda, Ernesto Goldfarb Figueira, Emerson Luiz Alberti<\/p>\n<p><a href=\"http:\/\/esteio.com.br\/downloads\/2011\/DAM_Paper.pdf\" target=\"_blank\" rel=\"noopener noreferrer\">Download &#8211; Arquivo PDF &#8211; 1.636 KB<\/a>","protected":false},"excerpt":{"rendered":"<p>Pontos Laser e o Desenvolvimento de Rotinas Por Eliana Ferreira Cascaes Correia Download &#8211; Arquivo PDF &#8211; 314 KB &nbsp; Abordagens Conceituais sobre Produtos Cartogr\u00e1ficos e a Rela\u00e7\u00e3o de Precis\u00e3o &#8230;<\/p>\n","protected":false},"author":1,"featured_media":0,"parent":1603,"menu_order":0,"comment_status":"closed","ping_status":"closed","template":"template-left-sidebar.php","meta":{"footnotes":""},"class_list":["post-1633","page","type-page","status-publish","hentry"],"_links":{"self":[{"href":"https:\/\/www.esteio.com.br\/es\/wp-json\/wp\/v2\/pages\/1633","targetHints":{"allow":["GET"]}}],"collection":[{"href":"https:\/\/www.esteio.com.br\/es\/wp-json\/wp\/v2\/pages"}],"about":[{"href":"https:\/\/www.esteio.com.br\/es\/wp-json\/wp\/v2\/types\/page"}],"author":[{"embeddable":true,"href":"https:\/\/www.esteio.com.br\/es\/wp-json\/wp\/v2\/users\/1"}],"replies":[{"embeddable":true,"href":"https:\/\/www.esteio.com.br\/es\/wp-json\/wp\/v2\/comments?post=1633"}],"version-history":[{"count":5,"href":"https:\/\/www.esteio.com.br\/es\/wp-json\/wp\/v2\/pages\/1633\/revisions"}],"predecessor-version":[{"id":5896,"href":"https:\/\/www.esteio.com.br\/es\/wp-json\/wp\/v2\/pages\/1633\/revisions\/5896"}],"up":[{"embeddable":true,"href":"https:\/\/www.esteio.com.br\/es\/wp-json\/wp\/v2\/pages\/1603"}],"wp:attachment":[{"href":"https:\/\/www.esteio.com.br\/es\/wp-json\/wp\/v2\/media?parent=1633"}],"curies":[{"name":"wp","href":"https:\/\/api.w.org\/{rel}","templated":true}]}}