{"id":1637,"date":"2017-04-26T16:30:41","date_gmt":"2017-04-26T16:30:41","guid":{"rendered":"http:\/\/esteio.com.br\/?page_id=1637"},"modified":"2022-01-12T17:13:43","modified_gmt":"2022-01-12T17:13:43","slug":"2010-2","status":"publish","type":"page","link":"https:\/\/www.esteio.com.br\/es\/download\/trabalhos-e-artigos\/2010-2\/","title":{"rendered":"Arquivos 2010"},"content":{"rendered":"<ul>\n<li><strong>A Import\u00e2ncia do Levantamento Altim\u00e9trico para Obras de Armazenamento e Transporte de Meios Flu\u00eddos<\/strong><\/li>\n<\/ul>\n<p>Por: Hiram Skolimowski da Silva<\/p>\n<p><a href=\"http:\/\/esteio.com.br\/downloads\/2010\/LevantamentoAltimetrico.pdf\" target=\"_blank\" rel=\"noopener noreferrer\">Download &#8211; Arquivo PDF &#8211; 2.603 KB<\/a><\/p>\n<p>&nbsp;<\/p>\n<ul>\n<li><strong>Atualiza\u00e7\u00e3o Cadastral Direcionada<\/strong><\/li>\n<\/ul>\n<p>Por: Robson A. de Oliveira e Alex Adriano Sikora<\/p>\n<p><a href=\"http:\/\/esteio.com.br\/downloads\/2010\/AtualizacaoCadastral.pdf\" target=\"_blank\" rel=\"noopener noreferrer\">Download &#8211; Arquivo PDF &#8211; 1.156 KB<\/a><\/p>\n<p>&nbsp;<\/p>\n<ul>\n<li><strong>Cadastro T\u00e9cnico Municipal com a Utiliza\u00e7\u00e3o de Coletores Eletr\u00f4nicos (PDA)<\/strong><\/li>\n<\/ul>\n<p>Por: Robson A. de Oliveira e Alex Adriano Sikora<\/p>\n<p><a href=\"http:\/\/esteio.com.br\/downloads\/2010\/CadastroTecnicoMunicipal.pdf\" target=\"_blank\" rel=\"noopener noreferrer\">Download &#8211; Arquivo PDF &#8211; 822 KB<\/a><\/p>\n<p>&nbsp;<\/p>\n<ul>\n<li><strong>Calibra\u00e7\u00e3o de C\u00e2maras Digitais<\/strong><\/li>\n<\/ul>\n<p>Por: Angela Kugler<\/p>\n<p><a href=\"http:\/\/esteio.com.br\/downloads\/2010\/CalibracaoCamarasDigitais.pdf\" target=\"_blank\" rel=\"noopener noreferrer\">Download &#8211; Arquivo PDF &#8211; 907 KB<\/a><\/p>\n<p>&nbsp;<\/p>\n<ul>\n<li><strong>Cartografar \u00e9 Preciso! &#8211; Navega\u00e7\u00e3o GPS<\/strong><\/li>\n<\/ul>\n<p>Por: Valther Xavier Aguiar<\/p>\n<p><a href=\"http:\/\/esteio.com.br\/downloads\/2010\/CartografarPreciso.pdf\" target=\"_blank\" rel=\"noopener noreferrer\">Download &#8211; Arquivo PDF &#8211; 1.189 KB<\/a><\/p>\n<p>&nbsp;<\/p>\n<ul>\n<li><strong>Cartografia e Ensaios N\u00e3o Destrutivos<\/strong><\/li>\n<\/ul>\n<p>Por: Fabio Vinicius Fontoura Gil<\/p>\n<p><a href=\"http:\/\/esteio.com.br\/downloads\/2010\/CartografiaEnsaios.pdf\" target=\"_blank\" rel=\"noopener noreferrer\">Download &#8211; Arquivo PDF &#8211; 459 KB<\/a><\/p>\n<p>&nbsp;<\/p>\n<ul>\n<li><strong>Diferen\u00e7as entre Sistemas Gerenciadores de Banco de Dados para GIS &#8211; SGBDs<\/strong><\/li>\n<\/ul>\n<p>Por: Fabricio Fiorani Schunemann\/\u00e2ngela Kugler<\/p>\n<p><a href=\"http:\/\/esteio.com.br\/downloads\/2010\/GIS-SGBDs.pdf\" target=\"_blank\" rel=\"noopener noreferrer\">Download &#8211; Arquivo PDF &#8211; 2.654 KB<\/a><\/p>\n<p>&nbsp;<\/p>\n<ul>\n<li><strong>Edi\u00e7\u00e3o e Gerenciamento de Arquivos pela Rede<\/strong><\/li>\n<\/ul>\n<p>Por: Ana Silvia E. T. de Oliveira<\/p>\n<p><a href=\"http:\/\/esteio.com.br\/downloads\/2010\/EdicaoGerenciamentoArquivosRede.pdf\" target=\"_blank\" rel=\"noopener noreferrer\">Download &#8211; Arquivo PDF &#8211; 1.126 KB<\/a><\/p>\n<p>&nbsp;<\/p>\n<ul>\n<li><strong>Gerenciamento de Riscos em Projetos de Aerolevantamentos \u2013 Etapa Captura de Dados (SAE \u2013 Servi\u00e7o A\u00e9reo Especializado)<\/strong><\/li>\n<\/ul>\n<p>Por: Jos\u00e9 Alexandre Ferreira da Silva<\/p>\n<p><a href=\"http:\/\/esteio.com.br\/downloads\/2010\/CapturaDadosSAE.pdf\" target=\"_blank\" rel=\"noopener noreferrer\">Download &#8211; Arquivo PDF &#8211; 1.901 KB<\/a><\/p>\n<p>&nbsp;<\/p>\n<ul>\n<li><strong>Laser Aerotransportado Gerando Mapas Solares<\/strong><\/li>\n<\/ul>\n<p>Por: Silas Sallem Filho e Elizabete B. de Andrade Peixoto<\/p>\n<p><a href=\"http:\/\/esteio.com.br\/downloads\/2010\/LaserAerotransportado.pdf\" target=\"_blank\" rel=\"noopener noreferrer\">Download &#8211; Arquivo PDF &#8211; 1.909 KB<\/a><\/p>\n<p>&nbsp;<\/p>\n<ul>\n<li><strong>Patrim\u00f4nio Hist\u00f3rico \u2013 Da Fotogrametria Terrestre ao LASER<\/strong><\/li>\n<\/ul>\n<p>Por: Jos\u00e9 Alexandre Ferreira da Silva<\/p>\n<p><a href=\"http:\/\/esteio.com.br\/downloads\/2010\/FotogrametriaLASER.pdf\" target=\"_blank\" rel=\"noopener noreferrer\">Download &#8211; Arquivo PDF &#8211; 1.311 KB<\/a><\/p>\n<p>&nbsp;<\/p>\n<ul>\n<li><strong>Tomada de Decis\u00e3o com M\u00faltiplos Crit\u00e9rios e Aplicabilidade na Engenharia<\/strong><\/li>\n<\/ul>\n<p>Por: Fabio Vinicius Fontoura Gil<\/p>\n<p><a href=\"http:\/\/esteio.com.br\/downloads\/2010\/TomadaDecisaoEng.pdf\" target=\"_blank\" rel=\"noopener noreferrer\">Download &#8211; Arquivo PDF &#8211; 451 KB<\/a><\/p>\n<p>&nbsp;<\/p>\n<ul>\n<li><strong>Uso de Perfilamento a Laser Aerotransportado em Projetos de Estrada<\/strong><\/li>\n<\/ul>\n<p>Por: Silas Sallem Filho e Elizabete B. de Andrade Peixoto<\/p>\n<p><a href=\"http:\/\/esteio.com.br\/downloads\/2010\/PerfLaserEstrada.pdf\" target=\"_blank\" rel=\"noopener noreferrer\">Download &#8211; Arquivo PDF &#8211; 800 KB<\/a>","protected":false},"excerpt":{"rendered":"<p>A Import\u00e2ncia do Levantamento Altim\u00e9trico para Obras de Armazenamento e Transporte de Meios Flu\u00eddos Por: Hiram Skolimowski da Silva Download &#8211; Arquivo PDF &#8211; 2.603 KB &nbsp; Atualiza\u00e7\u00e3o Cadastral Direcionada &#8230;<\/p>\n","protected":false},"author":1,"featured_media":0,"parent":1603,"menu_order":0,"comment_status":"closed","ping_status":"closed","template":"template-left-sidebar.php","meta":{"footnotes":""},"class_list":["post-1637","page","type-page","status-publish","hentry"],"_links":{"self":[{"href":"https:\/\/www.esteio.com.br\/es\/wp-json\/wp\/v2\/pages\/1637","targetHints":{"allow":["GET"]}}],"collection":[{"href":"https:\/\/www.esteio.com.br\/es\/wp-json\/wp\/v2\/pages"}],"about":[{"href":"https:\/\/www.esteio.com.br\/es\/wp-json\/wp\/v2\/types\/page"}],"author":[{"embeddable":true,"href":"https:\/\/www.esteio.com.br\/es\/wp-json\/wp\/v2\/users\/1"}],"replies":[{"embeddable":true,"href":"https:\/\/www.esteio.com.br\/es\/wp-json\/wp\/v2\/comments?post=1637"}],"version-history":[{"count":4,"href":"https:\/\/www.esteio.com.br\/es\/wp-json\/wp\/v2\/pages\/1637\/revisions"}],"predecessor-version":[{"id":5924,"href":"https:\/\/www.esteio.com.br\/es\/wp-json\/wp\/v2\/pages\/1637\/revisions\/5924"}],"up":[{"embeddable":true,"href":"https:\/\/www.esteio.com.br\/es\/wp-json\/wp\/v2\/pages\/1603"}],"wp:attachment":[{"href":"https:\/\/www.esteio.com.br\/es\/wp-json\/wp\/v2\/media?parent=1637"}],"curies":[{"name":"wp","href":"https:\/\/api.w.org\/{rel}","templated":true}]}}