{"id":1648,"date":"2017-04-26T16:39:01","date_gmt":"2017-04-26T16:39:01","guid":{"rendered":"http:\/\/esteio.com.br\/?page_id=1648"},"modified":"2022-01-12T17:11:11","modified_gmt":"2022-01-12T17:11:11","slug":"2009-2","status":"publish","type":"page","link":"https:\/\/www.esteio.com.br\/es\/download\/trabalhos-e-artigos\/2009-2\/","title":{"rendered":"Arquivos 2009"},"content":{"rendered":"<ul>\n<li><strong>Os Erros de Grafia e Digita\u00e7\u00e3o; Suas Consequ\u00eancias no Cadastro e Registro de T\u00edtulos<\/strong><\/li>\n<\/ul>\n<p>Por: Jos\u00e9 Alexandre Ferreira da Silva<\/p>\n<p><a href=\"http:\/\/esteio.com.br\/downloads\/2009\/750-0309-DOC-VALI-TXT.pdf\" target=\"_blank\" rel=\"noopener noreferrer\">Download &#8211; Arquivo PDF &#8211; 88 KB<\/a><\/p>\n<p>&nbsp;<\/p>\n<ul>\n<li><strong>A Segunda Gera\u00e7\u00e3o da ADS40<\/strong><\/li>\n<\/ul>\n<p>Por: Angela Kugler<\/p>\n<p><a href=\"http:\/\/esteio.com.br\/downloads\/2009\/780-0909-DOC-VALI-TXT.pdf\" target=\"_blank\" rel=\"noopener noreferrer\">Download &#8211; Arquivo PDF &#8211; 681 KB<\/a><\/p>\n<p>&nbsp;<\/p>\n<ul>\n<li><strong>Altimetria Por Correla\u00e7\u00e3o de Imagens \u2013 O Que Se Esperar Deste Produto<\/strong><\/li>\n<\/ul>\n<p>Por: Hiram Skolimowski da Silva<\/p>\n<p><a href=\"http:\/\/esteio.com.br\/downloads\/2009\/780-0309-DOC-VALI-TXT.pdf\" target=\"_blank\" rel=\"noopener noreferrer\">Download &#8211; Arquivo PDF &#8211; 85 KB<\/a><\/p>\n<p>&nbsp;<\/p>\n<ul>\n<li><strong>A Cartografia no BLOG e Twitter<\/strong><\/li>\n<\/ul>\n<p>Por: Eliana F. Cascaes Correia<\/p>\n<p><a href=\"http:\/\/esteio.com.br\/downloads\/2009\/CartografiaBlogTwitter.pdf\" target=\"_blank\" rel=\"noopener noreferrer\">Download &#8211; Arquivo PDF &#8211; 184 KB<\/a><\/p>\n<p>&nbsp;<\/p>\n<ul>\n<li><strong>Aeronaves ao Redor do Mundo Utilizadas no SAE (Servi\u00e7o A\u00e9reo Especializado) <\/strong><\/li>\n<\/ul>\n<p>Por: Jos\u00e9 Alexandre Ferreira da Silva<\/p>\n<p><a href=\"http:\/\/esteio.com.br\/downloads\/2009\/720-0309-DOC-VALI-TXT.pdf\" target=\"_blank\" rel=\"noopener noreferrer\">Download &#8211; Arquivo PDF &#8211; 258 KB<\/a><\/p>\n<p>&nbsp;<\/p>\n<ul>\n<li><strong>Benef\u00edcios das Ortofotos Geradas a Partir das Imagens da ADS40 com Sensor SH52<\/strong><\/li>\n<\/ul>\n<p>Por: Silas Sallem Filho, Adriana Maria Rodrigues e Eder Jos\u00e9 Farias de Lima<\/p>\n<p><a href=\"http:\/\/esteio.com.br\/downloads\/2009\/760-0909-DOC-VALI-TXT.pdf\" target=\"_blank\" rel=\"noopener noreferrer\">Download &#8211; Arquivo PDF &#8211; 1.012 KB<\/a><\/p>\n<p>&nbsp;<\/p>\n<ul>\n<li><strong>Cuidados Necess\u00e1rios com as Configura\u00e7\u00f5es e uso de Programas para Cartografia<\/strong><\/li>\n<\/ul>\n<p>Por: \u00c2ngela Kugler<\/p>\n<p><a href=\"http:\/\/esteio.com.br\/downloads\/2009\/780-0903.pdf\" target=\"_blank\" rel=\"noopener noreferrer\">Download &#8211; Arquivo PDF &#8211; 88 KB<\/a><\/p>\n<p>&nbsp;<\/p>\n<ul>\n<li><strong>Est\u00e1gio atual de bases cartogr\u00e1ficas para Ante-projetos e Projetos de Dutos Vi\u00e1rios<\/strong><\/li>\n<\/ul>\n<p>Por: Fabio Vinicius Fontoura Gil<\/p>\n<p><a href=\"http:\/\/esteio.com.br\/downloads\/2009\/770-0309-DOC-VALI-TXT.pdf\" target=\"_blank\" rel=\"noopener noreferrer\">Download &#8211; Arquivo PDF &#8211; 1.100 KB<\/a><\/p>\n<p>&nbsp;<\/p>\n<ul>\n<li><strong>Extra\u00e7\u00e3o Autom\u00e1tica de Redes de Drenagem a Partir de Dados LiDAR<\/strong><\/li>\n<\/ul>\n<p>Por: Silas Sallem Filho e Elizabete Peixoto<\/p>\n<p><a href=\"http:\/\/esteio.com.br\/downloads\/2009\/760-0309.pdf\" target=\"_blank\" rel=\"noopener noreferrer\">Download &#8211; Arquivo PDF &#8211; 941 KB<\/a><\/p>\n<p>&nbsp;<\/p>\n<ul>\n<li><strong>Localiza\u00e7\u00e3o de Tubula\u00e7\u00f5es Submersas pelo M\u00e9todo PCM<\/strong><\/li>\n<\/ul>\n<p>Por: Jos\u00e9 Alexandre Ferreira da Silva<\/p>\n<p><a href=\"http:\/\/esteio.com.br\/downloads\/2009\/750-0909-DOC-VALI-TXT.pdf\" target=\"_blank\" rel=\"noopener noreferrer\">Download &#8211; Arquivo PDF &#8211; 603 KB<\/a><\/p>\n<p>&nbsp;<\/p>\n<ul>\n<li><strong>Mashups<\/strong><\/li>\n<\/ul>\n<p>Por: Eliana Ferreira Cascaes Correia<\/p>\n<p><a href=\"http:\/\/esteio.com.br\/downloads\/2009\/mashups.pdf\" target=\"_blank\" rel=\"noopener noreferrer\">Download &#8211; Arquivo PDF &#8211; 408 KB<\/a><\/p>\n<p>&nbsp;<\/p>\n<ul>\n<li><strong>Model Space ou Paper Space<\/strong><\/li>\n<\/ul>\n<p>Por: Ana Silvia E. T. de Oliveira<\/p>\n<p><a href=\"http:\/\/esteio.com.br\/downloads\/2009\/ModelPaper.pdf\" target=\"_blank\" rel=\"noopener noreferrer\">Download &#8211; Arquivo PDF &#8211; 430 KB<\/a><\/p>\n<p>&nbsp;<\/p>\n<ul>\n<li><strong>O Futuro dos Sistemas de Posicionamento por Sat\u00e9lites<\/strong><\/li>\n<\/ul>\n<p>Por: Silvia Paoletto Bonatto<\/p>\n<p><a href=\"http:\/\/esteio.com.br\/downloads\/2009\/770-0309-DOC-VALI-TXT-1.pdf\" target=\"_blank\" rel=\"noopener noreferrer\">Download &#8211; Arquivo PDF &#8211; 533 KB<\/a><\/p>\n<p>&nbsp;<\/p>\n<ul>\n<li><strong>O Uso do Geoprocessamento Desenvolvido em Ambiente 3D \u2013 SIG 3D<\/strong><\/li>\n<\/ul>\n<p>Por: Fabr\u00edcio F. Schunemann e Maysa Portugal de O. Furquim<\/p>\n<p><a href=\"http:\/\/esteio.com.br\/downloads\/2009\/775-1109-DOC-VALI-001.pdf\" target=\"_blank\" rel=\"noopener noreferrer\">Download &#8211; Arquivo PDF &#8211; 1.471 KB<\/a><\/p>\n<p>&nbsp;<\/p>\n<ul>\n<li><strong>Rede Brasileira de Monitoramento Cont\u00ednuo dos Sistemas GNSS em Tempo Real \u2013 RBMC-IP, RBMC-IP em Tempo Real <\/strong><\/li>\n<\/ul>\n<p>Por: Wanderley Kampa Ribas<\/p>\n<p><a href=\"http:\/\/esteio.com.br\/downloads\/2009\/RBMCIP.pdf\" target=\"_blank\" rel=\"noopener noreferrer\">Download &#8211; Arquivo PDF &#8211; 186 KB<\/a><\/p>\n<p>&nbsp;<\/p>\n<ul>\n<li><strong>Lei 4.321\/08 \u2013 Mais um Aux\u00edlio para a Regulariza\u00e7\u00e3o Fundi\u00e1ria e Registro de Im\u00f3veis?<\/strong><\/li>\n<\/ul>\n<p>Por: Fabio Vinicius Fontoura Gil<\/p>\n<p><a href=\"http:\/\/esteio.com.br\/downloads\/2009\/Lei_4321-08.pdf\" target=\"_blank\" rel=\"noopener noreferrer\">Download &#8211; Arquivo PDF &#8211; 165 KB<\/a>","protected":false},"excerpt":{"rendered":"<p>Os Erros de Grafia e Digita\u00e7\u00e3o; Suas Consequ\u00eancias no Cadastro e Registro de T\u00edtulos Por: Jos\u00e9 Alexandre Ferreira da Silva Download &#8211; Arquivo PDF &#8211; 88 KB &nbsp; A Segunda &#8230;<\/p>\n","protected":false},"author":1,"featured_media":0,"parent":1603,"menu_order":0,"comment_status":"closed","ping_status":"closed","template":"template-left-sidebar.php","meta":{"footnotes":""},"class_list":["post-1648","page","type-page","status-publish","hentry"],"_links":{"self":[{"href":"https:\/\/www.esteio.com.br\/es\/wp-json\/wp\/v2\/pages\/1648","targetHints":{"allow":["GET"]}}],"collection":[{"href":"https:\/\/www.esteio.com.br\/es\/wp-json\/wp\/v2\/pages"}],"about":[{"href":"https:\/\/www.esteio.com.br\/es\/wp-json\/wp\/v2\/types\/page"}],"author":[{"embeddable":true,"href":"https:\/\/www.esteio.com.br\/es\/wp-json\/wp\/v2\/users\/1"}],"replies":[{"embeddable":true,"href":"https:\/\/www.esteio.com.br\/es\/wp-json\/wp\/v2\/comments?post=1648"}],"version-history":[{"count":3,"href":"https:\/\/www.esteio.com.br\/es\/wp-json\/wp\/v2\/pages\/1648\/revisions"}],"predecessor-version":[{"id":5923,"href":"https:\/\/www.esteio.com.br\/es\/wp-json\/wp\/v2\/pages\/1648\/revisions\/5923"}],"up":[{"embeddable":true,"href":"https:\/\/www.esteio.com.br\/es\/wp-json\/wp\/v2\/pages\/1603"}],"wp:attachment":[{"href":"https:\/\/www.esteio.com.br\/es\/wp-json\/wp\/v2\/media?parent=1648"}],"curies":[{"name":"wp","href":"https:\/\/api.w.org\/{rel}","templated":true}]}}