{"id":1654,"date":"2017-04-26T16:45:19","date_gmt":"2017-04-26T16:45:19","guid":{"rendered":"http:\/\/esteio.com.br\/?page_id=1654"},"modified":"2022-01-12T17:05:00","modified_gmt":"2022-01-12T17:05:00","slug":"2007-2","status":"publish","type":"page","link":"https:\/\/www.esteio.com.br\/es\/download\/trabalhos-e-artigos\/2007-2\/","title":{"rendered":"Arquivos 2007"},"content":{"rendered":"<ul>\n<li><strong>A Evolu\u00e7\u00e3o do Processamento Fotogr\u00e1fico na ESTEIO<\/strong><\/li>\n<\/ul>\n<p>Por: Luiz Antonio Chiminello<\/p>\n<p><a href=\"http:\/\/esteio.com.br\/downloads\/2007\/processamento_fotografico.pdf\" target=\"_blank\" rel=\"noopener noreferrer\">Download &#8211; Arquivo PDF &#8211; 2,40 MB<\/a><\/p>\n<p>&nbsp;<\/p>\n<ul>\n<li><strong>Condi\u00e7\u00f5es Meteorol\u00f3gicas Favor\u00e1veis ao SAE (Servi\u00e7o A\u00e9reo Especializado)<\/strong><\/li>\n<\/ul>\n<p>Por: Jos\u00e9 Alexandre F. da Silva<\/p>\n<p><a href=\"http:\/\/esteio.com.br\/downloads\/2007\/condicoes_meteorologicas.pdf\" target=\"_blank\" rel=\"noopener noreferrer\">Download &#8211; Arquivo PDF &#8211; 667 KB<\/a><\/p>\n<p>&nbsp;<\/p>\n<ul>\n<li><strong>O SAE (Servi\u00e7o A\u00e9reo Especializado) em Dias de Apag\u00e3o A\u00e9reo<\/strong><\/li>\n<\/ul>\n<p>Por: Jos\u00e9 Alexandre F. da Silva<\/p>\n<p><a href=\"http:\/\/esteio.com.br\/downloads\/2007\/apagao_aereo.pdf\" target=\"_blank\" rel=\"noopener noreferrer\">Download &#8211; Arquivo PDF &#8211; 232 KB<\/a><\/p>\n<p>&nbsp;<\/p>\n<ul>\n<li><strong>Vantagem no Uso das Imagens da C\u00e2mara ADS-40<\/strong><\/li>\n<\/ul>\n<p>Por: \u00c2ngela Kugler<\/p>\n<p><a href=\"http:\/\/esteio.com.br\/downloads\/2007\/vantagens_ads40.pdf\" target=\"_blank\" rel=\"noopener noreferrer\">Download &#8211; Arquivo PDF &#8211; 2,94 MB<\/a><\/p>\n<p>&nbsp;<\/p>\n<ul>\n<li><strong>A Import\u00e2ncia do Planejamento para Miss\u00f5es de Levantamentos GPS<\/strong><\/li>\n<\/ul>\n<p>Por: Wanderley Kampa Ribas<\/p>\n<p><a href=\"http:\/\/esteio.com.br\/downloads\/2007\/missoes_gps.pdf\" target=\"_blank\" rel=\"noopener noreferrer\">Download &#8211; Arquivo PDF &#8211; 543 KB<\/a><\/p>\n<p>&nbsp;<\/p>\n<ul>\n<li><strong>Levantamento Cinem\u00e1tico em Tempo Real (RTK)<\/strong><\/li>\n<\/ul>\n<p>Por: Wanderley Kampa Ribas<\/p>\n<p><a href=\"http:\/\/esteio.com.br\/downloads\/2007\/RTK.pdf\" target=\"_blank\" rel=\"noopener noreferrer\">Download &#8211; Arquivo PDF &#8211; 564 KB<\/a><\/p>\n<p>&nbsp;<\/p>\n<ul>\n<li><strong>M\u00e9todos Para Obten\u00e7\u00e3o de Altimetria &#8211; Caracter\u00edsticas, Vantagens e Aplica\u00e7\u00e3o<\/strong><\/li>\n<\/ul>\n<p>Por: Hiram Skolimowski da Silva<\/p>\n<p><a href=\"http:\/\/esteio.com.br\/downloads\/2007\/obtencao_altimetria.pdf\" target=\"_blank\" rel=\"noopener noreferrer\">Download &#8211; Arquivo PDF &#8211; 717 KB<\/a><\/p>\n<p>&nbsp;<\/p>\n<ul>\n<li><strong>SMS nas Atividades de Campo da ESTEIO &#8211; Panorama<\/strong><\/li>\n<\/ul>\n<p>Por: Hiram Skolimowski da Silva<\/p>\n<p><a href=\"http:\/\/esteio.com.br\/downloads\/2007\/sms_campo.pdf\" target=\"_blank\" rel=\"noopener noreferrer\">Download &#8211; Arquivo PDF &#8211; 2,42 MB<\/a><\/p>\n<p>&nbsp;<\/p>\n<ul>\n<li><strong>Al\u00e9m de um Plano Diretor para sua Cidade<\/strong><\/li>\n<\/ul>\n<p>Por: Robson A. de Oliveira<\/p>\n<p><a href=\"http:\/\/esteio.com.br\/downloads\/2007\/alem_de_um_plano_diretor.pdf\" target=\"_blank\" rel=\"noopener noreferrer\">Download &#8211; Arquivo PDF &#8211; 532 KB<\/a><\/p>\n<p>&nbsp;<\/p>\n<ul>\n<li><strong>Gerenciamento de Dutos Utilizando SIG &#8211; Caso GLPDUTO URUCU-COARI<\/strong><\/li>\n<\/ul>\n<p>Por: Maysa P. O. Furquim<\/p>\n<p><a href=\"http:\/\/esteio.com.br\/downloads\/2007\/gerenciamento_dutos.pdf\" target=\"_blank\" rel=\"noopener noreferrer\">Download &#8211; Arquivo PDF &#8211; 598 KB<\/a><\/p>\n<p>&nbsp;<\/p>\n<ul>\n<li><strong>Metadados e XML<\/strong><\/li>\n<\/ul>\n<p>Por: \u00c2ngela Kugler e Eliana F. Cascaes Correia<\/p>\n<p><a href=\"http:\/\/esteio.com.br\/downloads\/2007\/metadados_xml.pdf\" target=\"_blank\" rel=\"noopener noreferrer\">Download &#8211; Arquivo PDF &#8211; 44 KB<\/a><\/p>\n<p>&nbsp;<\/p>\n<ul>\n<li><strong>Principais Caracter\u00edsticas e Diferen\u00e7as entre Sistemas SIG Desktop e SIG WEB<\/strong><\/li>\n<\/ul>\n<p>Por: Antonio J. Furquim e Maysa P. O. Furquim<\/p>\n<p><a href=\"http:\/\/esteio.com.br\/downloads\/2007\/SIG-Desktop_e_SIG-Web.pdf\" target=\"_blank\" rel=\"noopener noreferrer\">Download &#8211; Arquivo PDF &#8211; 146 KB<\/a><\/p>\n<p>&nbsp;<\/p>\n<ul>\n<li><strong>At\u00e9 Onde \u00e9 Poss\u00edvel Automatizar?<\/strong><\/li>\n<\/ul>\n<p>Por: Fabio V. F. Gil<\/p>\n<p><a href=\"http:\/\/esteio.com.br\/downloads\/2007\/automatizacao.pdf\" target=\"_blank\" rel=\"noopener noreferrer\">Download &#8211; Arquivo PDF &#8211; 584 KB<\/a><\/p>\n<p>&nbsp;<\/p>\n<ul>\n<li><strong>Levantamentos Aerofotogram\u00e9tricos para Fins Topogr\u00e1ficos e Cadastrais &#8211; Implanta\u00e7\u00e3o e Gerenciamento de Faixas de Dutos<\/strong><\/li>\n<\/ul>\n<p>Por: Fabio V. F. Gil<\/p>\n<p><a href=\"http:\/\/esteio.com.br\/downloads\/2007\/lev_aero_topo_cad.pdf\" target=\"_blank\" rel=\"noopener noreferrer\">Download &#8211; Arquivo PDF &#8211; 482 KB<\/a><\/p>\n<p>&nbsp;<\/p>\n<ul>\n<li><strong>Al\u00e9m da Lei 10.267\/2001<\/strong><\/li>\n<\/ul>\n<p>Por: Jos\u00e9 Alexandre F. da Silva<\/p>\n<p><a href=\"http:\/\/esteio.com.br\/downloads\/2007\/alem_da_lei_10267-2001.pdf\" target=\"_blank\" rel=\"noopener noreferrer\">Download &#8211; Arquivo PDF &#8211; 208 KB<\/a><\/p>\n<p>&nbsp;<\/p>\n<ul>\n<li><strong>Mapeamento de \u00c1reas Operacionais da Vale no Quadril\u00e1tero Ferr\u00edfero\/MG<\/strong><\/li>\n<\/ul>\n<p>Por: M\u00e1rcio Miguel Tavares<\/p>\n<p><a href=\"http:\/\/esteio.com.br\/downloads\/2007\/cvrd_areas-operacionais.pdf\" target=\"_blank\" rel=\"noopener noreferrer\">Download &#8211; Arquivo PDF &#8211; 1,43 MB<\/a><\/p>\n<p>&nbsp;<\/p>\n<ul>\n<li><strong>Efem\u00e9rides Precisas<\/strong><\/li>\n<\/ul>\n<p>Por: Wanderley Kampa Ribas<\/p>\n<p><a href=\"http:\/\/esteio.com.br\/downloads\/2007\/efemerides_precisas.pdf\" target=\"_blank\" rel=\"noopener noreferrer\">Download &#8211; Arquivo PDF &#8211; 732 KB<\/a><\/p>\n<p>&nbsp;<\/p>\n<ul>\n<li><strong>Seguran\u00e7a do Trabalho nas Atividades de Topografia<\/strong><\/li>\n<\/ul>\n<p>Por: Wanderley Kampa Ribas<\/p>\n<p><a href=\"http:\/\/esteio.com.br\/downloads\/2007\/dds.pdf\" target=\"_blank\" rel=\"noopener noreferrer\">Download &#8211; Arquivo PDF &#8211; 297 KB<\/a><\/p>\n<p>&nbsp;<\/p>\n<ul>\n<li><strong>Aspectos de Gerenciamento de Riscos na Produ\u00e7\u00e3o Cartogr\u00e1fica<\/strong><\/li>\n<\/ul>\n<p>Por: Denise R. Falat<\/p>\n<p><a href=\"http:\/\/esteio.com.br\/downloads\/2007\/gerenciamento_riscos_producao_cartografica.pdf\" target=\"_blank\" rel=\"noopener noreferrer\">Download &#8211; Arquivo PDF &#8211; 127 KB<\/a><\/p>\n<p>&nbsp;<\/p>\n<ul>\n<li><strong>Cartografia para Planejamento B\u00e1sico<\/strong><\/li>\n<\/ul>\n<p>Por: Ana Silvia E. T. de Oliveira<\/p>\n<p><a href=\"http:\/\/esteio.com.br\/downloads\/2007\/cartografia_planejamento_basico.pdf\" target=\"_blank\" rel=\"noopener noreferrer\">Download &#8211; Arquivo PDF &#8211; 1,18 MB<\/a><\/p>\n<p>&nbsp;<\/p>\n<ul>\n<li><strong>Controle de Qualidade e Valida\u00e7\u00e3o de Produto Cartogr\u00e1fico<\/strong><\/li>\n<\/ul>\n<p>Por: Ana Silvia E. T. de Oliveira<\/p>\n<p><a href=\"http:\/\/esteio.com.br\/downloads\/2007\/controle_de_qualidade_e_validacao_de_produto_cartografico.pdf\" target=\"_blank\" rel=\"noopener noreferrer\">Download &#8211; Arquivo PDF &#8211; 561 KB<\/a><\/p>\n<p>&nbsp;<\/p>\n<ul>\n<li><strong>Defini\u00e7\u00e3o de Cores para Gera\u00e7\u00e3o de Mapas Tem\u00e1ticos<\/strong><\/li>\n<\/ul>\n<p>Por: Denise R. Falat e Silvia M. P. Bonatto<\/p>\n<p><a href=\"http:\/\/esteio.com.br\/downloads\/2007\/definicao_cores.pdf\" target=\"_blank\" rel=\"noopener noreferrer\">Download &#8211; Arquivo PDF &#8211; 2,06 MB<\/a><\/p>\n<p>&nbsp;<\/p>\n<ul>\n<li><strong>Disponibiliza\u00e7\u00e3o de Mapas na WEB<\/strong><\/li>\n<\/ul>\n<p>Por: Denise R. Falat<\/p>\n<p><a href=\"http:\/\/esteio.com.br\/downloads\/2007\/disponibilizacao_mapas_web.pdf\" target=\"_blank\" rel=\"noopener noreferrer\">Download &#8211; Arquivo PDF &#8211; 850 KB<\/a><\/p>\n<p>&nbsp;<\/p>\n<ul>\n<li><strong>Globos Digitais<\/strong><\/li>\n<\/ul>\n<p>Por: Amauri Alfredo Brandalize<\/p>\n<p><a href=\"http:\/\/esteio.com.br\/downloads\/2007\/GoogleEarth_Modelo-de-Projecao.pdf\" target=\"_blank\" rel=\"noopener noreferrer\">Download &#8211; Arquivo PDF &#8211; 779 KB<\/a><\/p>\n<p>&nbsp;<\/p>\n<ul>\n<li><strong>Google e o Aerolevantamento<\/strong><\/li>\n<\/ul>\n<p>Por: Valther Xavier Aguiar<\/p>\n<p><a href=\"http:\/\/esteio.com.br\/downloads\/2007\/Google_e_o_Aerolevantamento.pdf\" target=\"_blank\" rel=\"noopener noreferrer\">Download &#8211; Arquivo PDF &#8211; 365 KB<\/a><\/p>\n<p>&nbsp;<\/p>\n<ul>\n<li><strong>Mapeamento para Elabora\u00e7\u00e3o de EIA\/RIMA<\/strong><\/li>\n<\/ul>\n<p>Por: Silvia M. Paoletto Bonatto<\/p>\n<p><a href=\"http:\/\/esteio.com.br\/downloads\/2007\/EIA_RIMA.pdf\" target=\"_blank\" rel=\"noopener noreferrer\">Download &#8211; Arquivo PDF &#8211; 724 KB<\/a><\/p>\n<p>&nbsp;<\/p>\n<ul>\n<li><strong>Os Limites Posicionais do Google Earth<\/strong><\/li>\n<\/ul>\n<p>Por: Wanderley Kampa Ribas<\/p>\n<p><a href=\"http:\/\/esteio.com.br\/downloads\/2007\/precisao_Google-Earth.pdf\" target=\"_blank\" rel=\"noopener noreferrer\">Download &#8211; Arquivo PDF &#8211; 1,31 MB<\/a><\/p>\n<p>&nbsp;<\/p>\n<ul>\n<li><strong>Quais s\u00e3o as Oportunidades da Web 2.0 para as Empresas?<\/strong><\/li>\n<\/ul>\n<p>Por: Eliana Ferreira Cascaes Correia<\/p>\n<p><a href=\"http:\/\/esteio.com.br\/downloads\/2007\/oportunidades_web2.pdf\" target=\"_blank\" rel=\"noopener noreferrer\">Download &#8211; Arquivo PDF &#8211; 1,02 MB<\/a>","protected":false},"excerpt":{"rendered":"<p>A Evolu\u00e7\u00e3o do Processamento Fotogr\u00e1fico na ESTEIO Por: Luiz Antonio Chiminello Download &#8211; Arquivo PDF &#8211; 2,40 MB &nbsp; Condi\u00e7\u00f5es Meteorol\u00f3gicas Favor\u00e1veis ao SAE (Servi\u00e7o A\u00e9reo Especializado) Por: Jos\u00e9 Alexandre &#8230;<\/p>\n","protected":false},"author":1,"featured_media":0,"parent":1603,"menu_order":0,"comment_status":"closed","ping_status":"closed","template":"template-left-sidebar.php","meta":{"footnotes":""},"class_list":["post-1654","page","type-page","status-publish","hentry"],"_links":{"self":[{"href":"https:\/\/www.esteio.com.br\/es\/wp-json\/wp\/v2\/pages\/1654","targetHints":{"allow":["GET"]}}],"collection":[{"href":"https:\/\/www.esteio.com.br\/es\/wp-json\/wp\/v2\/pages"}],"about":[{"href":"https:\/\/www.esteio.com.br\/es\/wp-json\/wp\/v2\/types\/page"}],"author":[{"embeddable":true,"href":"https:\/\/www.esteio.com.br\/es\/wp-json\/wp\/v2\/users\/1"}],"replies":[{"embeddable":true,"href":"https:\/\/www.esteio.com.br\/es\/wp-json\/wp\/v2\/comments?post=1654"}],"version-history":[{"count":6,"href":"https:\/\/www.esteio.com.br\/es\/wp-json\/wp\/v2\/pages\/1654\/revisions"}],"predecessor-version":[{"id":5921,"href":"https:\/\/www.esteio.com.br\/es\/wp-json\/wp\/v2\/pages\/1654\/revisions\/5921"}],"up":[{"embeddable":true,"href":"https:\/\/www.esteio.com.br\/es\/wp-json\/wp\/v2\/pages\/1603"}],"wp:attachment":[{"href":"https:\/\/www.esteio.com.br\/es\/wp-json\/wp\/v2\/media?parent=1654"}],"curies":[{"name":"wp","href":"https:\/\/api.w.org\/{rel}","templated":true}]}}