{"id":1664,"date":"2017-04-26T16:51:44","date_gmt":"2017-04-26T16:51:44","guid":{"rendered":"http:\/\/esteio.com.br\/?page_id=1664"},"modified":"2022-01-12T16:55:16","modified_gmt":"2022-01-12T16:55:16","slug":"2006-2","status":"publish","type":"page","link":"https:\/\/www.esteio.com.br\/es\/download\/trabalhos-e-artigos\/2006-2\/","title":{"rendered":"Arquivos 2006"},"content":{"rendered":"<ul>\n<li><strong>Evolu\u00e7\u00e3o Tecnol\u00f3gica: Amea\u00e7a ou Oportunidade<\/strong><\/li>\n<\/ul>\n<p>Por: Valther Xavier Aguiar<\/p>\n<p><a href=\"http:\/\/esteio.com.br\/downloads\/2006\/Aguiar_Evolucao-Tecnologica.pdf\" target=\"_blank\" rel=\"noopener noreferrer\">Download &#8211; Arquivo PDF &#8211; 1,86 MB<\/a><\/p>\n<p>&nbsp;<\/p>\n<ul>\n<li><strong>Perfilamento a LASER: 10 Anos de Evolu\u00e7\u00e3o<\/strong><\/li>\n<\/ul>\n<p>GEO BRASIL 2006<\/p>\n<p>Por: Amauri A. Brandalize<\/p>\n<p><a href=\"http:\/\/esteio.com.br\/downloads\/2006\/10anosLiDAR-GeoBR2006.pdf\" target=\"_blank\" rel=\"noopener noreferrer\">Download &#8211; Arquivo PDF &#8211; 3,70 MB<\/a><\/p>\n<p>&nbsp;<\/p>\n<ul>\n<li><strong>Sensores Aerotransportados &#8211; A realidade da C\u00e2mara Digital e do Perfilamento a LASER<\/strong><\/li>\n<\/ul>\n<p>IBGE IV CONFEGE 2006<\/p>\n<p>Por: Amauri A. Brandalize<\/p>\n<p><a href=\"http:\/\/esteio.com.br\/downloads\/2006\/CamarasLaser-MapSistem-IVCONFEGE.pdf\" target=\"_blank\" rel=\"noopener noreferrer\">Download &#8211; Arquivo PDF &#8211; 4,61 MB<\/a>","protected":false},"excerpt":{"rendered":"<p>Evolu\u00e7\u00e3o Tecnol\u00f3gica: Amea\u00e7a ou Oportunidade Por: Valther Xavier Aguiar Download &#8211; Arquivo PDF &#8211; 1,86 MB &nbsp; Perfilamento a LASER: 10 Anos de Evolu\u00e7\u00e3o GEO BRASIL 2006 Por: Amauri A. &#8230;<\/p>\n","protected":false},"author":1,"featured_media":0,"parent":1603,"menu_order":0,"comment_status":"closed","ping_status":"closed","template":"template-left-sidebar.php","meta":{"footnotes":""},"class_list":["post-1664","page","type-page","status-publish","hentry"],"_links":{"self":[{"href":"https:\/\/www.esteio.com.br\/es\/wp-json\/wp\/v2\/pages\/1664","targetHints":{"allow":["GET"]}}],"collection":[{"href":"https:\/\/www.esteio.com.br\/es\/wp-json\/wp\/v2\/pages"}],"about":[{"href":"https:\/\/www.esteio.com.br\/es\/wp-json\/wp\/v2\/types\/page"}],"author":[{"embeddable":true,"href":"https:\/\/www.esteio.com.br\/es\/wp-json\/wp\/v2\/users\/1"}],"replies":[{"embeddable":true,"href":"https:\/\/www.esteio.com.br\/es\/wp-json\/wp\/v2\/comments?post=1664"}],"version-history":[{"count":3,"href":"https:\/\/www.esteio.com.br\/es\/wp-json\/wp\/v2\/pages\/1664\/revisions"}],"predecessor-version":[{"id":5920,"href":"https:\/\/www.esteio.com.br\/es\/wp-json\/wp\/v2\/pages\/1664\/revisions\/5920"}],"up":[{"embeddable":true,"href":"https:\/\/www.esteio.com.br\/es\/wp-json\/wp\/v2\/pages\/1603"}],"wp:attachment":[{"href":"https:\/\/www.esteio.com.br\/es\/wp-json\/wp\/v2\/media?parent=1664"}],"curies":[{"name":"wp","href":"https:\/\/api.w.org\/{rel}","templated":true}]}}