{"id":1667,"date":"2017-04-26T16:52:37","date_gmt":"2017-04-26T16:52:37","guid":{"rendered":"http:\/\/esteio.com.br\/?page_id=1667"},"modified":"2022-01-12T16:54:01","modified_gmt":"2022-01-12T16:54:01","slug":"2005-2","status":"publish","type":"page","link":"https:\/\/www.esteio.com.br\/es\/download\/trabalhos-e-artigos\/2005-2\/","title":{"rendered":"Arquivos 2005"},"content":{"rendered":"<ul>\n<li><strong>Perfilamento a LASER: Para Detec\u00e7\u00e3o de Constru\u00e7\u00f5es Clandestinas<\/strong><\/li>\n<\/ul>\n<p>XXII Congresso Brasileiro de Cartografia 2005<\/p>\n<p>Por Denise Rodbard Falat<\/p>\n<p><a href=\"http:\/\/esteio.com.br\/downloads\/2005\/edificacoes_clandestinas-GeoBR2005_artigo.pdf\" target=\"_blank\" rel=\"noopener noreferrer\">Download &#8211; Arquivo PDF &#8211; 8,66 MB<\/a><\/p>\n<p><a href=\"http:\/\/esteio.com.br\/downloads\/2005\/edificacoes_clandestinas-GeoBR2005_apresentacao.pdf\" target=\"_blank\" rel=\"noopener noreferrer\">Download &#8211; Arquivo PDF &#8211; 7,88 MB<\/a>","protected":false},"excerpt":{"rendered":"<p>Perfilamento a LASER: Para Detec\u00e7\u00e3o de Constru\u00e7\u00f5es Clandestinas XXII Congresso Brasileiro de Cartografia 2005 Por Denise Rodbard Falat Download &#8211; Arquivo PDF &#8211; 8,66 MB Download &#8211; Arquivo PDF &#8211; &#8230;<\/p>\n","protected":false},"author":1,"featured_media":0,"parent":1603,"menu_order":0,"comment_status":"closed","ping_status":"closed","template":"template-left-sidebar.php","meta":{"footnotes":""},"class_list":["post-1667","page","type-page","status-publish","hentry"],"_links":{"self":[{"href":"https:\/\/www.esteio.com.br\/es\/wp-json\/wp\/v2\/pages\/1667","targetHints":{"allow":["GET"]}}],"collection":[{"href":"https:\/\/www.esteio.com.br\/es\/wp-json\/wp\/v2\/pages"}],"about":[{"href":"https:\/\/www.esteio.com.br\/es\/wp-json\/wp\/v2\/types\/page"}],"author":[{"embeddable":true,"href":"https:\/\/www.esteio.com.br\/es\/wp-json\/wp\/v2\/users\/1"}],"replies":[{"embeddable":true,"href":"https:\/\/www.esteio.com.br\/es\/wp-json\/wp\/v2\/comments?post=1667"}],"version-history":[{"count":4,"href":"https:\/\/www.esteio.com.br\/es\/wp-json\/wp\/v2\/pages\/1667\/revisions"}],"predecessor-version":[{"id":5919,"href":"https:\/\/www.esteio.com.br\/es\/wp-json\/wp\/v2\/pages\/1667\/revisions\/5919"}],"up":[{"embeddable":true,"href":"https:\/\/www.esteio.com.br\/es\/wp-json\/wp\/v2\/pages\/1603"}],"wp:attachment":[{"href":"https:\/\/www.esteio.com.br\/es\/wp-json\/wp\/v2\/media?parent=1667"}],"curies":[{"name":"wp","href":"https:\/\/api.w.org\/{rel}","templated":true}]}}