{"id":1799,"date":"2017-05-08T14:05:26","date_gmt":"2017-05-08T14:05:26","guid":{"rendered":"http:\/\/esteio.com.br\/?page_id=1799"},"modified":"2020-08-27T18:11:22","modified_gmt":"2020-08-27T18:11:22","slug":"codevasf","status":"publish","type":"page","link":"https:\/\/www.esteio.com.br\/es\/executados\/cadastros-especiais\/codevasf\/","title":{"rendered":"CODEVASF \u2013 Barrera do Careta"},"content":{"rendered":"[IMAGEM_CAROUSEL]\n<p>El Proyecto Barragem do Careta es otra de las obras realizadas por la Companhia de Desenvolvimento do Vale do S\u00e3o Francisco CODEVASF, que tiene como base la irrigaci\u00f3n, como consecuencia, el desarrollo econ\u00f3mico\/social y como meta la eliminaci\u00f3n de la pobreza de las regiones menos favorecidas del Vale do R\u00edo S\u00e3o Francisco.<\/p>\n<p>ESTEIO realiz\u00f3, para CODEVASF, los servicios de Catastro Aerofotogram\u00e9trico del \u00e1rea destinada al futuro Proyecto Barragem do Careta en el R\u00edo Macurur\u00e9, afluente del R\u00edo S\u00e3o Francisco, localizado en los Municipios de Macurur\u00e9 y Chorroch\u00f3, en el Estado de Bahia.<\/p>\n<p>Entre los servicios desarrollados estaban la Cobertura Aerofotogram\u00e9trica en la escala 1:15.000, en un \u00e1rea aproximada de 4.000 hect\u00e1reas, el Apoyo Terrestre, Aerotriangulaci\u00f3n y Restituci\u00f3n en la escala 1:5.000 hasta la cota de expropiaci\u00f3n, indispensable para limitar los servicios de catastro.<\/p>\n<p>Adem\u00e1s de los productos convencionales de la Aerofotogrametr\u00eda y del Levantamiento Catastral, tanto del punto de vista F\u00edsico, como Agr\u00edcola y Jur\u00eddico, se realiz\u00f3 la Evaluaci\u00f3n de cada uno de los inmuebles, de acuerdo con la NBR 8799 de febrero de 1985, de modo que posibilitara que CODEVASF efectuase las indemnizaciones correspondientes.<\/p>\n<p class=\"subtitulo\">Las principales actividades y productos de este servicio se relacionan a continuaci\u00f3n:<\/p>\n<ol class=\"breadcrumb\">\n<li class=\"active\">\n<ul>\n<li>Restituci\u00f3n Planialtim\u00e9trica de la regi\u00f3n hasta la Cota de Inundaci\u00f3n, esencial para la definici\u00f3n de los l\u00edmites de trabajo y expropiaci\u00f3n;<\/li>\n<li>Identificaci\u00f3n de los l\u00edmites de los inmuebles e implantaci\u00f3n de por lo menos un moj\u00f3n de hormig\u00f3n en uno de los v\u00e9rtices del inmueble para auxiliar los trabajos actuales y futuros en el \u00e1rea de la represa;<\/li>\n<li>Levantamiento y descripci\u00f3n detallada de todas las reformas\/mejoras existentes en el inmueble, las cuales fueron fotografiadas con un cartel de identificaci\u00f3n para auxiliar en la Evaluaci\u00f3n del inmueble;<\/li>\n<li>Levantamiento detallado de la utilizaci\u00f3n del suelo para fines agr\u00edcolas y para auxiliar la Evaluaci\u00f3n del inmueble;<\/li>\n<li>Levantamiento de la situaci\u00f3n jur\u00eddica del inmueble, ya sea a trav\u00e9s de la consulta directa con los ocupantes o propietarios, o mediante de averiguaciones en el Registro de la Propiedad, para componer la Carpeta Catastral;<\/li>\n<li>Dibujo Individual y Memorial Descriptivo de cada propiedad alcanzada por la barrera, para componer la Carpeta Catastral;<\/li>\n<li>Planta Catastral constituida por la cuadr\u00edcula de propiedades a ser implicadas;<\/li>\n<li>Averiguaci\u00f3n para fijaci\u00f3n de los valores b\u00e1sicos unitarios a ser adoptados en la Evaluaci\u00f3n;<\/li>\n<li>Carpetas Catastrales de cada Inmueble conteniendo la Planta Individual del Inmueble, Certificado del T\u00edtulo de Dominio, Memorial Descriptivo del Inmueble y de cada reforma\/mejora con la respectiva foto, Ficha Catastral, Planillas de C\u00e1lculo y Evaluaci\u00f3n de cada reforma\/mejora, esenciales para auxiliar t\u00e9cnicamente las negociaciones de expropiaci\u00f3n e indemnizaci\u00f3n.<\/li>\n<\/ul>\n<\/li>\n<\/ol>","protected":false},"excerpt":{"rendered":"<p>[IMAGEM_CAROUSEL] El Proyecto Barragem do Careta es otra de las obras realizadas por la Companhia de Desenvolvimento do Vale do S\u00e3o Francisco CODEVASF, que tiene como base la irrigaci\u00f3n, como &#8230;<\/p>\n","protected":false},"author":1,"featured_media":5111,"parent":1805,"menu_order":0,"comment_status":"closed","ping_status":"closed","template":"template-left-sidebar.php","meta":{"footnotes":""},"class_list":["post-1799","page","type-page","status-publish","has-post-thumbnail","hentry"],"_links":{"self":[{"href":"https:\/\/www.esteio.com.br\/es\/wp-json\/wp\/v2\/pages\/1799","targetHints":{"allow":["GET"]}}],"collection":[{"href":"https:\/\/www.esteio.com.br\/es\/wp-json\/wp\/v2\/pages"}],"about":[{"href":"https:\/\/www.esteio.com.br\/es\/wp-json\/wp\/v2\/types\/page"}],"author":[{"embeddable":true,"href":"https:\/\/www.esteio.com.br\/es\/wp-json\/wp\/v2\/users\/1"}],"replies":[{"embeddable":true,"href":"https:\/\/www.esteio.com.br\/es\/wp-json\/wp\/v2\/comments?post=1799"}],"version-history":[{"count":20,"href":"https:\/\/www.esteio.com.br\/es\/wp-json\/wp\/v2\/pages\/1799\/revisions"}],"predecessor-version":[{"id":5125,"href":"https:\/\/www.esteio.com.br\/es\/wp-json\/wp\/v2\/pages\/1799\/revisions\/5125"}],"up":[{"embeddable":true,"href":"https:\/\/www.esteio.com.br\/es\/wp-json\/wp\/v2\/pages\/1805"}],"wp:featuredmedia":[{"embeddable":true,"href":"https:\/\/www.esteio.com.br\/es\/wp-json\/wp\/v2\/media\/5111"}],"wp:attachment":[{"href":"https:\/\/www.esteio.com.br\/es\/wp-json\/wp\/v2\/media?parent=1799"}],"curies":[{"name":"wp","href":"https:\/\/api.w.org\/{rel}","templated":true}]}}