{"id":1805,"date":"2017-05-08T14:19:06","date_gmt":"2017-05-08T14:19:06","guid":{"rendered":"http:\/\/esteio.com.br\/?page_id=1805"},"modified":"2022-05-26T14:16:30","modified_gmt":"2022-05-26T14:16:30","slug":"cadastros-especiais","status":"publish","type":"page","link":"https:\/\/www.esteio.com.br\/es\/executados\/cadastros-especiais\/","title":{"rendered":"Cadastros Especiais"},"content":{"rendered":"De forma geral, o Levantamento Cadastral \u00e9 uma atividade realizada basicamente em campo, utilizando v\u00e1rias t\u00e9cnicas de obten\u00e7\u00e3o de informa\u00e7\u00f5es tais como fichas cadastrais, coletores de dados, GPS RTK (Real Time Kinemathic), fotografias e outros.<\/p>\n<p>Para cadastros de faixas como, por exemplo, para polidutos, s\u00e3o obtidas informa\u00e7\u00f5es sobre as interfer\u00eancias que existem nesta faixa (rios, estradas, ferrovias, linhas de transmiss\u00e3o, cercas, divisas de propriedade, vegeta\u00e7\u00e3o, tipo de solo e outros). Este \u00e9 o chamado Cadastro F\u00edsico.<\/p>\n<p>O Cadastro de F\u00edsico de Desapropria\u00e7\u00e3o, corresponde \u00e0 coleta de informa\u00e7\u00f5es das benfeitorias existentes na propriedade (edifica\u00e7\u00f5es, cercas, culturas, etc.) com documenta\u00e7\u00e3o fotogr\u00e1fica.<\/p>\n<p>Complementa o Levantamento Cadastral, a prepara\u00e7\u00e3o do Cadastro Jur\u00eddico que \u00e9 composto de toda a documenta\u00e7\u00e3o do morador ou propriet\u00e1rio e a documenta\u00e7\u00e3o da propriedade para efeito de indeniza\u00e7\u00e3o.<\/p>\n<p>Dentre os servi\u00e7os de Cadastro que a ESTEIO realizou, podemos destacar<\/p>\n<p class=\"subtitulo\">Artigos Relacionados<\/p>\n<ol class=\"breadcrumb\">\n<li class=\"active\">\n<ul>\n<li><a href=\"http:\/\/esteio.com.br\/downloads\/2007\/alem_da_lei_10267-2001.pdf\" target=\"_blank\" rel=\"noopener noreferrer\">Al\u00e9m da Lei 10.267\/2001<\/a><\/li>\n<li><a href=\"http:\/\/esteio.com.br\/downloads\/2007\/automatizacao.pdf\" target=\"_blank\" rel=\"noopener noreferrer\">At\u00e9 Onde \u00e9 Poss\u00edvel Automatizar?<\/a><\/li>\n<li><a href=\"http:\/\/esteio.com.br\/downloads\/2008\/inventarios-e-partilhas-em-cartorios.pdf\" target=\"_blank\" rel=\"noopener noreferrer\">Invent\u00e1rios e Partilhas Agora em Cart\u00f3rios &#8211; Mais um Passo para a Regulariza\u00e7\u00e3o Jur\u00eddica de Im\u00f3veis?<\/a><\/li>\n<li><a href=\"http:\/\/esteio.com.br\/downloads\/2009\/Lei_4321-08.pdf\" target=\"_blank\" rel=\"noopener noreferrer\">Lei 4.321\/08 &#8211; Mais um Aux\u00edlio para a Regulariza\u00e7\u00e3o Fundi\u00e1ria e Registro de Im\u00f3veis?<\/a><\/li>\n<\/ul>\n<\/li>\n<\/ol>","protected":false},"excerpt":{"rendered":"<p>De forma geral, o Levantamento Cadastral \u00e9 uma atividade realizada basicamente em campo, utilizando v\u00e1rias t\u00e9cnicas de obten\u00e7\u00e3o de informa\u00e7\u00f5es tais como fichas cadastrais, coletores de dados, GPS RTK (Real &#8230;<\/p>\n","protected":false},"author":1,"featured_media":0,"parent":1290,"menu_order":0,"comment_status":"closed","ping_status":"closed","template":"template-left-sidebar.php","meta":{"footnotes":""},"class_list":["post-1805","page","type-page","status-publish","hentry"],"_links":{"self":[{"href":"https:\/\/www.esteio.com.br\/es\/wp-json\/wp\/v2\/pages\/1805","targetHints":{"allow":["GET"]}}],"collection":[{"href":"https:\/\/www.esteio.com.br\/es\/wp-json\/wp\/v2\/pages"}],"about":[{"href":"https:\/\/www.esteio.com.br\/es\/wp-json\/wp\/v2\/types\/page"}],"author":[{"embeddable":true,"href":"https:\/\/www.esteio.com.br\/es\/wp-json\/wp\/v2\/users\/1"}],"replies":[{"embeddable":true,"href":"https:\/\/www.esteio.com.br\/es\/wp-json\/wp\/v2\/comments?post=1805"}],"version-history":[{"count":4,"href":"https:\/\/www.esteio.com.br\/es\/wp-json\/wp\/v2\/pages\/1805\/revisions"}],"predecessor-version":[{"id":6000,"href":"https:\/\/www.esteio.com.br\/es\/wp-json\/wp\/v2\/pages\/1805\/revisions\/6000"}],"up":[{"embeddable":true,"href":"https:\/\/www.esteio.com.br\/es\/wp-json\/wp\/v2\/pages\/1290"}],"wp:attachment":[{"href":"https:\/\/www.esteio.com.br\/es\/wp-json\/wp\/v2\/media?parent=1805"}],"curies":[{"name":"wp","href":"https:\/\/api.w.org\/{rel}","templated":true}]}}