{"id":1848,"date":"2017-05-10T16:57:17","date_gmt":"2017-05-10T16:57:17","guid":{"rendered":"http:\/\/esteio.com.br\/?page_id=1848"},"modified":"2023-04-13T16:04:32","modified_gmt":"2023-04-13T16:04:32","slug":"copel-uh","status":"publish","type":"page","link":"https:\/\/www.esteio.com.br\/es\/executados\/cadastros-especiais\/copel-uh\/","title":{"rendered":"COPEL \u2013 UH Salto Caxias"},"content":{"rendered":"[IMAGEM_CAROUSEL]\n<p>La Usina Hidroel\u00e9ctrica de Salto Caxias es una de las grandes hidroel\u00e9ctricas que entr\u00f3 en operaci\u00f3n en los \u00faltimos tiempos en el estado de Paran\u00e1.<\/p>\n<p>Su operaci\u00f3n es en el trecho final del R\u00edo Igua\u00e7u, en las municipalidades de Nova Prata do Igua\u00e7u y Capit\u00e3o Le\u00f4nidas Marques, a 350 km al oeste de Curitiba. Su Potencia instalada es de 1.240 MW garantizando autosuficiencia hasta la mitad de la pr\u00f3xima d\u00e9cada a un costo de US$ 700 por kilovatio instalado.<\/p>\n<p>ESTEIO realiz\u00f3 los servicios de Catastro Aerofotogram\u00e9trico del \u00e1rea destinada a la futura represa de la Usina Hidroel\u00e9ctrica de Salto Caxias \u2212 PR para la Companhia Paranaense de Energ\u00eda \u2212 COPEL.<\/p>\n<p>Entre los servicios desarrollados estaban la cobertura aerofotogram\u00e9trica en la escala 1:20.000, en un \u00e1rea aproximada de 1.800 Km\u00b2, el apoyo b\u00e1sico horizontal de la regi\u00f3n, nivelaci\u00f3n geom\u00e9trica y la demarcaci\u00f3n de la cota de expropiaci\u00f3n, indispensable para los servicios de catastro.<\/p>\n<p>Adem\u00e1s de los productos convencionales de la Aerofotogrametr\u00eda y del Catastro T\u00e9cnico, se obtuvieron Cartas imagen derivadas de im\u00e1genes SPOT y Ortofotocartas Digitales del \u00e1rea de expropiaci\u00f3n, en las que se sobrepusieron los datos vectoriales del catastro t\u00e9cnico para expropiaci\u00f3n.<\/p>\n<p class=\"subtitulo\">Las principales actividades y productos de este servicio se describen a continuaci\u00f3n:<\/p>\n<ol class=\"breadcrumb\">\n<li class=\"active\">\n<ul>\n<li>Delimitaci\u00f3n de la Cota de Inundaci\u00f3n, esencial para la definici\u00f3n de los l\u00edmites de trabajo y expropiaci\u00f3n;<\/li>\n<li>Implantaci\u00f3n de RNs para que sirvan como base para trabajos actuales y futuros en el \u00e1rea de la represa;<\/li>\n<li>Dibujo Individual y Memorial Descriptivo de cada propiedad alcanzada por la barrera, dando subsidio t\u00e9cnico para las negociaciones de expropiaci\u00f3n;<\/li>\n<li>Ortofoto Digital con Catastro de Expropiaci\u00f3n Sobrepuesto, formando la cuadr\u00edcula de propiedades de la regi\u00f3n;<\/li>\n<li>Carta Imagen obtenida a partir de im\u00e1genes SPOT que cubr\u00edan el \u00e1rea de la represa.<\/li>\n<\/ul>\n<\/li>\n<\/ol>","protected":false},"excerpt":{"rendered":"<p>[IMAGEM_CAROUSEL] La Usina Hidroel\u00e9ctrica de Salto Caxias es una de las grandes hidroel\u00e9ctricas que entr\u00f3 en operaci\u00f3n en los \u00faltimos tiempos en el estado de Paran\u00e1. Su operaci\u00f3n es en &#8230;<\/p>\n","protected":false},"author":1,"featured_media":5235,"parent":1805,"menu_order":0,"comment_status":"closed","ping_status":"closed","template":"template-left-sidebar.php","meta":{"footnotes":""},"class_list":["post-1848","page","type-page","status-publish","has-post-thumbnail","hentry"],"_links":{"self":[{"href":"https:\/\/www.esteio.com.br\/es\/wp-json\/wp\/v2\/pages\/1848","targetHints":{"allow":["GET"]}}],"collection":[{"href":"https:\/\/www.esteio.com.br\/es\/wp-json\/wp\/v2\/pages"}],"about":[{"href":"https:\/\/www.esteio.com.br\/es\/wp-json\/wp\/v2\/types\/page"}],"author":[{"embeddable":true,"href":"https:\/\/www.esteio.com.br\/es\/wp-json\/wp\/v2\/users\/1"}],"replies":[{"embeddable":true,"href":"https:\/\/www.esteio.com.br\/es\/wp-json\/wp\/v2\/comments?post=1848"}],"version-history":[{"count":19,"href":"https:\/\/www.esteio.com.br\/es\/wp-json\/wp\/v2\/pages\/1848\/revisions"}],"predecessor-version":[{"id":6586,"href":"https:\/\/www.esteio.com.br\/es\/wp-json\/wp\/v2\/pages\/1848\/revisions\/6586"}],"up":[{"embeddable":true,"href":"https:\/\/www.esteio.com.br\/es\/wp-json\/wp\/v2\/pages\/1805"}],"wp:featuredmedia":[{"embeddable":true,"href":"https:\/\/www.esteio.com.br\/es\/wp-json\/wp\/v2\/media\/5235"}],"wp:attachment":[{"href":"https:\/\/www.esteio.com.br\/es\/wp-json\/wp\/v2\/media?parent=1848"}],"curies":[{"name":"wp","href":"https:\/\/api.w.org\/{rel}","templated":true}]}}