{"id":1865,"date":"2017-05-10T18:11:22","date_gmt":"2017-05-10T18:11:22","guid":{"rendered":"http:\/\/esteio.com.br\/?page_id=1865"},"modified":"2020-08-27T18:31:19","modified_gmt":"2020-08-27T18:31:19","slug":"lev-ambiental","status":"publish","type":"page","link":"https:\/\/www.esteio.com.br\/es\/executados\/cadastros-especiais\/lev-ambiental\/","title":{"rendered":"PETROBRAS &#8211; Levantamento Ambiental"},"content":{"rendered":"[IMAGEM_CAROUSEL]\n<p>Os produtos derivados de petr\u00f3leo s\u00e3o distribu\u00eddos atrav\u00e9s de uma malha dutovi\u00e1ria, espalhada por v\u00e1rios estados brasileiros, atravessando regi\u00f5es de grande diversidade morfol\u00f3gica, geol\u00f3gica, hidrol\u00f3gica, de uso e ocupa\u00e7\u00e3o do solo, biol\u00f3gica e populacional.<\/p>\n<p>Para garantir a integridade dos diversos ambientes envolvidos, prevenindo e minimizando potenciais impactos ao meio ambiente, a seguran\u00e7a do homem e do patrim\u00f4nio, a ESTEIO foi contratada para realizar de forma pioneira o Levantamento Ambiental de 5.085 Km de faixas de duto.<\/p>\n<p class=\"subtitulo\">Coleta de Dados<\/p>\n<p>Para a execu\u00e7\u00e3o deste trabalho, a ESTEIO coletou v\u00e1rias informa\u00e7\u00f5es, como dados b\u00e1sicos e dados cadastrais de campo, que est\u00e3o sendo integrados em um SIG &#8211; Sistema de Informa\u00e7\u00f5es Geogr\u00e1ficas.<\/p>\n<p class=\"subtitulo\">Dados B\u00e1sicos<\/p>\n<p>A coleta de dados b\u00e1sicos consistiu em reunir bases cartogr\u00e1ficas, mapas tem\u00e1ticos de geologia, pedologia, unidades de conserva\u00e7\u00e3o e divisas pol\u00edticas &#8211; administrativas municipais e estaduais, e delimitar as bacias hidrogr\u00e1ficas que ocorrem ao longo de todo o tra\u00e7ado das dutovias.<\/p>\n<p class=\"subtitulo\">Cadastro de Campo<\/p>\n<p>O cadastramento em campo foi realizado ao longo das faixas de dom\u00ednio dos dutos, onde locais de interesse ambiental foram identificados nas fotografias a\u00e9reas 1:8.000 atuais, descritos atrav\u00e9s do preenchimento de fichas espec\u00edficas e registrados por document\u00e1rio fotogr\u00e1fico.<\/p>\n<p>As fichas de campo e o document\u00e1rio fotogr\u00e1fico foram reunidos em um banco de dados e os elementos inseridos nas fotografias a\u00e9reas foram utilizados para a elabora\u00e7\u00e3o de mapas de localiza\u00e7\u00e3o dos Pontos de Verifica\u00e7\u00e3o Ambiental (PVA).<\/p>\n<p class=\"subtitulo\">Cartografia<\/p>\n<p>Foram utilizados como apoio cartogr\u00e1fico, outros produtos da aerofotogrametria, como a ortofoto (1:1.000) para mapeamento de detalhes, os mosaicos e fotos a\u00e9reas 1:30.000, para mapeamentos regionais e atualiza\u00e7\u00e3o da hidrologia e acessos.<\/p>\n<ol class=\"breadcrumb\">\n<li class=\"active\">\n<ul>\n<li>Junto a prefeitura e outros \u00f3rg\u00e3os p\u00fablicos dos munic\u00edpios, cujo territ\u00f3rio \u00e9 ocupado por dutos, foram coletadas informa\u00e7\u00f5es referentes a: Localiza\u00e7\u00e3o dos pontos de capta\u00e7\u00e3o de \u00e1gua;<\/li>\n<li>Localiza\u00e7\u00e3o das unidades de conserva\u00e7\u00e3o municipal;<\/li>\n<li>Rela\u00e7\u00e3o de endere\u00e7os e telefones dos \u00f3rg\u00e3os que tenham qualquer tipo de atua\u00e7\u00e3o em caso de emerg\u00eancia (hospitais, defesa civil, bombeiros, entre outros).<\/li>\n<\/ul>\n<\/li>\n<\/ol>\n<p class=\"subtitulo\">Resultados<\/p>\n<p>Os produtos gerados (Bancos de Dados do cadastramento de campo e SIG de mapas tem\u00e1ticos) permitem de maneira integrada o gerenciamento das faixas de duto, a elabora\u00e7\u00e3o de mapas de sensibilidade e vulnerabilidade ambiental.<\/p>\n<p>Em caso de acidentes com o duto, permite combat\u00ea-lo de maneira otimizada, aplicando uma log\u00edstica mais adequada, afim diminuir o tempo de resposta com o intuito de proteger e preservar da melhor maneira todo o meio ambiente envolvido, minimizando impactos ambientais.<\/p>\n<p>Os principais produtos e atividades desenvolvidas neste servi\u00e7o foram:<\/p>\n<ol class=\"breadcrumb\">\n<li class=\"active\">\n<ul>\n<li>Cadastramento de pontos de interesse ambiental ao longo das faixas de dutos;<\/li>\n<li>An\u00e1lise e coleta de par\u00e2metros ambientais em cada um dos PVA&#8217;s;<\/li>\n<li>Imagens fotogr\u00e1ficas terrestres com particularidades dos PVA&#8217;s;<\/li>\n<li>Estrutura\u00e7\u00e3o de um Banco de Dados Ambiental;<\/li>\n<li>Posicionamento cartogr\u00e1fico de PVA&#8217;s;<\/li>\n<li>Atualiza\u00e7\u00e3o de cartografia existente no que diz respeito \u00e0 componente ambiental das faixas de dutos;<\/li>\n<li>Cria\u00e7\u00e3o de um SIG Ambiental para gerenciamento das informa\u00e7\u00f5es e tomadas de decis\u00e3o;<\/li>\n<li>Ortofotos com localiza\u00e7\u00e3o precisa dos PVA&#8217;s;<\/li>\n<li>Execu\u00e7\u00e3o de Mapas de Sensibilidade e Vulnerabilidade Ambiental.<\/li>\n<\/ul>\n<\/li>\n<\/ol>","protected":false},"excerpt":{"rendered":"<p>[IMAGEM_CAROUSEL] Os produtos derivados de petr\u00f3leo s\u00e3o distribu\u00eddos atrav\u00e9s de uma malha dutovi\u00e1ria, espalhada por v\u00e1rios estados brasileiros, atravessando regi\u00f5es de grande diversidade morfol\u00f3gica, geol\u00f3gica, hidrol\u00f3gica, de uso e ocupa\u00e7\u00e3o &#8230;<\/p>\n","protected":false},"author":1,"featured_media":5242,"parent":1805,"menu_order":0,"comment_status":"closed","ping_status":"closed","template":"template-left-sidebar.php","meta":{"footnotes":""},"class_list":["post-1865","page","type-page","status-publish","has-post-thumbnail","hentry"],"_links":{"self":[{"href":"https:\/\/www.esteio.com.br\/es\/wp-json\/wp\/v2\/pages\/1865","targetHints":{"allow":["GET"]}}],"collection":[{"href":"https:\/\/www.esteio.com.br\/es\/wp-json\/wp\/v2\/pages"}],"about":[{"href":"https:\/\/www.esteio.com.br\/es\/wp-json\/wp\/v2\/types\/page"}],"author":[{"embeddable":true,"href":"https:\/\/www.esteio.com.br\/es\/wp-json\/wp\/v2\/users\/1"}],"replies":[{"embeddable":true,"href":"https:\/\/www.esteio.com.br\/es\/wp-json\/wp\/v2\/comments?post=1865"}],"version-history":[{"count":19,"href":"https:\/\/www.esteio.com.br\/es\/wp-json\/wp\/v2\/pages\/1865\/revisions"}],"predecessor-version":[{"id":5351,"href":"https:\/\/www.esteio.com.br\/es\/wp-json\/wp\/v2\/pages\/1865\/revisions\/5351"}],"up":[{"embeddable":true,"href":"https:\/\/www.esteio.com.br\/es\/wp-json\/wp\/v2\/pages\/1805"}],"wp:featuredmedia":[{"embeddable":true,"href":"https:\/\/www.esteio.com.br\/es\/wp-json\/wp\/v2\/media\/5242"}],"wp:attachment":[{"href":"https:\/\/www.esteio.com.br\/es\/wp-json\/wp\/v2\/media?parent=1865"}],"curies":[{"name":"wp","href":"https:\/\/api.w.org\/{rel}","templated":true}]}}