{"id":1875,"date":"2017-05-10T18:22:41","date_gmt":"2017-05-10T18:22:41","guid":{"rendered":"http:\/\/esteio.com.br\/?page_id=1875"},"modified":"2020-08-27T18:31:57","modified_gmt":"2020-08-27T18:31:57","slug":"pegaso","status":"publish","type":"page","link":"https:\/\/www.esteio.com.br\/es\/executados\/cadastros-especiais\/pegaso\/","title":{"rendered":"PEGASO &#8211; Projetos de Gest\u00e3o Ambiental e Seguran\u00e7a"},"content":{"rendered":"[IMAGEM_CAROUSEL]\n<p>A ESTEIO fez uso de in\u00fameras tecnologias para atender necessidades da PETROBRAS, visando a implanta\u00e7\u00e3o do PEGASO (Projetos de Gest\u00e3o Ambiental e Seguran\u00e7a Operacional) considerando mais de 5.000 km lineares de Faixas de Dutos em todo o Brasil.<\/p>\n<p>A estrutura\u00e7\u00e3o de in\u00fameras informa\u00e7\u00f5es num \u00fanico sistema com constantes atualiza\u00e7\u00f5es proporciona agilidade aos processos de gerenciamento, desenvolvimento e monitoramento, inclusive no aux\u00edlio para preven\u00e7\u00e3o de acidentes. Os acidentes representaram nos \u00faltimos anos, al\u00e9m de preju\u00edzos enormes para a PETROBRAS, tamb\u00e9m danos ao meio ambiente.<\/p>\n<p>\u00c1rea de Atua\u00e7\u00e3o<\/p>\n<p>O PEGASO representou a execu\u00e7\u00e3o de atividades em boa parte do pa\u00eds, considerando especificamente as regi\u00f5es Sul, Sudeste e Nordeste, al\u00e9m de \u00e1reas de interesse no estado de S\u00e3o Paulo, incluindo a\u00ed um ramal at\u00e9 Bras\u00edlia, com aproximadamente 1.000 km de extens\u00e3o.<\/p>\n<p>Cobertura A\u00e9rea<\/p>\n<p>Foram realizadas coberturas aerofotogram\u00e9tricas coloridas em escala 1:8.000 e 1:30.000 e a partir destes voos, al\u00e9m dos produtos usuais, foram gerados mosaicos digitais controlados de aproximadamente 9.000 km\u00b2 com imagens do voo 1:8.000 e 34.500 km\u00b2 com imagens do voo 1:30.000.<\/p>\n<p>MDT (Modelo Digital do Terreno)<\/p>\n<p>Visando a obten\u00e7\u00e3o de MDT para gera\u00e7\u00e3o de ortofotocartas, al\u00e9m dos processos convencionais de capta\u00e7\u00e3o fotogram\u00e9trica para altimetria, foi utilizada a tecnologia de Perfilamento LASER com uso do equipamento ALTM &#8211; Airborne Laser Terrain Mapper da Optech Inc.. Este processo foi determinante para conclus\u00e3o dos trabalhos dentro dos prazos acordados.<\/p>\n<p>Ortofotocartas 1:1.000<\/p>\n<p>Da cobertura aerofotogram\u00e9trica em escala 1:8.000 foram derivadas ortofotocartas na escala 1:1.000 ap\u00f3s fases antecessoras de apoio fotogram\u00e9trico e aerotriangula\u00e7\u00e3o, considerando uma extens\u00e3o de 1.000 m em cada folha, em aten\u00e7\u00e3o ao padr\u00e3o PETROBRAS. Para atender o PEGASO, gerou-se mais de 2.000 km\u00b2 de ortofotocartas para os trechos de interesse.<\/p>\n<p>Planta e Perfil<\/p>\n<p>A extens\u00e3o das Faixas de Dutos foi representada em perfil longitudinal, com integra\u00e7\u00e3o de informa\u00e7\u00f5es pontuais para utiliza\u00e7\u00e3o em futuros controles.<\/p>\n<p>Este perfil longitudinal e as imagens de ortofotocartas foram disponibilizados como &#8220;planta e perfil&#8221;, complementadas por vetores originados de servi\u00e7os de recadastro e de informa\u00e7\u00f5es extra\u00eddas de desenhos As Built fornecidos pela PETROBRAS.<\/p>\n<p>Documentos Vetorizados<\/p>\n<p>Estes desenhos, numa quantidade aproximada de 20.000 unidades, em sua maioria em formato A1, foram rasterizados em formato TIF, receberam tratamento digital de imagem e foram disponibilizados pela ESTEIO, em formato PDF para integrar o sistema de informa\u00e7\u00f5es.<\/p>\n<p>Foram vetorizados cerca de 7.500 desenhos de interesse que reunidos a outros fornecidos pela PETROBRAS j\u00e1 em formato DWG, foram integrados aos produtos planta e perfil gerados pela ESTEO, com a possibilidade de futuras atualiza\u00e7\u00f5es de acordo com o interesse da PETROBRAS.<\/p>\n<p>Recadastro<\/p>\n<p>Outra atividade neste processo, foi o recadastramento de aproximadamente 9.000 propriedades atingidas pelas servid\u00f5es de passagem das faixas de dutos de interesse. As informa\u00e7\u00f5es deste recadastro foram registradas em ficha pr\u00f3pria e em conjunto com perto de outros 18.000 documentos obtidos em campo, rasterizados e tratados em escrit\u00f3rio, montaram um banco de dados espec\u00edfico no sistema de informa\u00e7\u00f5es gerado.<\/p>\n<p>Marcos Implantados<\/p>\n<p>Independente das atividades de apoio fotogram\u00e9trico necess\u00e1rias ao mapeamento previsto, foi implantada uma rede de pontos geod\u00e9sicos, composta por 41 marcos, alguns implantados anteriormente pela pr\u00f3pria PETROBRAS.<\/p>\n<p>Estes marcos s\u00e3o compat\u00edveis com Sistema de 1\u00aa Ordem do IBGE e formam uma rede fiducial de alta precis\u00e3o que servir\u00e1 exclusivamente para amarra\u00e7\u00e3o de futuros servi\u00e7os mapeamento, localiza\u00e7\u00e3o ou implanta\u00e7\u00e3o de novos dutos.<\/p>\n<p>Equipe de Desenvolvimento<\/p>\n<p>Ao Sistema de Informa\u00e7\u00f5es do PEGASO foram inseridas informa\u00e7\u00f5es e produtos deste servi\u00e7o utilizando recursos de 15.000 horas de profissionais de n\u00edvel superior (cart\u00f3grafos, analistas e programadores) al\u00e9m de outras 25.000 horas de t\u00e9cnicos de n\u00edvel m\u00e9dio (cadistas e auxiliares de programa\u00e7\u00e3o), integrados numa \u00fanica equipe para a montagem final do sistema chamada de Equipe de Desenvolvimento PEGASO e que ficou sob a supervis\u00e3o direta da PETROBRAS.<\/p>\n<p>Interfer\u00eancias<\/p>\n<p>Oriundo dos recursos do PEGASO, realizou-se o Cadastro de Interfer\u00eancias em pontos espec\u00edficos das faixas de dutos. Esta atividade consistiu em levantar situa\u00e7\u00f5es que determinavam necessidade de interven\u00e7\u00e3o da empresa, para melhor controle de ocupa\u00e7\u00f5es em \u00e1reas de influ\u00eancia das faixas de dutos. Fruto destas observa\u00e7\u00f5es, viabilizou-se estudos de adequa\u00e7\u00f5es de tra\u00e7ados em regi\u00f5es com necessidades e\/ou possibilidades de altera\u00e7\u00f5es.<\/p>\n<p>Outros Produtos<\/p>\n<p>Diante da reuni\u00e3o de informa\u00e7\u00f5es que o PEGASO proporcionou, outras atividades foram realizadas de acordo com os interesses imediatos da PETROBRAS, destacando-se a apresenta\u00e7\u00e3o de v\u00e1rios produtos gerenciais como mosaicos de \u00e1reas espec\u00edficas, recursos para acompanhamento e planejamento de obras emergenciais em ambiente ArcView e em formatos anal\u00f3gicos e do produto chamado e-book em formato digital e tamb\u00e9m impresso, com a condi\u00e7\u00e3o de visualiza\u00e7\u00e3o r\u00e1pida e eficiente dos trechos trabalhados para o n\u00edvel gerencial da PETROBRAS.","protected":false},"excerpt":{"rendered":"<p>[IMAGEM_CAROUSEL] A ESTEIO fez uso de in\u00fameras tecnologias para atender necessidades da PETROBRAS, visando a implanta\u00e7\u00e3o do PEGASO (Projetos de Gest\u00e3o Ambiental e Seguran\u00e7a Operacional) considerando mais de 5.000 km &#8230;<\/p>\n","protected":false},"author":1,"featured_media":5245,"parent":1805,"menu_order":0,"comment_status":"closed","ping_status":"closed","template":"template-left-sidebar.php","meta":{"footnotes":""},"class_list":["post-1875","page","type-page","status-publish","has-post-thumbnail","hentry"],"_links":{"self":[{"href":"https:\/\/www.esteio.com.br\/es\/wp-json\/wp\/v2\/pages\/1875","targetHints":{"allow":["GET"]}}],"collection":[{"href":"https:\/\/www.esteio.com.br\/es\/wp-json\/wp\/v2\/pages"}],"about":[{"href":"https:\/\/www.esteio.com.br\/es\/wp-json\/wp\/v2\/types\/page"}],"author":[{"embeddable":true,"href":"https:\/\/www.esteio.com.br\/es\/wp-json\/wp\/v2\/users\/1"}],"replies":[{"embeddable":true,"href":"https:\/\/www.esteio.com.br\/es\/wp-json\/wp\/v2\/comments?post=1875"}],"version-history":[{"count":15,"href":"https:\/\/www.esteio.com.br\/es\/wp-json\/wp\/v2\/pages\/1875\/revisions"}],"predecessor-version":[{"id":5247,"href":"https:\/\/www.esteio.com.br\/es\/wp-json\/wp\/v2\/pages\/1875\/revisions\/5247"}],"up":[{"embeddable":true,"href":"https:\/\/www.esteio.com.br\/es\/wp-json\/wp\/v2\/pages\/1805"}],"wp:featuredmedia":[{"embeddable":true,"href":"https:\/\/www.esteio.com.br\/es\/wp-json\/wp\/v2\/media\/5245"}],"wp:attachment":[{"href":"https:\/\/www.esteio.com.br\/es\/wp-json\/wp\/v2\/media?parent=1875"}],"curies":[{"name":"wp","href":"https:\/\/api.w.org\/{rel}","templated":true}]}}