{"id":1911,"date":"2017-05-11T13:28:34","date_gmt":"2017-05-11T13:28:34","guid":{"rendered":"http:\/\/esteio.com.br\/?page_id=1911"},"modified":"2022-05-26T14:17:23","modified_gmt":"2022-05-26T14:17:23","slug":"cadastro-urbano-e-rural","status":"publish","type":"page","link":"https:\/\/www.esteio.com.br\/es\/executados\/cadastro-urbano-e-rural\/","title":{"rendered":"Cadastro Urbano e Rural"},"content":{"rendered":"De forma geral, o Levantamento Cadastral \u00e9 uma atividade realizada basicamente em campo, utilizando v\u00e1rias t\u00e9cnicas de obten\u00e7\u00e3o de informa\u00e7\u00f5es tais como fichas cadastrais, coletores de dados, GPS RTK (Real Time Kinemathic), fotografias e outros.<\/p>\n<p>O Cadastro Urbano cuja principal fun\u00e7\u00e3o \u00e9 regulariza\u00e7\u00e3o para impostos prediais e territoriais requer a elabora\u00e7\u00e3o de croquis das edifica\u00e7\u00f5es e sua localiza\u00e7\u00e3o espacial no terreno. Al\u00e9m disso, s\u00e3o coletadas informa\u00e7\u00f5es de car\u00e1ter construtivo que s\u00e3o utilizadas para taxa\u00e7\u00e3o. O tipo e detalhamento desta informa\u00e7\u00e3o cadastral \u00e9 muito dependente de cada Administra\u00e7\u00e3o P\u00fablica.<\/p>\n<p>O Cadastro Rural geralmente \u00e9 feito com o objetivo de conhecer a malha fundi\u00e1ria da regi\u00e3o, permitindo a regulariza\u00e7\u00e3o dos ocupantes no que diz respeito \u00e0 titula\u00e7\u00e3o de propriedade ou usucapi\u00e3o.<\/p>\n<p>Complementa o Levantamento Cadastral, a prepara\u00e7\u00e3o do Cadastro Jur\u00eddico que \u00e9 composto de toda a documenta\u00e7\u00e3o do morador ou propriet\u00e1rio e a documenta\u00e7\u00e3o da propriedade.<\/p>\n<p class=\"subtitulo\">Artigos Relacionados<\/p>\n<ol class=\"breadcrumb\">\n<li class=\"active\">\n<ul>\n<li><a href=\"http:\/\/esteio.com.br\/downloads\/2007\/alem_da_lei_10267-2001.pdf\" target=\"_blank\" rel=\"noopener noreferrer\">Al\u00e9m da Lei 10.267\/2001<\/a><\/li>\n<li><a href=\"http:\/\/esteio.com.br\/downloads\/2007\/automatizacao.pdf\" target=\"_blank\" rel=\"noopener noreferrer\">At\u00e9 Onde \u00e9 Poss\u00edvel Automatizar?<\/a><\/li>\n<li><a href=\"http:\/\/esteio.com.br\/downloads\/2008\/inventarios-e-partilhas-em-cartorios.pdf\" target=\"_blank\" rel=\"noopener noreferrer\">Invent\u00e1rios e Partilhas Agora em Cart\u00f3rios &#8211; Mais um Passo para a Regulariza\u00e7\u00e3o Jur\u00eddica de Im\u00f3veis?<\/a><\/li>\n<li><a href=\"http:\/\/esteio.com.br\/downloads\/2009\/Lei_4321-08.pdf\" target=\"_blank\" rel=\"noopener noreferrer\">Lei 4.321\/08 &#8211; Mais um Aux\u00edlio para a Regulariza\u00e7\u00e3o Fundi\u00e1ria e Registro de Im\u00f3veis?<\/a><\/li>\n<\/ul>\n<\/li>\n<\/ol>","protected":false},"excerpt":{"rendered":"<p>De forma geral, o Levantamento Cadastral \u00e9 uma atividade realizada basicamente em campo, utilizando v\u00e1rias t\u00e9cnicas de obten\u00e7\u00e3o de informa\u00e7\u00f5es tais como fichas cadastrais, coletores de dados, GPS RTK (Real &#8230;<\/p>\n","protected":false},"author":1,"featured_media":0,"parent":1290,"menu_order":0,"comment_status":"closed","ping_status":"closed","template":"template-left-sidebar.php","meta":{"footnotes":""},"class_list":["post-1911","page","type-page","status-publish","hentry"],"_links":{"self":[{"href":"https:\/\/www.esteio.com.br\/es\/wp-json\/wp\/v2\/pages\/1911","targetHints":{"allow":["GET"]}}],"collection":[{"href":"https:\/\/www.esteio.com.br\/es\/wp-json\/wp\/v2\/pages"}],"about":[{"href":"https:\/\/www.esteio.com.br\/es\/wp-json\/wp\/v2\/types\/page"}],"author":[{"embeddable":true,"href":"https:\/\/www.esteio.com.br\/es\/wp-json\/wp\/v2\/users\/1"}],"replies":[{"embeddable":true,"href":"https:\/\/www.esteio.com.br\/es\/wp-json\/wp\/v2\/comments?post=1911"}],"version-history":[{"count":3,"href":"https:\/\/www.esteio.com.br\/es\/wp-json\/wp\/v2\/pages\/1911\/revisions"}],"predecessor-version":[{"id":6001,"href":"https:\/\/www.esteio.com.br\/es\/wp-json\/wp\/v2\/pages\/1911\/revisions\/6001"}],"up":[{"embeddable":true,"href":"https:\/\/www.esteio.com.br\/es\/wp-json\/wp\/v2\/pages\/1290"}],"wp:attachment":[{"href":"https:\/\/www.esteio.com.br\/es\/wp-json\/wp\/v2\/media?parent=1911"}],"curies":[{"name":"wp","href":"https:\/\/api.w.org\/{rel}","templated":true}]}}