{"id":1923,"date":"2017-05-11T13:36:20","date_gmt":"2017-05-11T13:36:20","guid":{"rendered":"http:\/\/esteio.com.br\/?page_id=1923"},"modified":"2020-08-27T19:05:58","modified_gmt":"2020-08-27T19:05:58","slug":"sao-bernardo","status":"publish","type":"page","link":"https:\/\/www.esteio.com.br\/es\/executados\/cadastro-urbano-e-rural\/sao-bernardo\/","title":{"rendered":"Mapeamento e Cadastro Urbano de S\u00e3o Bernardo do Campo"},"content":{"rendered":"[IMAGEM_CAROUSEL]\n<p>O munic\u00edpio de S\u00e3o Bernardo do Campo \u00e9 um dos mais importantes do Estado de S\u00e3o Paulo. Faz parte do chamado ABC paulista, que comp\u00f5e uma das regi\u00f5es mais industrializadas do pa\u00eds, com import\u00e2ncia relevante na gest\u00e3o da Regi\u00e3o Metropolitana de S\u00e3o Paulo.<br \/>\nSeu territ\u00f3rio possui em torno de 409 km\u00b2, sendo divididos em aproximadamente 118 km\u00b2 de zona urbana e 215 km\u00b2 de zona rural. Tamb\u00e9m possui a represa Billings com aproximadamente 76 km\u00b2.<br \/>\nSua ocupa\u00e7\u00e3o urbana \u00e9 bastante concentrada na parte norte do munic\u00edpio, devido a mais de 53% do seu territ\u00f3rio ser formado por \u00e1rea de prote\u00e7\u00e3o de mananciais, com vegeta\u00e7\u00e3o predominantemente de mapa atl\u00e2ntica.<br \/>\nSua popula\u00e7\u00e3o \u00e9 formada por aproximadamente 806 mil habitantes, com uma economia baseada em servi\u00e7os e ind\u00fastria, um PIB de aproximadamente 34 bilh\u00f5es de reais, sendo o 6\u00b0 maior do Estado de S\u00e3o Paulo e o 16\u00b0 do Brasil.<br \/>\nO munic\u00edpio comemorou em 2015 seus 70 anos de instala\u00e7\u00e3o, embora sua hist\u00f3ria tenha tido in\u00edcio por volta de 1550, com a Vila de Santo Andr\u00e9 da Borda do Campo e seu desenvolvimento a partir de 1877, com o desenvolvimento da Vila de S\u00e3o Bernardo ao redor das terras dos monges beneditinos e do principal caminho rumo \u00e0 cidade de Santos.<\/p>\n<p class=\"subtitulo\">Atualiza\u00e7\u00e3o da Base Cartogr\u00e1fica<\/p>\n<p>A Secretaria de Planejamento Urbano e A\u00e7\u00e3o Regional busca manter a base cartogr\u00e1fica de S\u00e3o Bernardo do Campo atualizada para dar suporte ao planejamento e acompanhamento da ocupa\u00e7\u00e3o urbana da cidade, bem como avaliar as necessidades de obras e melhorias e servir de base para promo\u00e7\u00e3o da justi\u00e7a fiscal.<br \/>\nEsse objetivo est\u00e1 sendo mais uma vez alcan\u00e7ado com a realiza\u00e7\u00e3o de um servi\u00e7o de mapeamento digital de todo o munic\u00edpio, apoiado nas mais modernas tecnologias de capta\u00e7\u00e3o digital de imagem a\u00e9rea e gera\u00e7\u00e3o de produtos cartogr\u00e1ficos para os mais variados fins.<br \/>\nOs servi\u00e7os e produtos foram contratados junto a ESTEIO Engenharia e Aerolevantamentos S.A. e adequados \u00e0s necessidades e caracter\u00edsticas do munic\u00edpio. Para isso, o territ\u00f3rio foi dividido em \u00e1rea de maior densidade, menor densidade e a Represa Billings.<br \/>\nEntre os principais objetivos deste servi\u00e7o, estava a obten\u00e7\u00e3o de uma base cartogr\u00e1fica digital \u00fanica com PEC Classe A, nas escalas 1:1.000 para a \u00e1rea de maior densidade populacional e 1:5.000 para a \u00e1rea de menor densidade populacional.<br \/>\nAl\u00e9m disso, a obten\u00e7\u00e3o de um modelo digital de terreno (MDT) com curvas de n\u00edvel equidistantes de 01 (um) metro na \u00e1rea mais densa e de 05 (cinco) metros na \u00e1rea menos densa, bem como a gera\u00e7\u00e3o de ortofotos digitais complementaram os produtos cartogr\u00e1ficos previstos.<br \/>\nTodos os produtos desta base cartogr\u00e1fica atenderam aos processos de atualiza\u00e7\u00e3o e melhoria na arrecada\u00e7\u00e3o tribut\u00e1ria municipal, integrando o cadastro fiscal \u00e0 cartografia atualizada, atrav\u00e9s de um SIG estruturado para dar suporte tamb\u00e9m aos projetos b\u00e1sicos de urbanismo e infraestrutura do munic\u00edpio.<br \/>\nUma rede de marcos geod\u00e9sicos tamb\u00e9m foi implantada e integrada a estes produtos, visando garantir uma atualiza\u00e7\u00e3o futura compat\u00edvel com a base cartogr\u00e1fica produzida e dar suporte a implanta\u00e7\u00e3o de melhorias urbanas.<br \/>\nOs servi\u00e7os de capta\u00e7\u00e3o de dados fotogr\u00e1ficos foram realizados no m\u00eas de Agosto\/2014 e visando atender aos produtos especificados, foram realizadas coberturas aerofotogram\u00e9tricas com GSD (<em>Ground Sample Distance &#8211; dimens\u00e3o do pixel no terreno<\/em>) igual a 10 cm e 40 cm, respectivamente as escalas de produtos previstas de 1:1.000 e 1:5.000.<br \/>\nAp\u00f3s a realiza\u00e7\u00e3o das atividades intermedi\u00e1rias de apoio terrestre e aerotriangula\u00e7\u00e3o, a restitui\u00e7\u00e3o fotogram\u00e9trica das fei\u00e7\u00f5es naturais e artificiais previstas foi realizada, de forma a se obter o mapeamento digital \u00fanico de todo o munic\u00edpio, assim como a gera\u00e7\u00e3o das informa\u00e7\u00f5es de relevo e das ortofotos digitais.<\/p>\n<p class=\"subtitulo\">Recadastramento Imobili\u00e1rio<\/p>\n<p>A partir da base cartogr\u00e1fica gerada, a fase de recadastramento imobili\u00e1rio foi iniciada com uma vistoria <em>in loco<\/em> de todos os im\u00f3veis do munic\u00edpio, com uma avalia\u00e7\u00e3o externa e cadastro fotogr\u00e1fico.<br \/>\nParalelamente a vistoria de campo foi realizada a prepara\u00e7\u00e3o da base espacial, com a compatibiliza\u00e7\u00e3o da base fiscal atual \u00e0 nova base cartogr\u00e1fica. Com estas informa\u00e7\u00f5es coletadas, foi realizada a fase de vetoriza\u00e7\u00e3o das edifica\u00e7\u00f5es sobre as imagens das ortofotos, apoiada nos dados coletados em campo e informa\u00e7\u00f5es complementares da PMSBC, al\u00e9m de considerar os aspectos construtivos relevantes para o c\u00e1lculo da \u00e1rea como a largura do beiral.<br \/>\nCom o valor da \u00e1rea apurada atrav\u00e9s da vetoriza\u00e7\u00e3o, foi realizada a confronta\u00e7\u00e3o com os dados contidos no banco de dados atual da PMSBC. Os resultados compuseram o relat\u00f3rio de diverg\u00eancia, que considerou v\u00e1rios aspectos, principalmente as varia\u00e7\u00f5es percentuais superiores ou inferiores a 10%.<br \/>\nEstes casos geraram a emiss\u00e3o de uma carta de notifica\u00e7\u00e3o ao contribuinte, com o objetivo de sanar as poss\u00edveis inconsist\u00eancias entre os resultados encontrados, bem como atualizar as informa\u00e7\u00f5es do banco de dados da PMSBC.<br \/>\nOs casos de diverg\u00eancia entre a PMSBC e o contribuinte, caracterizada pelo m\u00e9todo de vistoria adotado, foi realizado o recadastro imobili\u00e1rio completo, com tomada de todas as medidas com trena e em campo, de forma a dimensionar detalhadamente a edifica\u00e7\u00e3o, com emiss\u00e3o de croquis e apura\u00e7\u00e3o da nova \u00e1rea constru\u00edda.","protected":false},"excerpt":{"rendered":"<p>[IMAGEM_CAROUSEL] O munic\u00edpio de S\u00e3o Bernardo do Campo \u00e9 um dos mais importantes do Estado de S\u00e3o Paulo. Faz parte do chamado ABC paulista, que comp\u00f5e uma das regi\u00f5es mais &#8230;<\/p>\n","protected":false},"author":1,"featured_media":5367,"parent":1911,"menu_order":0,"comment_status":"closed","ping_status":"closed","template":"template-left-sidebar.php","meta":{"footnotes":""},"class_list":["post-1923","page","type-page","status-publish","has-post-thumbnail","hentry"],"_links":{"self":[{"href":"https:\/\/www.esteio.com.br\/es\/wp-json\/wp\/v2\/pages\/1923","targetHints":{"allow":["GET"]}}],"collection":[{"href":"https:\/\/www.esteio.com.br\/es\/wp-json\/wp\/v2\/pages"}],"about":[{"href":"https:\/\/www.esteio.com.br\/es\/wp-json\/wp\/v2\/types\/page"}],"author":[{"embeddable":true,"href":"https:\/\/www.esteio.com.br\/es\/wp-json\/wp\/v2\/users\/1"}],"replies":[{"embeddable":true,"href":"https:\/\/www.esteio.com.br\/es\/wp-json\/wp\/v2\/comments?post=1923"}],"version-history":[{"count":4,"href":"https:\/\/www.esteio.com.br\/es\/wp-json\/wp\/v2\/pages\/1923\/revisions"}],"predecessor-version":[{"id":5369,"href":"https:\/\/www.esteio.com.br\/es\/wp-json\/wp\/v2\/pages\/1923\/revisions\/5369"}],"up":[{"embeddable":true,"href":"https:\/\/www.esteio.com.br\/es\/wp-json\/wp\/v2\/pages\/1911"}],"wp:featuredmedia":[{"embeddable":true,"href":"https:\/\/www.esteio.com.br\/es\/wp-json\/wp\/v2\/media\/5367"}],"wp:attachment":[{"href":"https:\/\/www.esteio.com.br\/es\/wp-json\/wp\/v2\/media?parent=1923"}],"curies":[{"name":"wp","href":"https:\/\/api.w.org\/{rel}","templated":true}]}}