{"id":1938,"date":"2017-05-11T13:55:04","date_gmt":"2017-05-11T13:55:04","guid":{"rendered":"http:\/\/esteio.com.br\/?page_id=1938"},"modified":"2020-08-27T20:09:37","modified_gmt":"2020-08-27T20:09:37","slug":"iplanrio","status":"publish","type":"page","link":"https:\/\/www.esteio.com.br\/es\/executados\/cartografia\/iplanrio\/","title":{"rendered":"Base Cartogr\u00e1fica do Rio de Janeiro para IPLANRIO"},"content":{"rendered":"<div>\n<div>[IMAGEM_CAROUSEL]<\/div>\n<\/div>\n<p>A antiga IPLANRIO &#8211; Empresa Municipal de TI e Planejamento, hoje IPP &#8211; Instituto Municipal de Urbanismo Pereira Passos, contratou servi\u00e7os de Mapeamento Digital em \u00c1reas Urbanas de um total de 700 km\u00b2 em \u00e1reas urbanizadas e 26 km\u00b2 em \u00e1reas de favelas, separados em dois lotes de servi\u00e7os.<\/p>\n<p>Assim, foi realizado o mapeamento digital de cerca de 220 km\u00b2 abrangendo v\u00e1rios bairros do Munic\u00edpio do Rio de Janeiro e 13 km\u00b2 de \u00e1reas ocupadas por popula\u00e7\u00e3o de baixa renda.<\/p>\n<p>Estes servi\u00e7os se originaram em uma Cobertura Aerofotogram\u00e9trica na escala 1:8.000 para o mapeamento das \u00e1reas mais urbanizadas e uma Cobertura na escala 1:4.000 para mapeamento das \u00e1reas ocupadas por popula\u00e7\u00e3o de baixa renda.<\/p>\n<p>A Cobertura em maior escala se fez necess\u00e1ria devido a complexidade de extra\u00e7\u00e3o de elementos gr\u00e1ficos na regi\u00e3o de favelas onde edifica\u00e7\u00f5es e estrutura vi\u00e1rias n\u00e3o seguem nenhum padr\u00e3o.<\/p>\n<p>A partir destas Coberturas, foram captadas por fotogrametria, as \u00e1reas que correspondem aos Bairros da cidade do Rio de Janeiro.<\/p>\n<p>Posteriormente, estes arquivos digitais resultantes foram unidos e articulados em formato de Plantas Cartogr\u00e1ficas para obten\u00e7\u00e3o de produtos finais.<\/p>\n<p>Como trabalho complementar \u00e0 reambula\u00e7\u00e3o executada, foram ainda coletados os n\u00fameros prediais das edifica\u00e7\u00f5es que serviriam de subs\u00eddio para a realiza\u00e7\u00e3o do SIG.<\/p>\n<p class=\"subtitulo\">As atividades principais e os produtos obtidos neste servi\u00e7o foram:<\/p>\n<ol class=\"breadcrumb\">\n<li class=\"active\">\n<ul>\n<li>Cobertura Aerofotogram\u00e9trica nas escalas 1:8.000 e 1:4.000;<\/li>\n<li>Apoio Terrestre por GPS e Aerotriangula\u00e7\u00e3o;<\/li>\n<li>Restitui\u00e7\u00e3o Digital;<\/li>\n<li>Reambula\u00e7\u00e3o;<\/li>\n<li>Levantamento da numera\u00e7\u00e3o de porta das casas;<\/li>\n<li>Arquivos digitais por bairro, na escala 1:2.000;<\/li>\n<li>Cartas Planialtim\u00e9tricas na escala 1:2.000;<\/li>\n<li>Arquivos digitais das favelas na escala 1:1.000.<\/li>\n<\/ul>\n<\/li>\n<\/ol>","protected":false},"excerpt":{"rendered":"<p>[IMAGEM_CAROUSEL] A antiga IPLANRIO &#8211; Empresa Municipal de TI e Planejamento, hoje IPP &#8211; Instituto Municipal de Urbanismo Pereira Passos, contratou servi\u00e7os de Mapeamento Digital em \u00c1reas Urbanas de um &#8230;<\/p>\n","protected":false},"author":1,"featured_media":5375,"parent":1930,"menu_order":0,"comment_status":"closed","ping_status":"closed","template":"template-left-sidebar.php","meta":{"footnotes":""},"class_list":["post-1938","page","type-page","status-publish","has-post-thumbnail","hentry"],"_links":{"self":[{"href":"https:\/\/www.esteio.com.br\/es\/wp-json\/wp\/v2\/pages\/1938","targetHints":{"allow":["GET"]}}],"collection":[{"href":"https:\/\/www.esteio.com.br\/es\/wp-json\/wp\/v2\/pages"}],"about":[{"href":"https:\/\/www.esteio.com.br\/es\/wp-json\/wp\/v2\/types\/page"}],"author":[{"embeddable":true,"href":"https:\/\/www.esteio.com.br\/es\/wp-json\/wp\/v2\/users\/1"}],"replies":[{"embeddable":true,"href":"https:\/\/www.esteio.com.br\/es\/wp-json\/wp\/v2\/comments?post=1938"}],"version-history":[{"count":6,"href":"https:\/\/www.esteio.com.br\/es\/wp-json\/wp\/v2\/pages\/1938\/revisions"}],"predecessor-version":[{"id":5376,"href":"https:\/\/www.esteio.com.br\/es\/wp-json\/wp\/v2\/pages\/1938\/revisions\/5376"}],"up":[{"embeddable":true,"href":"https:\/\/www.esteio.com.br\/es\/wp-json\/wp\/v2\/pages\/1930"}],"wp:featuredmedia":[{"embeddable":true,"href":"https:\/\/www.esteio.com.br\/es\/wp-json\/wp\/v2\/media\/5375"}],"wp:attachment":[{"href":"https:\/\/www.esteio.com.br\/es\/wp-json\/wp\/v2\/media?parent=1938"}],"curies":[{"name":"wp","href":"https:\/\/api.w.org\/{rel}","templated":true}]}}