{"id":1941,"date":"2017-05-11T13:56:34","date_gmt":"2017-05-11T13:56:34","guid":{"rendered":"http:\/\/esteio.com.br\/?page_id=1941"},"modified":"2020-08-27T20:11:10","modified_gmt":"2020-08-27T20:11:10","slug":"paranacidade","status":"publish","type":"page","link":"https:\/\/www.esteio.com.br\/es\/executados\/cartografia\/paranacidade\/","title":{"rendered":"Mapeamento Digital de v\u00e1rios munic\u00edpios do Paran\u00e1 para PARANACIDADE"},"content":{"rendered":"<div>\n<div>[IMAGEM_CAROUSEL]<\/div>\n<\/div>\n<p>O Estado do Paran\u00e1, atrav\u00e9s do Programa Estadual de Apoio ao Desenvolvimento Urbano &#8211; PARAN\u00c1 URBANO, tem como objetivo b\u00e1sico promover a melhoria da qualidade de vida da popula\u00e7\u00e3o.<\/p>\n<p>Para tal, desenvolve Programas integrados que pretendem uma melhora substancial na infra-estrutura dos Munic\u00edpios.<\/p>\n<p>Alguns Programas asseguraram uma melhora substancial na parte social, atrav\u00e9s da implanta\u00e7\u00e3o de projetos b\u00e1sicos de saneamento, de sa\u00fade e de assist\u00eancia \u00e0 inf\u00e2ncia, pavimenta\u00e7\u00e3o de ruas, ilumina\u00e7\u00e3o p\u00fablica, obras-de-arte, meio ambiente e a cria\u00e7\u00e3o de espa\u00e7os para novas pequenas empresas, possibilitando a gera\u00e7\u00e3o de empregos fixos e tempor\u00e1rios.<\/p>\n<p>O Programa tem a participa\u00e7\u00e3o financeira do Banco Interamericano de Desenvolvimento &#8211; BID, do Governo do Estado do Paran\u00e1 e dos munic\u00edpios e a coordena\u00e7\u00e3o da execu\u00e7\u00e3o do Programa est\u00e1 a cargo da Secretaria de Estado do Desenvolvimento Urbano &#8211; SEDU.<\/p>\n<p>Como a cartografia \u00e9 a base de qualquer planejamento, a ESTEIO participa deste tipo de Programa efetuando sistematicamente servi\u00e7os de Mapeamento Planialtim\u00e9trico Digital na escala 1:2.000, 1:5.000 e 1:10.000 para o Servi\u00e7o Social Aut\u00f4nomo PARANACIDADE.<\/p>\n<p class=\"subtitulo\">As atividades principais e os produtos obtidos neste servi\u00e7o est\u00e3o descritos abaixo:<\/p>\n<ol class=\"breadcrumb\">\n<li class=\"active\">\n<ul>\n<li>Cobertura Aerofotogram\u00e9trica na escala 1:8.000;<\/li>\n<li>Densifica\u00e7\u00e3o do Apoio Terrestre em cada Munic\u00edpio mapeado;<\/li>\n<li>Cartas Planialtim\u00e9tricas nas escalas 1:2.000, 1:5.000 e 1:10.000;<\/li>\n<li>Arquivos Digitais nas escalas 1:2.000, 1:5.000 e 1:10.000.<\/li>\n<\/ul>\n<\/li>\n<\/ol>","protected":false},"excerpt":{"rendered":"<p>[IMAGEM_CAROUSEL] O Estado do Paran\u00e1, atrav\u00e9s do Programa Estadual de Apoio ao Desenvolvimento Urbano &#8211; PARAN\u00c1 URBANO, tem como objetivo b\u00e1sico promover a melhoria da qualidade de vida da popula\u00e7\u00e3o. &#8230;<\/p>\n","protected":false},"author":1,"featured_media":5377,"parent":1930,"menu_order":0,"comment_status":"closed","ping_status":"closed","template":"template-left-sidebar.php","meta":{"footnotes":""},"class_list":["post-1941","page","type-page","status-publish","has-post-thumbnail","hentry"],"_links":{"self":[{"href":"https:\/\/www.esteio.com.br\/es\/wp-json\/wp\/v2\/pages\/1941","targetHints":{"allow":["GET"]}}],"collection":[{"href":"https:\/\/www.esteio.com.br\/es\/wp-json\/wp\/v2\/pages"}],"about":[{"href":"https:\/\/www.esteio.com.br\/es\/wp-json\/wp\/v2\/types\/page"}],"author":[{"embeddable":true,"href":"https:\/\/www.esteio.com.br\/es\/wp-json\/wp\/v2\/users\/1"}],"replies":[{"embeddable":true,"href":"https:\/\/www.esteio.com.br\/es\/wp-json\/wp\/v2\/comments?post=1941"}],"version-history":[{"count":5,"href":"https:\/\/www.esteio.com.br\/es\/wp-json\/wp\/v2\/pages\/1941\/revisions"}],"predecessor-version":[{"id":5378,"href":"https:\/\/www.esteio.com.br\/es\/wp-json\/wp\/v2\/pages\/1941\/revisions\/5378"}],"up":[{"embeddable":true,"href":"https:\/\/www.esteio.com.br\/es\/wp-json\/wp\/v2\/pages\/1930"}],"wp:featuredmedia":[{"embeddable":true,"href":"https:\/\/www.esteio.com.br\/es\/wp-json\/wp\/v2\/media\/5377"}],"wp:attachment":[{"href":"https:\/\/www.esteio.com.br\/es\/wp-json\/wp\/v2\/media?parent=1941"}],"curies":[{"name":"wp","href":"https:\/\/api.w.org\/{rel}","templated":true}]}}