{"id":1951,"date":"2017-05-11T16:21:44","date_gmt":"2017-05-11T16:21:44","guid":{"rendered":"http:\/\/esteio.com.br\/?page_id=1951"},"modified":"2020-08-28T13:33:56","modified_gmt":"2020-08-28T13:33:56","slug":"bota-fora","status":"publish","type":"page","link":"https:\/\/www.esteio.com.br\/es\/executados\/cartografia-para-dutos\/bota-fora\/","title":{"rendered":"Bota Fora ESMAN"},"content":{"rendered":"[IMAGEM_CAROUSEL]\n<p>A ESTEIO foi contratada pela PETROBRAS para cadastro t\u00e9cnico de \u00e1reas para dep\u00f3sito de materiais provenientes de cortes e escava\u00e7\u00f5es (bota-fora) e para levantamentos em \u00e1reas para constru\u00e7\u00e3o de acessos. A atividade constituiu mais uma etapa da implanta\u00e7\u00e3o da faixa de dutos do GASBEL II &#8211; Gasoduto Rio de Janeiro &#8211; Belo Horizonte, empreendimento que atinge a 18 munic\u00edpios dos estados do Rio de Janeiro e Minas Gerais.<\/p>\n<p>Os servi\u00e7os executados pela ESTEIO compreenderam: reambula\u00e7\u00e3o, cadastramento fotogr\u00e1fico das \u00e1reas, atualiza\u00e7\u00e3o de cadastramento jur\u00eddico, em alguns casos, e verifica\u00e7\u00e3o das condi\u00e7\u00f5es topogr\u00e1ficas e ambientais, com ajustes nos pol\u00edgonos previstos para bota-fora, quando verificada a necessidade. Os servi\u00e7os foram realizados nos munic\u00edpios conforme composi\u00e7\u00e3o demonstrada pelos quadros de composi\u00e7\u00e3o das Fichas Cadastrais logo abaixo.<\/p>\n<p>As \u00e1reas de bota-fora adjacente \u00e0 faixa de servid\u00e3o, as quais j\u00e1 possu\u00edam cadastro, n\u00e3o tiveram levantamento de cadastramento jur\u00eddico, apenas de cadastro f\u00edsico e com base nessas informa\u00e7\u00f5es \u00e9 que foram revisadas as fichas cadastrais.<\/p>\n<p>A PETROBRAS forneceu banco de dados cadastral com as fichas de interesse, bem como as coordenadas de localiza\u00e7\u00e3o, \u00e1rea e volume estimado de cada \u00e1rea de bota-fora A partir do banco de dados fornecido, a ESTEIO revisou alguns itens da fica cadastral, sendo: \u00e1rea atingida, vegeta\u00e7\u00e3o, constru\u00e7\u00e3o, coordenadas e confrontantes.<\/p>\n<p>Os dados coletados na etapa de cadastramento de im\u00f3veis atingidos foram transferidos para o CADPROP, programa de cadastramento de propriedades, e apresentados em Fichas Cadastrais individuais, cujas descri\u00e7\u00f5es foram apresentadas em Memoriais Descritivos, tamb\u00e9m individuais. Os dados cadastrais obtidos em campo foram enviados para processamento na sede da ESTEIO em Curitiba, onde foram sendo incorporados ao CADPROP, programa de cadastramento de propriedades utilizado pela PETROBRAS.<\/p>\n<p>Foram revisados tamb\u00e9m, a planta cadastral e o memorial descritivo individual. As fichas novas, com necessidade de cadastramento completo (f\u00edsico e jur\u00eddico) seguiram as condi\u00e7\u00f5es estabelecidas pela norma PETROBRAS N-1041.<\/p>\n<div class=\"row\">\n<div class=\"col-md-2\">\n<\/div>\n<div class=\"col-md-8\">\n<div class=\"panel panel-default\">\n<div class=\"templateTable\" style=\"text-align: left;\">\u00c1rea CSN &#8211; Companhia Sider\u00fargica Nacional: 04 \u00e1reas<\/div>\n<table class=\"table\">\n<thead>\n<tr>\n<th>Munic\u00edpio<\/th>\n<th>FC&#8217;s de interfer\u00eancias<\/th>\n<th>FC&#8217;s convencionais<\/th>\n<\/tr>\n<\/thead>\n<tbody>\n<tr>\n<td>Volta Redonda-RJ<\/td>\n<td>0<\/td>\n<td>1<\/td>\n<\/tr>\n<\/tbody>\n<\/table>\n<\/div>\n<\/div>\n<\/div>\n<div class=\"row\">\n<div class=\"col-md-2\">\n<\/div>\n<div class=\"col-md-8\">\n<div class=\"panel panel-default\">\n<div class=\"templateTable\" style=\"text-align: left;\">\u00c1reas Bota-Fora: 27 \u00e1reas<\/div>\n<table class=\"table\">\n<thead>\n<tr>\n<th>Munic\u00edpio<\/th>\n<th>FC&#8217;s de interfer\u00eancias<\/th>\n<th>FC&#8217;s convencionais<\/th>\n<\/tr>\n<\/thead>\n<tbody>\n<tr>\n<td>Pinheiral-RJ<\/td>\n<td>0<\/td>\n<td>1<\/td>\n<\/tr>\n<tr>\n<td>Pira\u00ed-RJ<\/td>\n<td>0<\/td>\n<td>1<\/td>\n<\/tr>\n<tr>\n<td>Pira\u00ed \/ Barra do Pira\u00ed-RJ (Divisa)<\/td>\n<td>0<\/td>\n<td>1<\/td>\n<\/tr>\n<tr>\n<td>Barra do Pira\u00ed-RJ<\/td>\n<td>0<\/td>\n<td>3<\/td>\n<\/tr>\n<tr>\n<td>Mendes-RJ<\/td>\n<td>0<\/td>\n<td>1<\/td>\n<\/tr>\n<tr>\n<td>Vassouras-RJ<\/td>\n<td>0<\/td>\n<td>15<\/td>\n<\/tr>\n<tr>\n<td>Rio das Flores-RJ<\/td>\n<td>0<\/td>\n<td>1<\/td>\n<\/tr>\n<tr>\n<td>TOTAL<\/td>\n<td>0<\/td>\n<td>23<\/td>\n<\/tr>\n<\/tbody>\n<\/table>\n<\/div>\n<\/div>\n<\/div>\n<div class=\"row\">\n<div class=\"col-md-2\">\n<\/div>\n<div class=\"col-md-8\">\n<div class=\"panel panel-default\">\n<div class=\"templateTable\">Acesso ao provador de Corros\u00e3o<\/div>\n<table class=\"table\">\n<thead>\n<tr>\n<th>Munic\u00edpio<\/th>\n<th>FC&#8217;s de interfer\u00eancias<\/th>\n<th>FC&#8217;s convencionais<\/th>\n<\/tr>\n<\/thead>\n<tbody>\n<tr>\n<td>Vassouras-RJ<\/td>\n<td>0<\/td>\n<td>1*<\/td>\n<\/tr>\n<\/tbody>\n<\/table>\n<\/div>\n<p>* Exist\u00eancia tamb\u00e9m de bota-fora na propriedade correspondente \u00e0 FC.<br \/>\n<\/div>\n<\/div>\n<div class=\"row\">\n<div class=\"col-md-2\">\n<\/div>\n<div class=\"col-md-8\">\n<div class=\"panel panel-default\">\n<div class=\"templateTable\">Acesso \u00e0 Esman (Esta\u00e7\u00e3o Mantiqueira)<\/div>\n<table class=\"table\">\n<thead>\n<tr>\n<th>Munic\u00edpio<\/th>\n<th>FC&#8217;s de interfer\u00eancias<\/th>\n<th>FC&#8217;s convencionais<\/th>\n<\/tr>\n<\/thead>\n<tbody>\n<tr>\n<td>Santos Dumont-MG<\/td>\n<td>3<\/td>\n<td>4<\/td>\n<\/tr>\n<\/tbody>\n<\/table>\n<\/div>\n<\/div>\n<\/div>\n<div class=\"row\">\n<div class=\"col-md-2\">\n<\/div>\n<div class=\"col-md-8\">\n<div class=\"panel panel-default\">\n<div class=\"templateTable\">Acesso \u00e0 SDV-09<\/div>\n<table class=\"table\">\n<thead>\n<tr>\n<th>Munic\u00edpio<\/th>\n<th>FC&#8217;s de interfer\u00eancias<\/th>\n<th>FC&#8217;s convencionais<\/th>\n<\/tr>\n<\/thead>\n<tbody>\n<tr>\n<td>Ewbank da C\u00e2mara-MG<\/td>\n<td>0<\/td>\n<td>2<\/td>\n<\/tr>\n<\/tbody>\n<\/table>\n<\/div>\n<\/div>\n<\/div>\n<div class=\"row\">\n<div class=\"col-md-2\">\n<\/div>\n<div class=\"col-md-8\">\n<div class=\"panel panel-default\">\n<div class=\"templateTable\">Acesso \u00e0 SDV-10<\/div>\n<table class=\"table\">\n<thead>\n<tr>\n<th>Munic\u00edpio<\/th>\n<th>FC&#8217;s de interfer\u00eancias<\/th>\n<th>FC&#8217;s convencionais<\/th>\n<\/tr>\n<\/thead>\n<tbody>\n<tr>\n<td>Santos Dumont-MG<\/td>\n<td>0<\/td>\n<td>3<\/td>\n<\/tr>\n<\/tbody>\n<\/table>\n<\/div>\n<\/div>\n<\/div>","protected":false},"excerpt":{"rendered":"<p>[IMAGEM_CAROUSEL] A ESTEIO foi contratada pela PETROBRAS para cadastro t\u00e9cnico de \u00e1reas para dep\u00f3sito de materiais provenientes de cortes e escava\u00e7\u00f5es (bota-fora) e para levantamentos em \u00e1reas para constru\u00e7\u00e3o de &#8230;<\/p>\n","protected":false},"author":1,"featured_media":5391,"parent":1949,"menu_order":0,"comment_status":"closed","ping_status":"closed","template":"template-left-sidebar.php","meta":{"footnotes":""},"class_list":["post-1951","page","type-page","status-publish","has-post-thumbnail","hentry"],"_links":{"self":[{"href":"https:\/\/www.esteio.com.br\/es\/wp-json\/wp\/v2\/pages\/1951","targetHints":{"allow":["GET"]}}],"collection":[{"href":"https:\/\/www.esteio.com.br\/es\/wp-json\/wp\/v2\/pages"}],"about":[{"href":"https:\/\/www.esteio.com.br\/es\/wp-json\/wp\/v2\/types\/page"}],"author":[{"embeddable":true,"href":"https:\/\/www.esteio.com.br\/es\/wp-json\/wp\/v2\/users\/1"}],"replies":[{"embeddable":true,"href":"https:\/\/www.esteio.com.br\/es\/wp-json\/wp\/v2\/comments?post=1951"}],"version-history":[{"count":44,"href":"https:\/\/www.esteio.com.br\/es\/wp-json\/wp\/v2\/pages\/1951\/revisions"}],"predecessor-version":[{"id":5396,"href":"https:\/\/www.esteio.com.br\/es\/wp-json\/wp\/v2\/pages\/1951\/revisions\/5396"}],"up":[{"embeddable":true,"href":"https:\/\/www.esteio.com.br\/es\/wp-json\/wp\/v2\/pages\/1949"}],"wp:featuredmedia":[{"embeddable":true,"href":"https:\/\/www.esteio.com.br\/es\/wp-json\/wp\/v2\/media\/5391"}],"wp:attachment":[{"href":"https:\/\/www.esteio.com.br\/es\/wp-json\/wp\/v2\/media?parent=1951"}],"curies":[{"name":"wp","href":"https:\/\/api.w.org\/{rel}","templated":true}]}}