{"id":1989,"date":"2017-05-11T17:19:33","date_gmt":"2017-05-11T17:19:33","guid":{"rendered":"http:\/\/esteio.com.br\/?page_id=1989"},"modified":"2020-08-28T13:35:57","modified_gmt":"2020-08-28T13:35:57","slug":"comperj","status":"publish","type":"page","link":"https:\/\/www.esteio.com.br\/es\/executados\/cartografia-para-dutos\/comperj\/","title":{"rendered":"COMPERJ &#8211; Complexo Petroqu\u00edmico do RJ"},"content":{"rendered":"[IMAGEM_CAROUSEL]\n<p>Em junho de 2008 a ESTEIO assinou contrato com a PETROBRAS para presta\u00e7\u00e3o de servi\u00e7os de levantamentos aerofotogram\u00e9tricos para fins topogr\u00e1ficos e cadastrais de faixa de terreno para a implanta\u00e7\u00e3o dos dutos entre a Refinaria Duque de Caxias &#8211; REDUC e o Complexo Petroqu\u00edmico do Rio de Janeiro &#8211; COMPERJ. Este complexo, que est\u00e1 em fase de implanta\u00e7\u00e3o numa \u00e1rea de 45 milh\u00f5es de m\u00b2, localizada no munic\u00edpio de Itabora\u00ed, tem como principal objetivo aumentar a produ\u00e7\u00e3o nacional de produtos petroqu\u00edmicos, com o processamento de cerca de 150 mil barris\/dia de \u00f3leo pesado nacional, com in\u00edcio da opera\u00e7\u00e3o previsto para 2012.<\/p>\n<p>As principais etapas desenvolvidas s\u00e3o apresentadas a seguir:<\/p>\n<p class=\"subtitulo\">Cobertura Aerofotogram\u00e9trica<\/p>\n<p>A Cobertura Aerofotogram\u00e9trica na escala 1:6.000, realizada em agosto\/2008, consistiu de um bloco de tr\u00eas faixas de voo, recobrindo a diretriz da faixa interligando a regi\u00e3o do COMPERJ e a faixa de dutos Cabi\u00fanas-REDUC, com extens\u00e3o de 15 km. A c\u00e2mara a\u00e9rea utilizada foi a ZEISS RMK TOP, com dist\u00e2ncia focal nominal de 153 mm.<\/p>\n<p class=\"subtitulo\">Perfilamento LASER<\/p>\n<p>Os dados altim\u00e9tricos foram obtidos por perfilamento LASER aerotransportado, com o sensor ALS50, ao longo dos 15 km de extens\u00e3o da faixa de dutos interligando a regi\u00e3o do COMPERJ e a faixa de dutos Cabi\u00fanas-REDUC.<\/p>\n<p>Como produtos do perfilamento LASER foram obtidas as curvas de n\u00edvel que comp\u00f5em as plantas cadastrais e o Modelo Digital do Terreno, MDT, utilizado na retifica\u00e7\u00e3o das ortofotocartas na escala 1:1.000.<\/p>\n<p class=\"subtitulo\">Sondagem de Caracteriza\u00e7\u00e3o do Solo<\/p>\n<p>O processo investigat\u00f3rio foi realizado com trado manual, com densidade de 1 ponto a cada quil\u00f4metro da diretriz, a partir da \u00e1rea do COMPERJ at\u00e9 a liga\u00e7\u00e3o com o trecho existente e nos locais onde a nova diretriz se afasta da faixa existente, atingindo a profundidade de 2m.<\/p>\n<p>Os pontos de sondagens, georreferenciados, s\u00e3o apresentados nas plantas na escala 1:1.000 e as informa\u00e7\u00f5es descritivas s\u00e3o apresentadas em campos espec\u00edficos dos desenhos da faixa, tamb\u00e9m na escala 1:1.000 e em Relat\u00f3rios de Sondagem.<\/p>\n<p class=\"subtitulo\">Cadastramento de Im\u00f3veis<\/p>\n<p>O cadastramento de im\u00f3veis para fins de indeniza\u00e7\u00e3o e estabelecimento de faixa de servid\u00e3o, est\u00e1 sendo realizado ao longo dos 65 km da diretriz da faixa de duto que interligar\u00e1 a REDUC e o COMPERJ, atravessando os munic\u00edpios fluminenses de Duque de Caxias, Mag\u00e9, Itabora\u00ed e Cachoeira de Macacu. Nos primeiros 15 km, a partir do COMPERJ, trata-se de faixa nova a ser implantada e nos 50 km restantes, at\u00e9 a REDUC, o cadastramento est\u00e1 sendo realizado em faixa j\u00e1 existentes, onde se encontram implantados 9 dutos, dentre eles o GASDUC I e o OSDUC III.<\/p>\n<p>S\u00e3o estimadas cerca de 1400 unidades de \u00e1reas n\u00e3o p\u00fablicas e 170 unidades de \u00e1reas para conv\u00eanios como, cruzamentos com rodovias, cruzamento com linhas de transmiss\u00e3o e travessias.<\/p>\n<p>Cada unidade, que corresponde \u00e0 uma Ficha Cadastral, apresenta informa\u00e7\u00f5es f\u00edsicas da propriedade, tais como, edifica\u00e7\u00f5es, benfeitorias, cultivos, \u00e1reas de mata e vegeta\u00e7\u00e3o, cercas de divisas, com os respectivos registros fotogr\u00e1ficos e tamb\u00e9m as informa\u00e7\u00f5es jur\u00eddicas do im\u00f3vel. As informa\u00e7\u00f5es cadastrais levantadas em campo s\u00e3o inicialmente tratadas no escrit\u00f3rio de campo, implantado em Mag\u00e9 e enviadas para processamento na sede da ESTEIO, em Curitiba.<\/p>\n<p class=\"subtitulo\">CADPROPWeb<\/p>\n<p>Neste contrato, pioneiramente, \u00e9 utilizado o aplicativo CadPropWeb para gera\u00e7\u00e3o do banco de dados de parte das fichas cadastrais em ambiente web, com a vantagem de minimizar o tempo de disponibiliza\u00e7\u00e3o do material ao cliente, al\u00e9m de possibilitar a certifica\u00e7\u00e3o dos produtos de forma otimizada.<\/p>\n<p>Como produtos do cadastramento s\u00e3o gerados a Ficha Cadastral e o Memorial Descritivo de cada im\u00f3vel atingido pela faixa de 20 m de largura, que constituem instrumento para avalia\u00e7\u00e3o, indeniza\u00e7\u00e3o e atualiza\u00e7\u00e3o da matr\u00edcula do im\u00f3vel com o registro da faixa de servid\u00e3o.<\/p>\n<p>S\u00e3o geradas tamb\u00e9m a Planta Cadastral, que al\u00e9m da ortofoto apresenta a malha cadastral, a identifica\u00e7\u00e3o de todos os im\u00f3veis e \u00e1reas p\u00fablicas atingidas, a delimita\u00e7\u00e3o das \u00e1reas de vegeta\u00e7\u00e3o e benfeitorias, situados na faixa, bem como tabelas com informa\u00e7\u00f5es dos im\u00f3veis; a Planta de Faixa, que apresenta as mesmas informa\u00e7\u00f5es apresentadas na planta cadastral, exceto as divisas de propriedades e as tabelas, acrescidas das informa\u00e7\u00f5es altim\u00e9tricas; e a Planta Perfil, que apresenta as se\u00e7\u00f5es transversais, os dados das sondagens de caracteriza\u00e7\u00e3o do solo e GPR, perfil e demais informa\u00e7\u00f5es, atendendo \u00e0s normas e especifica\u00e7\u00f5es t\u00e9cnicas referentes ao contrato.<\/p>\n<p>O contrato de servi\u00e7os de levantamentos aerofotogram\u00e9tricos para fins topogr\u00e1ficos e cadastrais de faixa de terreno para a implanta\u00e7\u00e3o dos dutos entre a Refinaria Duque de Caxias &#8211; REDUC e o Complexo Petroqu\u00edmico do Rio de Janeiro &#8211; COMPERJ encontra-se fase final, contudo algumas atividades n\u00e3o est\u00e3o conclu\u00eddas. Este resumo ser\u00e1 atualizado na conclus\u00e3o de todas as atividades.","protected":false},"excerpt":{"rendered":"<p>[IMAGEM_CAROUSEL] Em junho de 2008 a ESTEIO assinou contrato com a PETROBRAS para presta\u00e7\u00e3o de servi\u00e7os de levantamentos aerofotogram\u00e9tricos para fins topogr\u00e1ficos e cadastrais de faixa de terreno para a &#8230;<\/p>\n","protected":false},"author":1,"featured_media":5389,"parent":1949,"menu_order":0,"comment_status":"closed","ping_status":"closed","template":"template-left-sidebar.php","meta":{"footnotes":""},"class_list":["post-1989","page","type-page","status-publish","has-post-thumbnail","hentry"],"_links":{"self":[{"href":"https:\/\/www.esteio.com.br\/es\/wp-json\/wp\/v2\/pages\/1989","targetHints":{"allow":["GET"]}}],"collection":[{"href":"https:\/\/www.esteio.com.br\/es\/wp-json\/wp\/v2\/pages"}],"about":[{"href":"https:\/\/www.esteio.com.br\/es\/wp-json\/wp\/v2\/types\/page"}],"author":[{"embeddable":true,"href":"https:\/\/www.esteio.com.br\/es\/wp-json\/wp\/v2\/users\/1"}],"replies":[{"embeddable":true,"href":"https:\/\/www.esteio.com.br\/es\/wp-json\/wp\/v2\/comments?post=1989"}],"version-history":[{"count":7,"href":"https:\/\/www.esteio.com.br\/es\/wp-json\/wp\/v2\/pages\/1989\/revisions"}],"predecessor-version":[{"id":5397,"href":"https:\/\/www.esteio.com.br\/es\/wp-json\/wp\/v2\/pages\/1989\/revisions\/5397"}],"up":[{"embeddable":true,"href":"https:\/\/www.esteio.com.br\/es\/wp-json\/wp\/v2\/pages\/1949"}],"wp:featuredmedia":[{"embeddable":true,"href":"https:\/\/www.esteio.com.br\/es\/wp-json\/wp\/v2\/media\/5389"}],"wp:attachment":[{"href":"https:\/\/www.esteio.com.br\/es\/wp-json\/wp\/v2\/media?parent=1989"}],"curies":[{"name":"wp","href":"https:\/\/api.w.org\/{rel}","templated":true}]}}