{"id":1999,"date":"2017-05-11T17:34:38","date_gmt":"2017-05-11T17:34:38","guid":{"rendered":"http:\/\/esteio.com.br\/?page_id=1999"},"modified":"2020-08-28T13:46:33","modified_gmt":"2020-08-28T13:46:33","slug":"gasene","status":"publish","type":"page","link":"https:\/\/www.esteio.com.br\/es\/executados\/cartografia-para-dutos\/gasene\/","title":{"rendered":"Mapeamento e levantamento Cadastral de Gasoduto interligando as Regi\u00f5es Sudeste e Nordeste"},"content":{"rendered":"[IMAGEM_CAROUSEL]\n<p>O GASENE \u00e9 formado por tr\u00eas gasodutos: Gasoduto Cabi\u00fanas-Vit\u00f3ria (GASCAV), Gasoduto Cacimbas-Vit\u00f3ria e Gasoduto Cacimbas-Catu (GASCAC), totalizando 1.371 km de dutos.<\/p>\n<p>Segundo a PETROBRAS a movimenta\u00e7\u00e3o inicial esperada de g\u00e1s no GASENE \u00e9 de 10 milh\u00f5es de m\u00b3\/dia, chegando a 20 milh\u00f5es de m\u00b3\/dia em 2015.<\/p>\n<p>De acordo com a PETROBRAS, o projeto vai suprir o d\u00e9ficit na oferta de g\u00e1s para a Regi\u00e3o Nordeste, aumentar a distribui\u00e7\u00e3o do g\u00e1s da Bol\u00edvia e criar novos mercados, al\u00e9m de permitir a explora\u00e7\u00e3o comercial das reservas atuais e futuras das Bacias de Campos, Santos e Esp\u00edrito Santo.<\/p>\n<p>Dos tr\u00eas trechos que comp\u00f5em do GASENE apenas o GASCAV e o GASCAC tiveram atividades executadas pela ESTEIO.<\/p>\n<p>O contrato PETROBRAS\/ESTEIO teve como objetivo a realiza\u00e7\u00e3o de \u201cEstudos Aerofotogram\u00e9tricos\u201d para fins Topogr\u00e1ficos e Cadastrais, e levantamento para localiza\u00e7\u00e3o de dutos existentes, avalia\u00e7\u00e3o dos revestimentos e reparos nos cabos el\u00e9tricos do sistema de prote\u00e7\u00e3o cat\u00f3dica, ao longo da faixa de dutos que ligar\u00e1 a regi\u00e3o de Cabi\u00fanas (Ao norte de Maca\u00e9\/RJ) at\u00e9 Cat\u00fa (Noroeste de Salvador\/BA).<\/p>\n<p>A aerofotogrametria tem se mostrado como metodologia bastante apropriada (e eficaz) na capta\u00e7\u00e3o de informa\u00e7\u00f5es que subsidiam projetos na \u00e1rea dutovi\u00e1ria. Com as informa\u00e7\u00f5es obtidas pela fotogrametria, a PETROBRAS teve condi\u00e7\u00f5es de definir com rapidez e precis\u00e3o o melhor posicionamento do novo duto a ser implantado na faixa de interesse.<\/p>\n<p>A ESTEIO realizou coberturas aerofotogram\u00e9tricas coloridas em escala 1:35.000 e 1:8.000, seguindo normativas t\u00e9cnicas e legais, em tempo h\u00e1bil e que propiciaram evolu\u00e7\u00e3o das demais atividades planejadas.<\/p>\n<p>Para a faixa do GASCAV foi realizada somente cobertura a\u00e9rea na escala 1:8.000; Para esse trecho foram utilizados 6 Filmes a\u00e9reos em 26 faixas de voo que somaram 683 fotografias a\u00e9reas.<\/p>\n<p class=\"subtitulo\">Voo Fotogram\u00e9trico<\/p>\n<p>Para o voo em escala 1:8.000 na Faixa GASCAC foram realizadas 91 faixas de voo e 2.577 aerofotos<\/p>\n<p>As coberturas a\u00e9reas em escala 1:35.000 foram feitas somente na faixa do GASCAC, com 30 faixas de voo e 1175 aerofotos.<\/p>\n<p>Ao todo foram utilizadas quatro aeronaves para as coberturas aerofotogram\u00e9tricas, sendo duas da ESTEIO (PT-VDO e PT-RQA) e duas de empresas sub-contratadas, que, visando o aproveitamento das condi\u00e7\u00f5es meteorol\u00f3gicas restritas para a \u00e9poca do ano, permitiram o cumprimento dos prazos estabelecidos pela PETROBRAS.<\/p>\n<p class=\"subtitulo\">LASER<\/p>\n<p>Os dados altim\u00e9tricos foram obtidos por sensor LASER aerotransportado, ao longo dos 300 km de extens\u00e3o da Faixa do GASCAV e dos 940 km do GASCAC.<\/p>\n<p>Para esse tipo de cobertura a ESTEIO destinou uma aeronave exclusiva (PT-RAY).<\/p>\n<p>Com a informa\u00e7\u00e3o dos arquivos processados (coordenadas E,N,h) dos pontos levantados e com o uso do programa ERMAPPER e da sua ferramenta GRIDING WIZARD, foram geradas imagens hipsom\u00e9tricas nas quais a diferen\u00e7a de cota \u00e9 apresentada na forma de diferen\u00e7a de tonalidade.<\/p>\n<p class=\"subtitulo\">Produtos<\/p>\n<p>O resultado do Perfilamento a LASER proporcionou a confec\u00e7\u00e3o dos seguintes produtos cartogr\u00e1ficos;<\/p>\n<ol class=\"breadcrumb\">\n<li class=\"active\">\n<ul>\n<li>Cartas Hipsom\u00e9tricas do MDE (Modelo Digital de Eleva\u00e7\u00e3o);<\/li>\n<li>Arquivos de pontos XYZ do MDT, MDE e de Cartas de Intensidade de retorno do pulso LASER.<\/li>\n<\/ul>\n<\/li>\n<\/ol>\n<p>A partir dos resultados obtidos na cobertura a\u00e9rea em escala 1:8000 e dos dados da cobertura LASER, foram geradas ortofotocartas em escala 1:1.000 e 1:500.<\/p>\n<p>Esses produtos foram gerados a partir de outras atividades, em espec\u00edfico, apoio terrestre e aerotriangula\u00e7\u00e3o, o que proporcionou maior rigidez cartogr\u00e1fica aos produtos.<\/p>\n<p class=\"subtitulo\">Apoio Fotogram\u00e9trico<\/p>\n<p>Alguns n\u00fameros da etapa de apoio fotogram\u00e9trico 1:8.000 que merecem destaque:<\/p>\n<ol class=\"breadcrumb\">\n<li class=\"active\">\n<ul>\n<li>GASCAV 38 Marcos tipo \u201cC\u201d foram readequados;<\/li>\n<li>11 Marcos tipo \u201cC\u201d foram re-implantados;<\/li>\n<li>15 marcos tipo \u201cC\u201d foram implantados;<\/li>\n<li>Pontos de Apoio: 330 HV&#8217;s.<\/li>\n<\/ul>\n<\/li>\n<\/ol>\n<p class=\"subtitulo\">GASCAC<\/p>\n<ol class=\"breadcrumb\">\n<li class=\"active\">\n<ul>\n<li>Total de Pontos da Poligonal: 15<\/li>\n<li>Marcos Tipo \u201cC\u201d Implantados: 188 (94 pares)<\/li>\n<li>Marcos Tipo \u201cB\u201d Implantados: 07<\/li>\n<li>Pontos de Apoio: 988 HV(s);<\/li>\n<\/ul>\n<\/li>\n<\/ol>\n<p>Com base nos resultados do voo em escala 1:35.000 foram geradas plantas em escala 1:25.000 (12km de largura) e projeto b\u00e1sico 1:10.000 (1,5 km de largura).<\/p>\n<p>Sobre as plantas de projeto b\u00e1sico 1:10.000, foram inseridos dados vetoriais obtidos atrav\u00e9s de restitui\u00e7\u00e3o aerofotogram\u00e9trica (Malha Vi\u00e1ria e Hidrografia), cartografia sistem\u00e1tica do IBGE e de mapas do DNIT e DER;<\/p>\n<p class=\"subtitulo\">Cadastramento<\/p>\n<p>O GASCAV, atravessar\u00e1 14 munic\u00edpios , sendo 05 no Estado do Rio de Janeiro e 09 no Estado do Esp\u00edrito Santo. Na etapa de cadastramento foram levantadas 696 fichas cadastrais, sendo 534 de propriet\u00e1rios (pessoa f\u00edsica, jur\u00eddica ou esp\u00f3lio) e 162 de interfer\u00eancias.<\/p>\n<p>Para o melhor desenvolvimento das atividades cadastrais em campo foram instalados dois escrit\u00f3rios, sendo: um no Munic\u00edpio de Campos dos Goytacazes\/RJ e o outro no munic\u00edpio de Pi\u00fama\/ES.<\/p>\n<p>Os dados cadastrais obtidos em campo eram enviados para processamento no escrit\u00f3rio instalado em Vit\u00f3ria\/ES para atender exclusivamente essa etapa de atividades.<\/p>\n<p>Com extens\u00e3o de 946,5 km, o trecho Cacimbas &#8211; Catu (GASCAC) atravessar\u00e1 51 munic\u00edpios, em 02 Estados brasileiros: Esp\u00edrito Santo e Bahia.<\/p>\n<p>Para atender toda essa extens\u00e3o sem comprometer o prazo, os dados cadastrais foram processados num escrit\u00f3rio espec\u00edfico instalado no munic\u00edpio de Itabuna\/BA. Esse escrit\u00f3rio era alimentado de informa\u00e7\u00f5es vindas de outros escrit\u00f3rios instalados ao longo do trecho, sendo: S\u00e3o Mateus\/ES, Eun\u00e1polis, Ipia\u00fa e Santo Antonio de Jesus no Estado da Bahia.<\/p>\n<p>Na faixa do GASCAC foi levantado em campo um total de 3069 Fichas Cadastrais.<\/p>\n<p>Os dados coletados na etapa de cadastramento de im\u00f3veis atingidos foram transferidos para o CADPROP, programa de cadastramento de propriedades, e apresentados em Fichas Cadastrais individuais, cujas descri\u00e7\u00f5es foram apresentadas.<\/p>\n<p class=\"subtitulo\">SIG<\/p>\n<p>A \u00faltima etapa de trabalho se deu com a inser\u00e7\u00e3o de todos os produtos finais em um Sistema de Informa\u00e7\u00f5es Geogr\u00e1ficas (SIG), que possibilita aos usu\u00e1rios cruzarem dados e resgatar informa\u00e7\u00f5es de forma r\u00e1pida e din\u00e2mica.<\/p>\n<p>O SIG possibilitar\u00e1 tamb\u00e9m aos usu\u00e1rios na fase de implanta\u00e7\u00e3o da obra, inser\u00e7\u00e3o de informa\u00e7\u00f5es espec\u00edficas de projeto e constru\u00e7\u00e3o, tornando-se tamb\u00e9m, ferramenta gerencial ap\u00f3s a implanta\u00e7\u00e3o f\u00edsica.<\/p>\n<p>S\u00edntese de Servi\u00e7os Realizados (GASCAV + GASCAC)<\/p>\n<ol class=\"breadcrumb\">\n<li class=\"active\">\n<ul>\n<li>Produtos de Imageamento por Sat\u00e9lite &#8211; 900 km;<\/li>\n<li>Mosaicagem Digital Georeferenciada &#8211; 1.250 km;<\/li>\n<li>desenhos Para Projeto B\u00e1sico 1:25.000 &#8211; 396 km;<\/li>\n<li>desenhos Para Projeto B\u00e1sico 1:10.000 &#8211; 1.310 km;<\/li>\n<li>Vetoriza\u00e7\u00e3o do Mapeamento Sistem\u00e1tico 1:100.000\/1:50.000-50 km-890 km;<\/li>\n<li>Poligonal Principal &#8211; 1.260 km;<\/li>\n<li>Cobertura Aerofotogram\u00e9trica 1:35.000 &#8211; 960 km;<\/li>\n<li>Gera\u00e7\u00e3o de Cartas Imagem 1:25.000 12 km PEC B &#8211; 990 km;<\/li>\n<li>Gera\u00e7\u00e3o de Cartas Imagem 1:10.000 1,5 km PEC B &#8211; 990 km;<\/li>\n<li>Cobertura Aerofotogram\u00e9trica 1:8.000 &#8211; 1.300 km;<\/li>\n<li>Apoio Terrestre, Aerotriangula\u00e7\u00e3o, Modelo Digital do Terreno por Perfilamento a Laser Aerotransportado &#8211; 1270 km;<\/li>\n<li>Mosaicagem Digital Georeferenciada &#8211; 46 km;<\/li>\n<li>Ortofotocartas Digitais 1:1.000 &#8211; 1.284 km;<\/li>\n<li>Cadastramento de Im\u00f3veis &#8211; 2.865 Un;<\/li>\n<li>Desenhos de Planta e Perfil e Cadastro 1:1.000 &#8211; 1.298 km;<\/li>\n<li>Cadastro de Interfer\u00eancias &#8211; 313 Un;<\/li>\n<li>Levantamento de \u00c1reas &#8211; 135.000 m\u00b2;<\/li>\n<li>Sondagens Superficias a Trado &#8211; 1.208 km;<\/li>\n<li>Sondagens em Cruzamentos e Travessias por GPR &#8211; 175 km;<\/li>\n<li>Determina\u00e7\u00e3o da Classe de Loca\u00e7\u00e3o &#8211; 1.211 km;<\/li>\n<li>Instala\u00e7\u00e3o de Marcos Tipo A &#8211; 16 Un) e Tipo C &#8211; 212 Un);<\/li>\n<li>Mapeamento de Dutos &#8211; 214 km): Localiza\u00e7\u00e3o, Geoposicionamento, Mapeamento, Inspe\u00e7\u00e3o do Revestimento &#8211; 186 km);<\/li>\n<li>Estudos de Travessias Especiais &#8211; 31 Rios);<\/li>\n<li>Levantamento Geol\u00f3gico, Pedol\u00f3gico e Zoneamento Geot\u00e9cnico &#8211; 1.200 km;<\/li>\n<li>Levantamento Topobatim\u00e9trico &#8211; 11 Un;<\/li>\n<li>Po\u00e7os de Inspe\u00e7\u00e3o de Solo &#8211; 50 Un;<\/li>\n<li>Sondagem por Lavagem &#8211; 1.290 m;<\/li>\n<li>Sondagem SBP- Sub-Botton Profile &#8211; 3 Un;<\/li>\n<li>Sondagem a Percuss\u00e3o &#8211; 991 km;<\/li>\n<li>Sondagem Rotativa &#8211; 93 m;<\/li>\n<li>Obten\u00e7\u00e3o de dados Ambientais;<\/li>\n<li>Transporte de Coordenadas Para Marcos Existentes &#8211; 60 Un;<\/li>\n<li>Sistema Geogr\u00e1fico de Informa\u00e7\u00f5es &#8211; SIG<\/li>\n<\/ul>\n<\/li>\n<\/ol>","protected":false},"excerpt":{"rendered":"<p>[IMAGEM_CAROUSEL] O GASENE \u00e9 formado por tr\u00eas gasodutos: Gasoduto Cabi\u00fanas-Vit\u00f3ria (GASCAV), Gasoduto Cacimbas-Vit\u00f3ria e Gasoduto Cacimbas-Catu (GASCAC), totalizando 1.371 km de dutos. Segundo a PETROBRAS a movimenta\u00e7\u00e3o inicial esperada de &#8230;<\/p>\n","protected":false},"author":1,"featured_media":5405,"parent":1949,"menu_order":0,"comment_status":"closed","ping_status":"closed","template":"template-left-sidebar.php","meta":{"footnotes":""},"class_list":["post-1999","page","type-page","status-publish","has-post-thumbnail","hentry"],"_links":{"self":[{"href":"https:\/\/www.esteio.com.br\/es\/wp-json\/wp\/v2\/pages\/1999","targetHints":{"allow":["GET"]}}],"collection":[{"href":"https:\/\/www.esteio.com.br\/es\/wp-json\/wp\/v2\/pages"}],"about":[{"href":"https:\/\/www.esteio.com.br\/es\/wp-json\/wp\/v2\/types\/page"}],"author":[{"embeddable":true,"href":"https:\/\/www.esteio.com.br\/es\/wp-json\/wp\/v2\/users\/1"}],"replies":[{"embeddable":true,"href":"https:\/\/www.esteio.com.br\/es\/wp-json\/wp\/v2\/comments?post=1999"}],"version-history":[{"count":10,"href":"https:\/\/www.esteio.com.br\/es\/wp-json\/wp\/v2\/pages\/1999\/revisions"}],"predecessor-version":[{"id":5408,"href":"https:\/\/www.esteio.com.br\/es\/wp-json\/wp\/v2\/pages\/1999\/revisions\/5408"}],"up":[{"embeddable":true,"href":"https:\/\/www.esteio.com.br\/es\/wp-json\/wp\/v2\/pages\/1949"}],"wp:featuredmedia":[{"embeddable":true,"href":"https:\/\/www.esteio.com.br\/es\/wp-json\/wp\/v2\/media\/5405"}],"wp:attachment":[{"href":"https:\/\/www.esteio.com.br\/es\/wp-json\/wp\/v2\/media?parent=1999"}],"curies":[{"name":"wp","href":"https:\/\/api.w.org\/{rel}","templated":true}]}}