{"id":2025,"date":"2017-05-11T18:05:52","date_gmt":"2017-05-11T18:05:52","guid":{"rendered":"http:\/\/esteio.com.br\/?page_id=2025"},"modified":"2020-08-28T14:54:22","modified_gmt":"2020-08-28T14:54:22","slug":"utg-sul","status":"publish","type":"page","link":"https:\/\/www.esteio.com.br\/es\/executados\/cartografia-para-dutos\/utg-sul\/","title":{"rendered":"Gasoducto UTG Sur"},"content":{"rendered":"[IMAGEM_CAROUSEL]\n<p>UTG Sur Capixada se construir\u00e1 en Anchieta. Esta unidad recibir\u00e1 el gas del \u00e1rea del Parque das Baleias y del Parque das Conchas, en el litoral Sur del Estado de Esp\u00edrito Santo.<\/p>\n<p>El gas procesado en la UTG Sur se enviar\u00e1 para el Gasoducto Cabi\u00fanas \u2212 Vit\u00f3ria (GASCAV), que ya corta todo el Sur del Estado, para entonces proveer el mercado. La unidad, que entrar\u00e1 en operaci\u00f3n en 2010, tendr\u00e1 capacidad de procesar 2,5 millones de metros c\u00fabicos de gas al d\u00eda.<\/p>\n<p>ESTEIO fue contratada por PETROBRAS para realizar levantamientos topogr\u00e1ficos y catastrales en la banda del UTG SUR, que posibilitaron la definici\u00f3n del mejor plan para la futura obra.<\/p>\n<p>Los levantamientos topogr\u00e1ficos planim\u00e9trico y altim\u00e9trico se realizaron en etapa \u00fanica.<\/p>\n<p>Fueron previstas dos Coberturas Aerofotogram\u00e9tricas, siendo una en la escala 1:20.000 y otra en la escala 1:6.000.<\/p>\n<p>El levantamiento planim\u00e9trico comprende el conjunto de operaciones necesarias para determinaci\u00f3n de coordenadas X y Y de las formas del terreno (cercas, r\u00edos, rutas, etc.); El levantamiento altim\u00e9trico implica el conjunto de operaciones necesarias para la representaci\u00f3n tridimensional de las formas del terreno (X,Y y Z).<\/p>\n<p>El \u00e1rea de los levantamientos en la banda del UTG SUR fue de 9,8 km de extensi\u00f3n con una anchura de 65 metros;<\/p>\n<p>Los levantamientos en campo siguieron normas de Seguridad, Medio Ambiente y Salud, establecidas por PETROBRAS;<\/p>\n<p>Los levantamientos topogr\u00e1ficos y catastrales posibilitaron la generaci\u00f3n de productos como Fichas Catastrales, Memoriales descriptivos individuales y Plantas en escala 1:1000<\/p>\n<p class=\"subtitulo\">S\u00edntesis de Servicios Realizados:<\/p>\n<ol class=\"breadcrumb\">\n<li class=\"active\">\n<ul>\n<li>Levantamiento topogr\u00e1fico planialtim\u00e9trico (637000 m\u00b2);<\/li>\n<li>Catastro de Inmuebles \/ 18 FCs; Dibujos de Planta y Perfil y Catastro 1:1.000 \/ 9,8 km de largo.<\/li>\n<\/ul>\n<\/li>\n<\/ol>","protected":false},"excerpt":{"rendered":"<p>[IMAGEM_CAROUSEL] UTG Sur Capixada se construir\u00e1 en Anchieta. Esta unidad recibir\u00e1 el gas del \u00e1rea del Parque das Baleias y del Parque das Conchas, en el litoral Sur del Estado &#8230;<\/p>\n","protected":false},"author":1,"featured_media":5435,"parent":1949,"menu_order":0,"comment_status":"closed","ping_status":"closed","template":"template-left-sidebar.php","meta":{"footnotes":""},"class_list":["post-2025","page","type-page","status-publish","has-post-thumbnail","hentry"],"_links":{"self":[{"href":"https:\/\/www.esteio.com.br\/es\/wp-json\/wp\/v2\/pages\/2025","targetHints":{"allow":["GET"]}}],"collection":[{"href":"https:\/\/www.esteio.com.br\/es\/wp-json\/wp\/v2\/pages"}],"about":[{"href":"https:\/\/www.esteio.com.br\/es\/wp-json\/wp\/v2\/types\/page"}],"author":[{"embeddable":true,"href":"https:\/\/www.esteio.com.br\/es\/wp-json\/wp\/v2\/users\/1"}],"replies":[{"embeddable":true,"href":"https:\/\/www.esteio.com.br\/es\/wp-json\/wp\/v2\/comments?post=2025"}],"version-history":[{"count":6,"href":"https:\/\/www.esteio.com.br\/es\/wp-json\/wp\/v2\/pages\/2025\/revisions"}],"predecessor-version":[{"id":5436,"href":"https:\/\/www.esteio.com.br\/es\/wp-json\/wp\/v2\/pages\/2025\/revisions\/5436"}],"up":[{"embeddable":true,"href":"https:\/\/www.esteio.com.br\/es\/wp-json\/wp\/v2\/pages\/1949"}],"wp:featuredmedia":[{"embeddable":true,"href":"https:\/\/www.esteio.com.br\/es\/wp-json\/wp\/v2\/media\/5435"}],"wp:attachment":[{"href":"https:\/\/www.esteio.com.br\/es\/wp-json\/wp\/v2\/media?parent=2025"}],"curies":[{"name":"wp","href":"https:\/\/api.w.org\/{rel}","templated":true}]}}