{"id":2030,"date":"2017-05-11T18:07:40","date_gmt":"2017-05-11T18:07:40","guid":{"rendered":"http:\/\/esteio.com.br\/?page_id=2030"},"modified":"2020-08-28T15:04:35","modified_gmt":"2020-08-28T15:04:35","slug":"variante","status":"publish","type":"page","link":"https:\/\/www.esteio.com.br\/es\/executados\/cartografia-para-dutos\/variante\/","title":{"rendered":"Variante Emiss\u00e1rio COMPERJ e Cadastros Variante Parque Iriri e Variante PIO XII"},"content":{"rendered":"[IMAGEM_CAROUSEL]\n<p>Conforme Relat\u00f3rio de Impacto Ambiental (RIMA) emitido pela PETROBRAS, a implanta\u00e7\u00e3o do Emiss\u00e1rio Terrestre do Complexo Petroqu\u00edmico do Rio de Janeiro (COMPERJ), consiste na tubula\u00e7\u00e3o que percorre trecho por terra e por mar. Tubula\u00e7\u00e3o esta, que vai descartar em local seguro o efluente industrial produzido no complexo petroqu\u00edmico, e que ocorrer\u00e1 somente ap\u00f3s os devidos tratamentos, conforme preconiza a legisla\u00e7\u00e3o ambiental vigente bem como, depois de atendidas as rigorosas normas de descarte da pr\u00f3pria PETROBRAS.<\/p>\n<p>Para a ESTEIO, os servi\u00e7os na \u00e1rea do emiss\u00e1rio COMPERJ representou atividades de aerolevantamento e de topografia visando levantar fei\u00e7\u00f5es e informa\u00e7\u00f5es ao longo do tra\u00e7ado de interesse da faixa do Emiss\u00e1rio, num total de 15 km de extens\u00e3o, ligando o Complexo Petroqu\u00edmico do Rio de Janeiro, em Itabora\u00ed\/RJ at\u00e9 o litoral fluminense.<\/p>\n<p>O desenvolvimento das atividades iniciou com a cobertura aerofotogram\u00e9trica em escala nominal 1:6.000, sobre diretriz\/tra\u00e7ado de interesse da PETROBRAS, numa extens\u00e3o aproximada de 15 km, conforme tra\u00e7ado detalhado na cor vermelha na figura esquem\u00e1tica ao lado. Os munic\u00edpios atravessados pela variante, s\u00e3o: Mag\u00e9, Itabora\u00ed, S\u00e3o Gon\u00e7alo e Maric\u00e1 no Estado do Rio de Janeiro Da cobertura aerofotogram\u00e9trica na escala 1:6.000, resultaram produtos finais como as ortofotos digitais na escala 1:1.000 e imagens que serviram de base para o in\u00edcio dos cadastramentos de propriedades.<\/p>\n<p>Foram realizadas tamb\u00e9m atividades de cadastramento de propriedades em outras duas Variantes: uma delas denominada Variante Parque Iriri (Escola Em\u00edlio Gebara) e a outra denominada Variante Pio XII (Estrada Mag\u00e9-Sto Aleixo), ambas no munic\u00edpio de Mag\u00e9\/RJ. Tendo sido executados 450 un de cadastro f\u00edsico e 230 un de cadastro jur\u00eddico.<\/p>\n<p>Em atendimento \u00e0s exig\u00eancias contratuais, as atividades de cadastramento de im\u00f3veis contaram com Plano de Comunica\u00e7\u00e3o espec\u00edfico que estabeleceu uma profissional de Comunica\u00e7\u00e3o Social no sentido de gerar uniformidade de linguagem entre os cadastradores e demais t\u00e9cnicos de campo envolvidos no di\u00e1logo com a comunidade atingida pela obra.<\/p>\n<p>Os dados coletados em campo foram enviados para a sede da ESTEIO, em Curitiba\/PR, para processamento e quantifica\u00e7\u00e3o das \u00e1reas atingidas pela faixa do Emiss\u00e1rio. As informa\u00e7\u00f5es coletadas em campo foram inseridas em um banco de dados cadastral espec\u00edfico da PETROBRAS e seguiram tamb\u00e9m, normas e padr\u00f5es estabelecidos pelo contratante.<\/p>\n<p>A finaliza\u00e7\u00e3o dos servi\u00e7os se deu com a entrega do banco de dados cadastral e plantas cadastrais em escala 1:1000, sobre as quais foram espacializadas as informa\u00e7\u00f5es coletadas em campo.","protected":false},"excerpt":{"rendered":"<p>[IMAGEM_CAROUSEL] Conforme Relat\u00f3rio de Impacto Ambiental (RIMA) emitido pela PETROBRAS, a implanta\u00e7\u00e3o do Emiss\u00e1rio Terrestre do Complexo Petroqu\u00edmico do Rio de Janeiro (COMPERJ), consiste na tubula\u00e7\u00e3o que percorre trecho por &#8230;<\/p>\n","protected":false},"author":1,"featured_media":5446,"parent":1949,"menu_order":0,"comment_status":"closed","ping_status":"closed","template":"template-left-sidebar.php","meta":{"footnotes":""},"class_list":["post-2030","page","type-page","status-publish","has-post-thumbnail","hentry"],"_links":{"self":[{"href":"https:\/\/www.esteio.com.br\/es\/wp-json\/wp\/v2\/pages\/2030","targetHints":{"allow":["GET"]}}],"collection":[{"href":"https:\/\/www.esteio.com.br\/es\/wp-json\/wp\/v2\/pages"}],"about":[{"href":"https:\/\/www.esteio.com.br\/es\/wp-json\/wp\/v2\/types\/page"}],"author":[{"embeddable":true,"href":"https:\/\/www.esteio.com.br\/es\/wp-json\/wp\/v2\/users\/1"}],"replies":[{"embeddable":true,"href":"https:\/\/www.esteio.com.br\/es\/wp-json\/wp\/v2\/comments?post=2030"}],"version-history":[{"count":3,"href":"https:\/\/www.esteio.com.br\/es\/wp-json\/wp\/v2\/pages\/2030\/revisions"}],"predecessor-version":[{"id":5447,"href":"https:\/\/www.esteio.com.br\/es\/wp-json\/wp\/v2\/pages\/2030\/revisions\/5447"}],"up":[{"embeddable":true,"href":"https:\/\/www.esteio.com.br\/es\/wp-json\/wp\/v2\/pages\/1949"}],"wp:featuredmedia":[{"embeddable":true,"href":"https:\/\/www.esteio.com.br\/es\/wp-json\/wp\/v2\/media\/5446"}],"wp:attachment":[{"href":"https:\/\/www.esteio.com.br\/es\/wp-json\/wp\/v2\/media?parent=2030"}],"curies":[{"name":"wp","href":"https:\/\/api.w.org\/{rel}","templated":true}]}}