{"id":2032,"date":"2017-05-11T18:09:18","date_gmt":"2017-05-11T18:09:18","guid":{"rendered":"http:\/\/esteio.com.br\/?page_id=2032"},"modified":"2020-08-28T15:12:14","modified_gmt":"2020-08-28T15:12:14","slug":"reabilitacao-gasalp","status":"publish","type":"page","link":"https:\/\/www.esteio.com.br\/es\/executados\/cartografia-para-dutos\/reabilitacao-gasalp\/","title":{"rendered":"Reabilita\u00e7\u00e3o dos Gasodutos da Malha do Nordeste"},"content":{"rendered":"[IMAGEM_CAROUSEL]\n<p>Com origem em Pilar (AL), o GASALP possui 204 km de extens\u00e3o e uma capacidade de 2,5 milh\u00f5es m3\/dia de transporte de g\u00e1s natural.<\/p>\n<p>O GASALP passa por dois Estados da Federa\u00e7\u00e3o: Alagoas e Pernambuco e em seus 204 km de extens\u00e3o para por 16 munic\u00edpios;<\/p>\n<p>A ESTEIO novamente participa com suas especialidades em levantamentos para a PETROBRAS, e neste caso, atua em estudos de travessias para um total de 21 rios na faixa do GASALP &#8211; Gasoduto Alagoas &#8211; Pernambuco.<\/p>\n<p>O Objetivo desses Estudos foi investigar e analisar a estabilidade hidr\u00e1ulica e geol\u00f3gica, bem como as condi\u00e7\u00f5es de cobertura dos cavalotes (Arranjo de tubula\u00e7\u00e3o pr\u00e9-fabricado utilizado em travessias a\u00e9reas ou enterradas e em cruzamentos) nas travessias do Gasoduto, com base em levantamentos de campo e dados pr\u00e9-existentes, consolidando os resultados obtidos \u00e0 partir das atividades realizadas em novos levantamentos em campo, bem como com avalia\u00e7\u00e3o comparativa a dados pr\u00e9-existentes gerados em levantamentos mais simplificados.<\/p>\n<p>A execu\u00e7\u00e3o de novos levantamentos em complemento a dados pr\u00e9-existentes fornecidos pela PETROBRAS, tiveram como objetivo principal o mapeamento dos dutos existentes, caracteriza\u00e7\u00e3o e quantifica\u00e7\u00e3o da cobertura sedimentar sobre os mesmos, visando subsidiar an\u00e1lises para determina\u00e7\u00e3o de eventuais interven\u00e7\u00f5es a serem executadas nas travessias. Esse processo refor\u00e7a ainda mais a preocupa\u00e7\u00e3o da PETROBRAS com o meio ambiente, e demonstra que a empresa continua investindo em estudos que buscam diminuir os riscos de acidentes em suas faixas de dutos. Ao todo foram realizados estudos em 21 travessias na faixa do GASALP.<\/p>\n<p>Al\u00e9m das etapas de campo j\u00e1 conhecidas de outros projetos realizados pela ESTEIO para a PETROBRAS, executamos neste contrato a localiza\u00e7\u00e3o da tubula\u00e7\u00e3o que encontra-se abaixo do leito do rio, utilizando tecnologia PCM (Pipeline Current Mapper) e neste caso, com recursos de antenas submersas (PCM submers\u00edvel).<\/p>\n<p>Esse equipamento permite a localizar com precis\u00e3o a tubula\u00e7\u00e3o que est\u00e1 abaixo do leito do rio; Com o uso de mergulhadores experientes seguindo as r\u00edgidas normas de mergulho, aplicando ainda as normas de seguran\u00e7a estabelecidas pela PETROBRAS, a ESTEIO pode fazer a localiza\u00e7\u00e3o PCM naquelas travessias que exigiram o uso deste tipo de profissional (ex.: rios Munda\u00fa e Pratagi);<\/p>\n<p>Os resultados obtidos nesse tipo de levantamento foram representados graficamente nos perfil da travessia, facilitando a visualiza\u00e7\u00e3o da cobertura que se encontra a tubula\u00e7\u00e3o abaixo do leito do rio;<\/p>\n<p>Outro diferencial deste servi\u00e7o foi a utiliza\u00e7\u00e3o de Levantamento LASER em travessias. Com o intuito de agilizar o processo de obten\u00e7\u00e3o de altimetria para a determina\u00e7\u00e3o do relevo das margens dos rios (parte seca), a ESTEIO fez uso \u00e0s suas custas, de metodologia alternativa a topografia convencional, utilizando para tal o sistema de perfilamento a LASER aerotransportado, sensor Laser ALS 50 II MPiA (LEICA).<\/p>\n<p>Os principais pontos a serem evidenciados, s\u00e3o a rapidez na obten\u00e7\u00e3o da malha de pontos, al\u00e9m da densidade e quantidade fornecida. Para cada uma das travessias, foi planejado um voo para que fossem capturados 10 pontos por m\u00b2. O planejamento foi feito considerando n\u00famero de pontos por m\u00b2 muito al\u00e9m do previsto no contrato (malha topogr\u00e1fica) em fun\u00e7\u00e3o de \u00e1reas de vegeta\u00e7\u00e3o bastante densa (com base em experi\u00eancia em trabalhos anteriores e levando em considera\u00e7\u00e3o o tipo de vegeta\u00e7\u00e3o existente na regi\u00e3o), esta densidade de 5 pontos por m\u00b2, \u00e9 muito superior \u00e0 densidade de pontos exigida nos levantamentos topogr\u00e1ficos (1 ponto a cada 100 m\u00b2), correspondente a uma malha de 10 por 10 metros;<\/p>\n<p>A ado\u00e7\u00e3o da metodologia para obten\u00e7\u00e3o de altimetria atrav\u00e9s de sensor Laser aerotransportado, para este caso, n\u00e3o eliminou a necessidade de complementa\u00e7\u00f5es ou valida\u00e7\u00f5es em campo, onde foram avaliados:<\/p>\n<ol class=\"breadcrumb\">\n<li class=\"active\">\n<ul>\n<li>Reambula\u00e7\u00e3o de elementos levantados;<\/li>\n<li>Medi\u00e7\u00e3o dos elementos omitidos ou complementa\u00e7\u00f5es;<\/li>\n<li>Elabora\u00e7\u00e3o de um perfil transversal ao rio, para posterior compara\u00e7\u00e3o com a altimetria gerada via Laser, tendo como base os marcos de travessia.<\/li>\n<\/ul>\n<\/li>\n<\/ol>\n<p>Ap\u00f3s o processamento dos dados batim\u00e9tricos e topogr\u00e1ficos complementares, constatou-se o que j\u00e1 era esperado, ou seja, a efici\u00eancia dos levantamentos LASER;<\/p>\n<p>Ao final dos estudos de travessias foram elaborados desenhos e relat\u00f3rios com recomenda\u00e7\u00f5es, que v\u00e3o desde o monitoramento da travessia at\u00e9 a indica\u00e7\u00e3o de interfer\u00eancia de obra face \u00e0s exposi\u00e7\u00f5es da tubula\u00e7\u00e3o no leito do rio.<\/p>\n<p>Esses relat\u00f3rios at\u00e9m de conterem os resultados obtidos em cada uma das etapa de trabalho, apresentam an\u00e1lise e discuss\u00f5es com vistas a caracteriza\u00e7\u00e3o quantitativa dos riscos de instabilidade da travessia;<\/p>\n<p>Os resultados finais al\u00e9m dos laudos cont\u00e9m tamb\u00e9m as an\u00e1lises de cada uma das etapas executadas, sejam elas diretas ou indiretas: GPR, SBP, PCM, Caminhamento El\u00e9trico (resistividade el\u00e9trica) e sondagens percuss\u00e3o (SPT);<\/p>\n<p class=\"subtitulo\">S\u00edntese dos Servi\u00e7os Realizados:<\/p>\n<ol class=\"breadcrumb\">\n<li class=\"active\">\n<ul>\n<li>Vistoria \u201cin loco\u201d &#8211; 21 unidades;<\/li>\n<li>Implanta\u00e7\u00e3o e geoposicionamento de marcos &#8211; 16 unidades;<\/li>\n<li>Levantamento Topobatim\u00e9trico &#8211; 164270 m\u00b2 ;<\/li>\n<li>Sondagem Percuss\u00e3o (SPT) &#8211; 314,58 m;<\/li>\n<li>Levantamento GPR longitudinal \u00e0 faixa &#8211; 1264 m;<\/li>\n<li>Sondagens SBP &#8211; 113 m;<\/li>\n<li>Localiza\u00e7\u00e3o PCM parte seca &#8211; 4200 m;<\/li>\n<li>Localiza\u00e7\u00e3o PCM parte submersa (leito do rio) &#8211; 640,7 m;<\/li>\n<li>GPR para valida\u00e7\u00e3o da localiza\u00e7\u00e3o PCM &#8211; 840 m;<\/li>\n<li>Trincheiras para valida\u00e7\u00e3o PCM &#8211; 42 unidades;<\/li>\n<li>Consolida\u00e7\u00e3o de dados pr\u00e9-existentes &#8211; 13 unidades;<\/li>\n<li>Emiss\u00e3o de Plantas de \u00e1reas de v\u00e1lvula &#8211; 48 unidades;<\/li>\n<li>Tomografia el\u00e9trica &#8211; 1272 metros lineares;<\/li>\n<li>Ensaios de Compress\u00e3o Uniaxial e Abras\u00e3o &#8211; 45 unidades;<\/li>\n<li>Consolidados dos levantamentos de campo &#8211; 19 unidades<\/li>\n<\/ul>\n<\/li>\n<\/ol>","protected":false},"excerpt":{"rendered":"<p>[IMAGEM_CAROUSEL] Com origem em Pilar (AL), o GASALP possui 204 km de extens\u00e3o e uma capacidade de 2,5 milh\u00f5es m3\/dia de transporte de g\u00e1s natural. O GASALP passa por dois &#8230;<\/p>\n","protected":false},"author":1,"featured_media":5453,"parent":1949,"menu_order":0,"comment_status":"closed","ping_status":"closed","template":"template-left-sidebar.php","meta":{"footnotes":""},"class_list":["post-2032","page","type-page","status-publish","has-post-thumbnail","hentry"],"_links":{"self":[{"href":"https:\/\/www.esteio.com.br\/es\/wp-json\/wp\/v2\/pages\/2032","targetHints":{"allow":["GET"]}}],"collection":[{"href":"https:\/\/www.esteio.com.br\/es\/wp-json\/wp\/v2\/pages"}],"about":[{"href":"https:\/\/www.esteio.com.br\/es\/wp-json\/wp\/v2\/types\/page"}],"author":[{"embeddable":true,"href":"https:\/\/www.esteio.com.br\/es\/wp-json\/wp\/v2\/users\/1"}],"replies":[{"embeddable":true,"href":"https:\/\/www.esteio.com.br\/es\/wp-json\/wp\/v2\/comments?post=2032"}],"version-history":[{"count":6,"href":"https:\/\/www.esteio.com.br\/es\/wp-json\/wp\/v2\/pages\/2032\/revisions"}],"predecessor-version":[{"id":5456,"href":"https:\/\/www.esteio.com.br\/es\/wp-json\/wp\/v2\/pages\/2032\/revisions\/5456"}],"up":[{"embeddable":true,"href":"https:\/\/www.esteio.com.br\/es\/wp-json\/wp\/v2\/pages\/1949"}],"wp:featuredmedia":[{"embeddable":true,"href":"https:\/\/www.esteio.com.br\/es\/wp-json\/wp\/v2\/media\/5453"}],"wp:attachment":[{"href":"https:\/\/www.esteio.com.br\/es\/wp-json\/wp\/v2\/media?parent=2032"}],"curies":[{"name":"wp","href":"https:\/\/api.w.org\/{rel}","templated":true}]}}