{"id":2034,"date":"2017-05-11T18:11:41","date_gmt":"2017-05-11T18:11:41","guid":{"rendered":"http:\/\/esteio.com.br\/?page_id=2034"},"modified":"2020-08-28T15:44:28","modified_gmt":"2020-08-28T15:44:28","slug":"variante-aldeia","status":"publish","type":"page","link":"https:\/\/www.esteio.com.br\/es\/executados\/cartografia-para-dutos\/variante-aldeia\/","title":{"rendered":"PETROBRAS &#8211; VARIANTE DE ALDEIA"},"content":{"rendered":"[IMAGEM_CAROUSEL]\n<p>No in\u00edcio de 2011 a ESTEIO realizou servi\u00e7os aerofotogram\u00e9tricos para fins cadastrais e detec\u00e7\u00e3o de dutos, em trecho da faixa de dutos Nordest\u00e3o, na Variante de Aldeia, localizada ao longo dos munic\u00edpios de Paulista, Recife, S\u00e3o Louren\u00e7o da Mata, Camaragibe e Jaboat\u00e3o dos Guararapes, no estado de Pernambuco, para Transportadora Associada de G\u00e1s-TAG (PETROBRAS).<\/p>\n<p>A seguir s\u00e3o apresentadas algumas das atividades realizadas nesse servi\u00e7o, bem como os principais produtos:<\/p>\n<p>O voo fotogram\u00e9trico foi planejado de modo a atender a confec\u00e7\u00e3o de ortofotocartas coloridas na escala de 1\/1.000, considerando os seguintes par\u00e2metros:.<\/p>\n<ol class=\"breadcrumb\">\n<li class=\"active\">\n<ul type=\"disc\">\n<li>GSD (Ground Sample Distance) igual ou menor a 15 cm,<\/li>\n<li>Sentido de voo de acordo com o limite da \u00e1rea a ser mapeada de modo a se ter um menor n\u00famero de faixas,<\/li>\n<li>Superposi\u00e7\u00e3o lateral entre linhas paralelas e adjacentes de 30%,<\/li>\n<li>Superposi\u00e7\u00e3o longitudinal entre imagens \u00e9 de 60% ao longo da faixa.<\/li>\n<\/ul>\n<\/li>\n<\/ol>\n<p class=\"subtitulo\">COBERTURA LASER<\/p>\n<p>O voo Laser para obten\u00e7\u00e3o da malha de pontos no terreno foi realizado com base nos seguintes par\u00e2metros:<\/p>\n<ol class=\"breadcrumb\">\n<li class=\"active\">\n<ul type=\"disc\">\n<li>Altura de voo: 1350 metros;<\/li>\n<li>Largura da faixa: 479.1 metros;<\/li>\n<li>Dist\u00e2ncia entre faixas: M\u00ednima de 308 m<\/li>\n<li>Superposi\u00e7\u00e3o lateral (entre faixas): M\u00ednima de 30%<\/li>\n<li>Dire\u00e7\u00e3o do voo: Variada;<\/li>\n<\/ul>\n<\/li>\n<\/ol>\n<p>O levantamento cadastral contempla as situa\u00e7\u00f5es jur\u00eddica e f\u00edsica das propriedades atingidas pela faixa de dutos.\u00a0 Cada Ficha Cadastral (FC) apresenta a respectiva Certid\u00e3o de Registro do Im\u00f3vel (CRI), de inteiro teor, obtida no cart\u00f3rio da RGI na \u00e9poca do cadastramento, al\u00e9m da c\u00f3pia da \u00faltima guia de recolhimento do INCRA ou IPTU, bem como das carteiras de identidade e CPF dos propriet\u00e1rios e seus c\u00f4njuges.\u00a0 O cadastro f\u00edsico \u00e9 realizado com base nas imagens retificadas, com as cercas e muros obtidos por restitui\u00e7\u00e3o fotogram\u00e9trica. Em campo \u00e9 realizado a qualifica\u00e7\u00e3o das divisas restitu\u00eddas, bem como a qualifica\u00e7\u00e3o de todas as fei\u00e7\u00f5es artificiais e vegeta\u00e7\u00f5es, \u00e1reas de afloramento rochoso e as \u00e1reas alag\u00e1veis ou com previs\u00e3o de plantio irrigado, nas propriedades rurais. Os limites dos im\u00f3veis atingidos t\u00eam suas confronta\u00e7\u00f5es definidas pelos propriet\u00e1rios confrontantes, bem como suas interse\u00e7\u00f5es.<\/p>\n<p class=\"subtitulo\">PRODUTOS CADASTRAIS<\/p>\n<p>O produto cadastral \u00e9 composto pela Ficha Cadastral, Memorial Descritivo e Planta Cadastral da faixa de servid\u00e3o. \u00a0As FCs, contendo as informa\u00e7\u00f5es do propriet\u00e1rio e do im\u00f3vel, com as respectivas documenta\u00e7\u00f5es, o registro fotogr\u00e1fico de todas as benfeitorias situadas na faixa de servid\u00e3o, a qualifica\u00e7\u00e3o e a quantifica\u00e7\u00e3o de todas as benfeitorias incluindo a vegeta\u00e7\u00e3o, s\u00e3o armazenadas em Banco de Dados\u00a0 Cadastral, disponibilizado na WEB para usu\u00e1rios espec\u00edficos.<\/p>\n<p class=\"subtitulo\">MAPEAMENTO DE DUTOS<\/p>\n<p>O mapeamento de dutos consiste em identificar a localiza\u00e7\u00e3o de cada duto implantado na faixa de servid\u00e3o, utilizando t\u00e9cnica eletromagn\u00e9tica de condu\u00e7\u00e3o (PCM\/<em>Radio Detection<\/em>) com receptores terrestres e antenas submers\u00edveis, capazes de localizar o duto enterrado e\/ou submerso.\u00a0 Previamente \u00e0 localiza\u00e7\u00e3o de cada duto \u00e9 realizado o isolamento el\u00e9trico dos demais dutos existentes na mesma faixa de servid\u00e3o, de maneira a garantir a flu\u00eancia do sinal pelo duto a ser localizado e mapeado.\u00a0 Os dados referentes \u00e0 profundidade de cada duto s\u00e3o registrados no momento da localiza\u00e7\u00e3o, que \u00e9 indicada por estacas numeradas em intervalo constante, de no m\u00e1ximo 20 m.<\/p>\n<p class=\"subtitulo\">TRINCHEIRAS<\/p>\n<p>Para valida\u00e7\u00e3o do servi\u00e7o de localiza\u00e7\u00e3o do duto \u00e9 realizada a abertura de trincheira, comprovando fisicamente a exist\u00eancia do duto no local apontado pelo levantamento.<\/p>\n<p class=\"subtitulo\">LOCALIZA\u00c7\u00c2O DO DUTO<\/p>\n<p>O levantamento PCM resultou no mapeamento do duto, conforme linha representada em magenta, na figura ao lado<strong>:<\/strong><\/p>\n<p class=\"subtitulo\">PRODUTOS FINAIS<\/p>\n<p>A finaliza\u00e7\u00e3o dos servi\u00e7os se deu com a disponibiliza\u00e7\u00e3o do banco de dados cadastral na WEB, disponibiliza\u00e7\u00e3o dos arquivos das \u00a0plantas cadastrais em escala 1:1000 e entrega das respectivas impress\u00f5es em papel sulfite. Como produtos intermedi\u00e1rios foram entregues os relat\u00f3rios das coberturas aerofotogram\u00e9trica e LASER, do apoio terrestre, da aerotriangula\u00e7\u00e3o e do levantamento de classe de loca\u00e7\u00e3o, al\u00e9m dos arquivos das ortofotos, do modelo digital do terreno (MDT), curvas de n\u00edvel e vetores de restitui\u00e7\u00e3o.<\/p>\n<p>Todos os produtos entregues, intermedi\u00e1rios e finais, gerados pelas atividades previstas no contrato foram apresentados num GIS, conforme crit\u00e9rios definidos pela PETROBRAS.","protected":false},"excerpt":{"rendered":"<p>[IMAGEM_CAROUSEL] No in\u00edcio de 2011 a ESTEIO realizou servi\u00e7os aerofotogram\u00e9tricos para fins cadastrais e detec\u00e7\u00e3o de dutos, em trecho da faixa de dutos Nordest\u00e3o, na Variante de Aldeia, localizada ao &#8230;<\/p>\n","protected":false},"author":1,"featured_media":5463,"parent":1949,"menu_order":0,"comment_status":"closed","ping_status":"closed","template":"template-left-sidebar.php","meta":{"footnotes":""},"class_list":["post-2034","page","type-page","status-publish","has-post-thumbnail","hentry"],"_links":{"self":[{"href":"https:\/\/www.esteio.com.br\/es\/wp-json\/wp\/v2\/pages\/2034","targetHints":{"allow":["GET"]}}],"collection":[{"href":"https:\/\/www.esteio.com.br\/es\/wp-json\/wp\/v2\/pages"}],"about":[{"href":"https:\/\/www.esteio.com.br\/es\/wp-json\/wp\/v2\/types\/page"}],"author":[{"embeddable":true,"href":"https:\/\/www.esteio.com.br\/es\/wp-json\/wp\/v2\/users\/1"}],"replies":[{"embeddable":true,"href":"https:\/\/www.esteio.com.br\/es\/wp-json\/wp\/v2\/comments?post=2034"}],"version-history":[{"count":11,"href":"https:\/\/www.esteio.com.br\/es\/wp-json\/wp\/v2\/pages\/2034\/revisions"}],"predecessor-version":[{"id":5467,"href":"https:\/\/www.esteio.com.br\/es\/wp-json\/wp\/v2\/pages\/2034\/revisions\/5467"}],"up":[{"embeddable":true,"href":"https:\/\/www.esteio.com.br\/es\/wp-json\/wp\/v2\/pages\/1949"}],"wp:featuredmedia":[{"embeddable":true,"href":"https:\/\/www.esteio.com.br\/es\/wp-json\/wp\/v2\/media\/5463"}],"wp:attachment":[{"href":"https:\/\/www.esteio.com.br\/es\/wp-json\/wp\/v2\/media?parent=2034"}],"curies":[{"name":"wp","href":"https:\/\/api.w.org\/{rel}","templated":true}]}}