{"id":2043,"date":"2017-05-11T19:04:11","date_gmt":"2017-05-11T19:04:11","guid":{"rendered":"http:\/\/esteio.com.br\/?page_id=2043"},"modified":"2020-08-28T15:53:57","modified_gmt":"2020-08-28T15:53:57","slug":"unseal","status":"publish","type":"page","link":"https:\/\/www.esteio.com.br\/es\/executados\/cis\/unseal\/","title":{"rendered":"Localiza\u00e7\u00e3o de Dutos com m\u00e9todos PCM e CIS na UNSEAL"},"content":{"rendered":"[IMAGEM_CAROUSEL]\n<p class=\"subtitulo\">Introdu\u00e7\u00e3o<\/p>\n<p>Em 2008 a PETROBRAS atrav\u00e9s da sua Unidade de Explora\u00e7\u00e3o UNSEAL, contratou a ESTEIO Engenharia para a execu\u00e7\u00e3o de levantamentos atrav\u00e9s da t\u00e9cnica PCM e an\u00e1lise do sistema da prote\u00e7\u00e3o cat\u00f3dica atrav\u00e9s da t\u00e9cnica do passo a passo tamb\u00e9m conhecida por CIS. Foram contratados levantamentos de 107 Km atrav\u00e9s da t\u00e9cnica PCM e 236 Km para an\u00e1lise do sistema de prote\u00e7\u00e3o cat\u00f3dica. No contrato tamb\u00e9m estava previsto o reparo de cabos nos Pontos de Testes (PTE) e a leitura da resistividade el\u00e9trica do solo para subsidiar os trabalhos realizados com o CIS.<\/p>\n<p>Para dar inicio as atividades de mapeamento fez-se necess\u00e1rio adensar a rede geod\u00e9sica existente, a qual utiliza o Aratu-SEAL como Datum de origem. Este adensamento facilitou o georreferenciamento dos trechos de localiza\u00e7\u00e3o PCM, encurtando os deslocamentos e minimizando os tempos de rastreamento GPS. A PETROBRAS forneceu as monografias dos marcos existentes e a partir destes foram programados os locais onde seriam instalados os novos marcos.<\/p>\n<p class=\"subtitulo\">Conceito da T\u00e9cnica PCM<\/p>\n<p>A etapa inspe\u00e7\u00e3o do revestimento foi realizada logo ap\u00f3s o duto ter sido localizado no terreno e sua geratriz demarcada na faixa de servid\u00e3o, assegurando que todas as medi\u00e7\u00f5es necess\u00e1rias fossem realizadas sobre o duto, de forma inequ\u00edvoca.<\/p>\n<p>A Inspe\u00e7\u00e3o do revestimento no duto foi realizada em intervalos de 100 metros, assim como, analisado, identificado e graduado as regi\u00f5es de falhas no revestimento anticorrosivo do duto.<\/p>\n<p>A Inspe\u00e7\u00e3o Qualitativa consistiu do levantamento do Mapeamento de Corrente realizado em conjunto com a localiza\u00e7\u00e3o &#8220;in-situ&#8221; do duto graduando as regi\u00f5es com revestimento danificado em tr\u00eas ou mais n\u00edveis de gradua\u00e7\u00e3o para posterior avalia\u00e7\u00e3o e defini\u00e7\u00e3o da PETROBRAS das \u00e1reas a serem complementadas pela Inspe\u00e7\u00e3o quantitativa.<\/p>\n<p>A Inspe\u00e7\u00e3o Quantitativa consistiu na localiza\u00e7\u00e3o e demarca\u00e7\u00e3o no campo das falhas no revestimento, utilizando a t\u00e9cnica &#8220;A-Frame&#8221;, atrav\u00e9s do equipamento apropriado do fabricante Radiodection, e a coloca\u00e7\u00e3o de marcos (de cor vermelha) numerada, posicionada no solo no epicentro das falhas.<\/p>\n<p class=\"subtitulo\">Conceito da T\u00e9cnica CIS<\/p>\n<p>Atrav\u00e9s da t\u00e9cnica CIS (Close Interval Potential Survey) \u00e9 poss\u00edvel se obter um perfil de potencial tubo\/solo em intervalos muito pr\u00f3ximos (por ex: a cada metro), fornecendo um perfil cont\u00ednuo de potenciais de energiza\u00e7\u00e3o (on potential) e de polariza\u00e7\u00e3o (off potential) da estrutura ao longo de toda a tubula\u00e7\u00e3o, permitindo assim, avaliar de forma eficiente, os pontos da tubula\u00e7\u00e3o com falha no revestimento e principalmente com n\u00edvel deficiente de prote\u00e7\u00e3o.<\/p>\n<p>A efici\u00eancia do sistema de prote\u00e7\u00e3o cat\u00f3dica de tubula\u00e7\u00f5es enterradas, pode ser verificada pela medi\u00e7\u00e3o de potencial tubo\/solo ao longo deste. Para medi\u00e7\u00e3o do potencial, utiliza-se um eletrodo de refer\u00eancia, posicionado diretamente no solo sobre a tubula\u00e7\u00e3o existente.<\/p>\n<p>Os eletrodos de referencia assim como a tubula\u00e7\u00e3o est\u00e3o conectados a um volt\u00edmetro. O potencial tubo\/solo com a corrente impressa ligada (circulando), fornece o potencial de energiza\u00e7\u00e3o (on potential). Se esta medi\u00e7\u00e3o fosse feita diretamente sobre a tubula\u00e7\u00e3o, fato que raramente ocorre j\u00e1 que a tubula\u00e7\u00e3o esta enterrada, a medi\u00e7\u00e3o do potencial seria precisa, como na pr\u00e1tica o eletrodo \u00e9 colocado na superf\u00edcie do solo, o mesmo esta sujeito ao fluxo de corrente de prote\u00e7\u00e3o, assim como outra qualquer corrente cont\u00ednua existente no solo (eletr\u00f3lito). Estas correntes causam uma queda de potencial entre o eletrodo de referencia e o defeito no revestimento, isto implica em um erro no potencial medido (on potential), denominado de queda \u00f4hmica &#8211; IR, que pode variar em fun\u00e7\u00e3o da resistividade do solo e do fluxo da corrente local.<\/p>\n<p>A t\u00e9cnica mais utilizada para minimizar o erro da queda \u00f4hmica -IR (onde n\u00e3o existem correntes de interfer\u00eancia), esta baseada no fato de que a IR \u00e9 substancialmente reduzida imediatamente ap\u00f3s o desligamento da corrente de prote\u00e7\u00e3o cat\u00f3dica. A partir deste momento, a polariza\u00e7\u00e3o cat\u00f3dica, ou a varia\u00e7\u00e3o do potencial tubo\/solo, decai lentamente, permitindo que se fa\u00e7a a medi\u00e7\u00e3o do potencial minimizando o erro da queda \u00f4hmica.<\/p>\n<p>Para que o potencial de polariza\u00e7\u00e3o seja verdadeiro, \u00e9 necess\u00e1rio que todas as fontes (retificadores) sejam simultaneamente sincronizadas para ligar e desligar, o que ser\u00e1 conseguido instalando-se nos retificadores interruptores de corrente Cronos GPS de 100Amps.<\/p>\n<p class=\"subtitulo\">Descri\u00e7\u00e3o do M\u00e9todo CIS<\/p>\n<p>A inspe\u00e7\u00e3o de Potencial Passo a Passo, \u00e9 feita por um t\u00e9cnico caminhando ao longo da faixa de servid\u00e3o sobre a diretriz do duto, medindo-se o potencial tubo\/solo com o aux\u00edlio de hastes acopladas a semi-c\u00e9lulas e conectadas a um equipamento volt\u00edmetro\/registrador, modelo Data-Logger G1, da MCM, e a um ponto de contato da tubula\u00e7\u00e3o (por ex: PTE, flange e etc). Esta t\u00e9cnica \u00e9 utilizada para obter um perfil do potencial tubo\/solo em fun\u00e7\u00e3o da distancia. Este perfil subsidia dados para an\u00e1lise do sistema de prote\u00e7\u00e3o cat\u00f3dica, do revestimento e alguns efeito de interfer\u00eancia.<\/p>\n<p>Para eliminar os erros do potencial tubo\/solo, provenientes da IR, s\u00e3o utilizados interruptores de correntes Cronos GPS de 100Amps, instalados e sincronizados nas unidades retificadoras (na pr\u00e1tica, os mesmos s\u00e3o instalados na sa\u00edda dos retificadores). A partir da\u00ed, os potencias tubo\/solo, podem ser medidos instantaneamente ap\u00f3s a interrup\u00e7\u00e3o da corrente (gerada pelo retificador), obtendo-se assim o potencial de polariza\u00e7\u00e3o (off potential).<\/p>\n<p>Os dados captados e armazenados pelo volt\u00edmetro\/registrador Data-Logger G1, da MCM em campo, s\u00e3o posteriormente transferidos ao final do dia para um computador e posterior an\u00e1lise dos mesmos.<\/p>\n<p>\u00c9 importante destacar que o caminhamento e a leitura dos dados devem ser realizados com uma varia\u00e7\u00e3o de localiza\u00e7\u00e3o da tubula\u00e7\u00e3o de at\u00e9 60 cent\u00edmetros. Esta localiza\u00e7\u00e3o foi feita preliminarmente com a t\u00e9cnica PCM, cuja precis\u00e3o de localiza\u00e7\u00e3o est\u00e1 em torno dos 10 cm.<\/p>\n<p class=\"subtitulo\">Avalia\u00e7\u00e3o do M\u00e9todo CIS<\/p>\n<p>A avalia\u00e7\u00e3o da tubula\u00e7\u00e3o \u00e9 feita com base nos potenciais de energiza\u00e7\u00e3o e de polariza\u00e7\u00e3o (on\/off potential) obtidos em campo, onde ambos devem ser mais negativos que um valor preestabelecido.<\/p>\n<p>A combina\u00e7\u00e3o dos dados acima, al\u00e9m das informa\u00e7\u00f5es de IR e elementos existentes ao longo da faixa (rios, retificadores, PTE entre outros), visualizados atrav\u00e9s de gr\u00e1ficos, permite atrav\u00e9s de interpreta\u00e7\u00e3o dos resultados, identificar, por exemplo, a seguinte categoria de problemas:<\/p>\n<ol class=\"breadcrumb\">\n<li class=\"active\">\n<ul>\n<li>Defeitos no revestimento (tubula\u00e7\u00e3o sujeita a corros\u00e3o);<\/li>\n<li>Correntes de interfer\u00eancia externa (comumente observados no m\u00e9todo passo a passo, necessitando de interpreta\u00e7\u00e3o cuidadosa);<\/li>\n<li>Potenciais mais negativos que o crit\u00e9rio adotado, gerando aumento na demanda de corrente nestes locais, mas a prote\u00e7\u00e3o est\u00e1 mantida.<\/li>\n<\/ul>\n<\/li>\n<\/ol>\n<p>Em fun\u00e7\u00e3o dos resultados obtidos decidir qual a\u00e7\u00e3o corretiva dever\u00e1 ser tomada para recuperar o n\u00edvel de prote\u00e7\u00e3o anticorrosiva, podendo ser tomada uma ou mais a\u00e7\u00f5es:<\/p>\n<ol class=\"breadcrumb\">\n<li class=\"active\">\n<ul>\n<li>Aumentar a sa\u00edda de corrente dos retificadores;<\/li>\n<li>Melhorar a distribui\u00e7\u00e3o da corrente;<\/li>\n<li>Recuperar o revestimento.<\/li>\n<\/ul>\n<\/li>\n<\/ol>\n<p>Para subsidiar os dados de potencial tamb\u00e9m foram realizados os levantamentos de resistividade el\u00e9trica do solo.<\/p>\n<p class=\"subtitulo\">Limita\u00e7\u00f5es do M\u00e9todo CIS<\/p>\n<p>A presen\u00e7a de correntes de interfer\u00eancia afeta de forma significativa a interpreta\u00e7\u00e3o dos gr\u00e1ficos de potencial e polariza\u00e7\u00e3o ao longo da tubula\u00e7\u00e3o, uma vez que a estas causam flutua\u00e7\u00f5es aleat\u00f3rias nos potencias lidos.<\/p>\n<p>Outro ponto a considerar, \u00e9 que a mesma apresenta dificuldade de ser aplicada em \u00e1reas pavimentadas, sobre rodovias e rios.<\/p>\n<p>\u00c9 importante lembrar que durante as horas em que os levantamentos n\u00e3o s\u00e3o realizados os retificadores permanecem ligados sem as interrup\u00e7\u00f5es.<\/p>\n<p class=\"subtitulo\">Produto Final<\/p>\n<p>Foram emitidos relat\u00f3rios de georreferenciamento dos dutos, relat\u00f3rios de analise do revestimento, relat\u00f3rios de reparo dos cabos dos PTEs, relat\u00f3rios sobre a situa\u00e7\u00e3o atual e recomenda\u00e7\u00f5es para a melhoria do sistema de prote\u00e7\u00e3o cat\u00f3dica e plantas perfil contendo a localiza\u00e7\u00e3o das tubula\u00e7\u00f5es.","protected":false},"excerpt":{"rendered":"<p>[IMAGEM_CAROUSEL] Introdu\u00e7\u00e3o Em 2008 a PETROBRAS atrav\u00e9s da sua Unidade de Explora\u00e7\u00e3o UNSEAL, contratou a ESTEIO Engenharia para a execu\u00e7\u00e3o de levantamentos atrav\u00e9s da t\u00e9cnica PCM e an\u00e1lise do sistema &#8230;<\/p>\n","protected":false},"author":1,"featured_media":5472,"parent":2041,"menu_order":0,"comment_status":"closed","ping_status":"closed","template":"template-left-sidebar.php","meta":{"footnotes":""},"class_list":["post-2043","page","type-page","status-publish","has-post-thumbnail","hentry"],"_links":{"self":[{"href":"https:\/\/www.esteio.com.br\/es\/wp-json\/wp\/v2\/pages\/2043","targetHints":{"allow":["GET"]}}],"collection":[{"href":"https:\/\/www.esteio.com.br\/es\/wp-json\/wp\/v2\/pages"}],"about":[{"href":"https:\/\/www.esteio.com.br\/es\/wp-json\/wp\/v2\/types\/page"}],"author":[{"embeddable":true,"href":"https:\/\/www.esteio.com.br\/es\/wp-json\/wp\/v2\/users\/1"}],"replies":[{"embeddable":true,"href":"https:\/\/www.esteio.com.br\/es\/wp-json\/wp\/v2\/comments?post=2043"}],"version-history":[{"count":4,"href":"https:\/\/www.esteio.com.br\/es\/wp-json\/wp\/v2\/pages\/2043\/revisions"}],"predecessor-version":[{"id":5474,"href":"https:\/\/www.esteio.com.br\/es\/wp-json\/wp\/v2\/pages\/2043\/revisions\/5474"}],"up":[{"embeddable":true,"href":"https:\/\/www.esteio.com.br\/es\/wp-json\/wp\/v2\/pages\/2041"}],"wp:featuredmedia":[{"embeddable":true,"href":"https:\/\/www.esteio.com.br\/es\/wp-json\/wp\/v2\/media\/5472"}],"wp:attachment":[{"href":"https:\/\/www.esteio.com.br\/es\/wp-json\/wp\/v2\/media?parent=2043"}],"curies":[{"name":"wp","href":"https:\/\/api.w.org\/{rel}","templated":true}]}}