{"id":2051,"date":"2017-05-11T19:10:02","date_gmt":"2017-05-11T19:10:02","guid":{"rendered":"http:\/\/esteio.com.br\/?page_id=2051"},"modified":"2020-08-28T17:01:45","modified_gmt":"2020-08-28T17:01:45","slug":"der-parana","status":"publish","type":"page","link":"https:\/\/www.esteio.com.br\/es\/executados\/engenharia-viaria\/der-parana\/","title":{"rendered":"DER-PR"},"content":{"rendered":"[IMAGEM_CAROUSEL]\n<p>El programa Estatal de Ruta Rural &#8220;Camino para Educaci\u00f3n y Desarrollo&#8221; consiste b\u00e1sicamente en pavimentar 3,60 m de las plataformas de las rutas rurales con peque\u00f1o tr\u00e1fico que conectan pueblos y sedes municipales, con el objetivo de facilitar el Transporte de la cosecha de peque\u00f1os productores y de ni\u00f1os para escuelas rurales.<\/p>\n<p>ESTEIO realiz\u00f3 un proyecto b\u00e1sico experimental para el 2\u00b0 Centro Regional del DER\/PR \u2212 Ponta Grossa \u2212 en colaboraci\u00f3n con sus t\u00e9cnicos.<\/p>\n<p>Los trabajos consist\u00edan en un levantamiento catastral del trecho, particularizando los principales puntos problem\u00e1ticos e indicando el tipo de pavimento a ser realizado con material local que se adapte al tr\u00e1fico, a la velocidad de ejecuci\u00f3n y con los menores costos.<\/p>\n<p>Con el resultado de las diversas pistas experimentales, el DER pudo verificar la viabilidad de ejecuci\u00f3n del programa propuesto como un todo.","protected":false},"excerpt":{"rendered":"<p>[IMAGEM_CAROUSEL] El programa Estatal de Ruta Rural &#8220;Camino para Educaci\u00f3n y Desarrollo&#8221; consiste b\u00e1sicamente en pavimentar 3,60 m de las plataformas de las rutas rurales con peque\u00f1o tr\u00e1fico que conectan &#8230;<\/p>\n","protected":false},"author":1,"featured_media":5481,"parent":2046,"menu_order":0,"comment_status":"closed","ping_status":"closed","template":"template-left-sidebar.php","meta":{"footnotes":""},"class_list":["post-2051","page","type-page","status-publish","has-post-thumbnail","hentry"],"_links":{"self":[{"href":"https:\/\/www.esteio.com.br\/es\/wp-json\/wp\/v2\/pages\/2051","targetHints":{"allow":["GET"]}}],"collection":[{"href":"https:\/\/www.esteio.com.br\/es\/wp-json\/wp\/v2\/pages"}],"about":[{"href":"https:\/\/www.esteio.com.br\/es\/wp-json\/wp\/v2\/types\/page"}],"author":[{"embeddable":true,"href":"https:\/\/www.esteio.com.br\/es\/wp-json\/wp\/v2\/users\/1"}],"replies":[{"embeddable":true,"href":"https:\/\/www.esteio.com.br\/es\/wp-json\/wp\/v2\/comments?post=2051"}],"version-history":[{"count":6,"href":"https:\/\/www.esteio.com.br\/es\/wp-json\/wp\/v2\/pages\/2051\/revisions"}],"predecessor-version":[{"id":5482,"href":"https:\/\/www.esteio.com.br\/es\/wp-json\/wp\/v2\/pages\/2051\/revisions\/5482"}],"up":[{"embeddable":true,"href":"https:\/\/www.esteio.com.br\/es\/wp-json\/wp\/v2\/pages\/2046"}],"wp:featuredmedia":[{"embeddable":true,"href":"https:\/\/www.esteio.com.br\/es\/wp-json\/wp\/v2\/media\/5481"}],"wp:attachment":[{"href":"https:\/\/www.esteio.com.br\/es\/wp-json\/wp\/v2\/media?parent=2051"}],"curies":[{"name":"wp","href":"https:\/\/api.w.org\/{rel}","templated":true}]}}