{"id":2057,"date":"2017-05-11T19:13:16","date_gmt":"2017-05-11T19:13:16","guid":{"rendered":"http:\/\/esteio.com.br\/?page_id=2057"},"modified":"2020-08-28T17:31:38","modified_gmt":"2020-08-28T17:31:38","slug":"feed-comperj","status":"publish","type":"page","link":"https:\/\/www.esteio.com.br\/es\/executados\/engenharia-viaria\/feed-comperj\/","title":{"rendered":"FEED (Front-End Engineering Design) do COMPERJ\/REDUC"},"content":{"rendered":"[IMAGEM_CAROUSEL]\n<p>Desde janeiro de 2010 a ESTEIO est\u00e1 desenvolvendo para a PETROBRAS os servi\u00e7os de Engenharia de Pr\u00e9-detatalhamento (front-end engineering detail &#8211; FEED), destinado ao Projeto Geom\u00e9trico e Urbaniza\u00e7\u00e3o da faixa de dutos COMPERJ \/ REDUC, contemplando a interliga\u00e7\u00e3o COMPERJ \/Terminal Campos El\u00edseos &#8211; TECAM, pertencente ao Complexo Petroqu\u00edmico do Rio de Janeiro &#8211; COMPERJ. Esse Complexo, localizado no munic\u00edpio de Itabora\u00ed\/RJ, prev\u00ea a constru\u00e7\u00e3o de uma refinaria, unidades petroqu\u00edmicas de primeira e de segunda gera\u00e7\u00e3o. A entrada em opera\u00e7\u00e3o do empreendimento est\u00e1 prevista para o segundo semestre de 2013, com o principal objetivo de aumentar a produ\u00e7\u00e3o nacional de produtos petroqu\u00edmicos, com o processamento de cerca de 150 mil barris\/dia de \u00f3leo pesado nacional, ou at\u00e9 mais. Segundo a Estatal, existe a possibilidade de inclus\u00e3o de um m\u00f3dulo adicional que poder\u00e1 dobrar a capacidade de processamento originalmente prevista.<\/p>\n<p>O escopo multidisciplinar de Servi\u00e7os de FEED, envolve consultoria t\u00e9cnica, servi\u00e7os de campo, perfilamento LASER, inspe\u00e7\u00f5es, coleta de informa\u00e7\u00f5es e ensaios em laborat\u00f3rio geotecnol\u00f3gico, estudos, licen\u00e7as\/autoriza\u00e7\u00f5es para elabora\u00e7\u00e3o do projeto geom\u00e9trico da faixa de trabalho, da diretriz dos dutos e seus complementos, a partir dos projetos b\u00e1sicos mec\u00e2nicos dos dutos.<\/p>\n<p>Como principal caracter\u00edstica do escopo atual est\u00e1 a realiza\u00e7\u00e3o do projeto de 11 dutos, que ser\u00e3o implantados em duas fases distintas: Petr\u00f3leo, G\u00e1s Natural, GPL\/Butano, Nafta, Querosene, \u00d3leo Combust\u00edvel, Paraxileno, Tilenoglicol, Propeno, Butadieno e Benzeno.<\/p>\n<p>As principais etapas desenvolvidas e em desenvolvimento s\u00e3o apresentadas a seguir:<\/p>\n<p class=\"subtitulo\">Perfilamento LASER<\/p>\n<p>A primeira atividade executada foi o perfilamento Laser na faixa de interesse para mapeamento da superf\u00edcie. Na imagem ao lado pode-se identificar facilmente outra faixa onde o duto (GASDUC III), foi implantado recentemente, adjacente \u00e0 atual faixa de interesse.<\/p>\n<p class=\"subtitulo\">Estudo de Ocupa\u00e7\u00e3o da Faixa<\/p>\n<p>Consiste na defini\u00e7\u00e3o da sequ\u00eancia de ocupa\u00e7\u00e3o dos 11 dutos na faixa de trabalho, bem como o espa\u00e7o remanescente, considerando as caracter\u00edsticas de cada duto, como di\u00e2metro, ponto de chegada, cruzamentos com outros dutos existentes, interfer\u00eancias, sentido dos fluxos de processos, fase de implanta\u00e7\u00e3o e outros.<\/p>\n<p class=\"subtitulo\">Estudo de Corredor<\/p>\n<p>Nesta fase foram avaliadas as se\u00e7\u00f5es transversais ao longo da faixa, espa\u00e7adas de 20 m, geradas a partir dos dados laser levantados, estudadas as alternativas, por proje\u00e7\u00e3o de taludes de corte\/ aterro, considerando a menor demanda de movimento de terra, bem como o menor impacto construtivo, e a resultante faixa de trabalho, destinadas \u00e0 ocupa\u00e7\u00e3o do conjunto de dutos.<\/p>\n<p>As figuras abaixo apresentam, como exemplo, duas se\u00e7\u00f5es transversais, a da estaca 41 mais 340 m e a da estaca 41 mais 360 m, respectivamente. A linha vermelha indica a superf\u00edcie obtida pelo perfilamento Laser e a linha azul indica a superf\u00edcie projetada, a ser obtida mediante movimento de terra (corte), bem como a ocupa\u00e7\u00e3o de cada duto, na faixa serviente (FS) de 30 m, delimitada pelas linhas na cor laranja.<\/p>\n<p class=\"subtitulo\">Estudos Hidrol\u00f3gicos<\/p>\n<p>Est\u00e3o sendo elaborados estudos hidrol\u00f3gicos considerando os corpos h\u00eddricos que fazem parte do escopo, tamb\u00e9m em fun\u00e7\u00e3o das cotas de fundo e do topo do duto definidos nos processos de outorga pelo INEA (Instituto Estadual do Ambiente) para obten\u00e7\u00e3o de licen\u00e7as. Nesses estudos s\u00e3o verificadas as varia\u00e7\u00f5es de calha do rio em toda sua regi\u00e3o de influ\u00eancia e as regi\u00f5es inund\u00e1veis.<\/p>\n<p class=\"subtitulo\">Estudo de Travessias<\/p>\n<p>Est\u00e3o sendo realizados estudos de travessias dos corpos h\u00eddricos que fazem parte do escopo do Servi\u00e7o, incluindo informa\u00e7\u00f5es sobre as caracter\u00edsticas de regime, mec\u00e2nica fluvial, superf\u00edcie e impactos, de modo a permitir a defini\u00e7\u00e3o do m\u00e9todo construtivo, incluindo dispositivos de apoio\/prote\u00e7\u00f5es provis\u00f3rios e perenes mais adequados para obten\u00e7\u00e3o de licen\u00e7as, constru\u00e7\u00e3o e opera\u00e7\u00e3o.<\/p>\n<p>Com base nos estudos, nos resultados dos levantamentos topobatim\u00e9tricos, nas investiga\u00e7\u00f5es diretas, indiretas, coleta de amostras, ensaios complementares, levantamento geof\u00edsicos (GPR), eletrorresistividade (tomografia el\u00e9trica) e s\u00edsmica, onde aplic\u00e1veis, est\u00e3o sendo identificadas as condi\u00e7\u00f5es de cada travessia, caracterizados os riscos de instabilidade fluvial que possam afetar a seguran\u00e7a dos dutos no segmento da travessia e sugerido o m\u00e9todo construtivo mais adequado, face das condi\u00e7\u00f5es locais estudadas.<\/p>\n<p class=\"subtitulo\">Zoneamento Geot\u00e9cnico<\/p>\n<p>Foram elaborados mapas de zoneamento geot\u00e9cnico ao longo da diretriz, com a finalidade de definir unidades do terreno de mesmo comportamento geot\u00e9cnico, aplicados a obras de instala\u00e7\u00e3o de dutos, cada qual com orienta\u00e7\u00f5es t\u00e9cnicas preventivas e corretivas dos problemas caracter\u00edsticos, previamente identificados. Para subsidiar a elabora\u00e7\u00e3o dos mapas, foram realizados servi\u00e7os em campo.<\/p>\n<p class=\"subtitulo\">Memorial Descritivo de Constru\u00e7\u00e3o e Montagem dos Dutos<\/p>\n<p>Est\u00e1 sendo elaborado o Memorial Descritivo de Constru\u00e7\u00e3o e Montagem dos Dutos que apresenta, al\u00e9m dos dados b\u00e1sicos como o objetivo do trabalho, o tra\u00e7ado e caracteriza\u00e7\u00e3o da faixa, escopo, dados t\u00e9cnicos como as caracter\u00edsticas do gasoduto, detalhes do encaminhamento do duto, canteiro de obras, consist\u00eancia do projeto b\u00e1sico e do projeto geom\u00e9trico, elabora\u00e7\u00e3o do projeto executivo, constru\u00e7\u00e3o, montagem, prepara\u00e7\u00e3o da faixa de trabalho, curvamento dos dutos, concretagem de tubos, abertura de valas, sinaliza\u00e7\u00e3o, marcos geod\u00e9sicos, licen\u00e7as e autoriza\u00e7\u00f5es, procedimento para altera\u00e7\u00e3o de escopo, hor\u00e1rio de trabalho e muitos outros.<\/p>\n<p class=\"subtitulo\">Produtos<\/p>\n<p>Como principais produtos, em desenvolvimento, temos:<\/p>\n<ol class=\"breadcrumb\">\n<li class=\"active\">\n<ul>\n<li>Plantas 1:1000, incluindo os projetos geom\u00e9tricos das diretrizes dos dutos;<\/li>\n<li>Perfis 1:1000 H\/V para cada duto;<\/li>\n<li>Plantas 1:200 H\/V em cruzamentos e travessias para cada duto.<\/li>\n<li>Plantas 1:25.000 para apoio \u00e0s obras (indicando melhorias de acesso em segmentos cr\u00edticos e acessos novos \u00e0 faixa de dutos, \u00e1reas de v\u00e1lvulas e outros pontos de interesse).<\/li>\n<\/ul>\n<\/li>\n<\/ol>\n<p>Memoriais Descritivos:<\/p>\n<ol class=\"breadcrumb\">\n<li class=\"active\">\n<ul>\n<li>Constru\u00e7\u00e3o e montagem dos dutos;<\/li>\n<li>Premissas e crit\u00e9rios para mitiga\u00e7\u00e3o dos impactos ambientais na constru\u00e7\u00e3o;<\/li>\n<li>Constru\u00e7\u00e3o da faixa de trabalho;<\/li>\n<li>Plano de constru\u00e7\u00e3o da faixa de trabalho.<\/li>\n<\/ul>\n<\/li>\n<\/ol>\n<p>Especifica\u00e7\u00f5es T\u00e9cnicas:<\/p>\n<ol class=\"breadcrumb\">\n<li class=\"active\">\n<ul>\n<li>Execu\u00e7\u00e3o de terraplenagem;<\/li>\n<li>Metodologias construtivas;<\/li>\n<li>Pavimentos flex\u00edveis;<\/li>\n<\/ul>\n<\/li>\n<\/ol>\n<p>Mem\u00f3rias de C\u00e1lculo:<\/p>\n<ol class=\"breadcrumb\">\n<li class=\"active\">\n<ul>\n<li>Cuba\u00e7\u00e3o de volumes (solos e rochas);<\/li>\n<li>Drenagem;<\/li>\n<li>Obras geot\u00e9cnicas de conten\u00e7\u00e3o; estabiliza\u00e7\u00e3o, funda\u00e7\u00f5es e bases civis;<\/li>\n<li>Suportes, estruturas met\u00e1licas, flexibilidade de tubula\u00e7\u00e3o;<\/li>\n<li>Dimensionamento de pavimentos flex\u00edveis;<\/li>\n<li>Teste hidrost\u00e1tico simplificado;<\/li>\n<li>Sobregargas externas em dutos existentes<\/li>\n<li>Lastreamento de dutos.<\/li>\n<\/ul>\n<\/li>\n<\/ol>\n<p class=\"subtitulo\">Corpo T\u00e9cnico<\/p>\n<p>Devido \u00e0 caracter\u00edstica multidisciplinar do escopo, o corpo t\u00e9cnico para o desenvolvimento dos trabalhos \u00e9 composto por engenheiros civis, cart\u00f3grafos, ambientais, agr\u00f4nomos, hidr\u00f3logos, geof\u00edsicos, florestais e de dutos, bem como por t\u00e9cnicos de diversas especialidades, como cadastradores, t\u00e9cnico de seguran\u00e7a e meio ambiente, de qualidade, comunicador social, projetistas, cadistas e outros.","protected":false},"excerpt":{"rendered":"<p>[IMAGEM_CAROUSEL] Desde janeiro de 2010 a ESTEIO est\u00e1 desenvolvendo para a PETROBRAS os servi\u00e7os de Engenharia de Pr\u00e9-detatalhamento (front-end engineering detail &#8211; FEED), destinado ao Projeto Geom\u00e9trico e Urbaniza\u00e7\u00e3o da &#8230;<\/p>\n","protected":false},"author":1,"featured_media":5498,"parent":2046,"menu_order":0,"comment_status":"closed","ping_status":"closed","template":"template-left-sidebar.php","meta":{"footnotes":""},"class_list":["post-2057","page","type-page","status-publish","has-post-thumbnail","hentry"],"_links":{"self":[{"href":"https:\/\/www.esteio.com.br\/es\/wp-json\/wp\/v2\/pages\/2057","targetHints":{"allow":["GET"]}}],"collection":[{"href":"https:\/\/www.esteio.com.br\/es\/wp-json\/wp\/v2\/pages"}],"about":[{"href":"https:\/\/www.esteio.com.br\/es\/wp-json\/wp\/v2\/types\/page"}],"author":[{"embeddable":true,"href":"https:\/\/www.esteio.com.br\/es\/wp-json\/wp\/v2\/users\/1"}],"replies":[{"embeddable":true,"href":"https:\/\/www.esteio.com.br\/es\/wp-json\/wp\/v2\/comments?post=2057"}],"version-history":[{"count":4,"href":"https:\/\/www.esteio.com.br\/es\/wp-json\/wp\/v2\/pages\/2057\/revisions"}],"predecessor-version":[{"id":5499,"href":"https:\/\/www.esteio.com.br\/es\/wp-json\/wp\/v2\/pages\/2057\/revisions\/5499"}],"up":[{"embeddable":true,"href":"https:\/\/www.esteio.com.br\/es\/wp-json\/wp\/v2\/pages\/2046"}],"wp:featuredmedia":[{"embeddable":true,"href":"https:\/\/www.esteio.com.br\/es\/wp-json\/wp\/v2\/media\/5498"}],"wp:attachment":[{"href":"https:\/\/www.esteio.com.br\/es\/wp-json\/wp\/v2\/media?parent=2057"}],"curies":[{"name":"wp","href":"https:\/\/api.w.org\/{rel}","templated":true}]}}