{"id":2072,"date":"2017-05-11T19:25:45","date_gmt":"2017-05-11T19:25:45","guid":{"rendered":"http:\/\/esteio.com.br\/?page_id=2072"},"modified":"2024-04-12T14:42:31","modified_gmt":"2024-04-12T14:42:31","slug":"atuba","status":"publish","type":"page","link":"https:\/\/www.esteio.com.br\/es\/executados\/engenharia-viaria\/atuba\/","title":{"rendered":"Macrodrenagem da Bacia do Rio Atuba em Curitiba-PR"},"content":{"rendered":"[IMAGEM_CAROUSEL]\n<p>A Prefeitura Municipal de Curitiba &#8211; PMC contratou a ESTEIO para realizar o Projeto Executivo das Obras de Macrodrenagem a serem implantadas na BACIA DO RIO ATUBA, regi\u00e3o localizada na divisa dos munic\u00edpios de Curitiba e Pinhais.<\/p>\n<p>O projeto executivo tem como base os estudos entregues anteriormente pela ESTEIO \u00e0 PMC, relativos ao Diagn\u00f3stico do Sistema de Drenagem da Regi\u00e3o do Cajuru e o Projeto B\u00e1sico da Alternativa de Solu\u00e7\u00e3o para a Minimiza\u00e7\u00e3o das Inunda\u00e7\u00f5es no Sistema de Drenagem da Regi\u00e3o do Baixo Cajuru.<\/p>\n<p>A bacia hidrogr\u00e1fica do rio Atuba situa-se na por\u00e7\u00e3o leste do munic\u00edpio de Curitiba, e sua \u00e1rea de drenagem engloba, al\u00e9m de Curitiba, outros munic\u00edpios da regi\u00e3o metropolitana, Pinhais, Colombo e Almirante Tamandar\u00e9.<\/p>\n<p>A bacia do rio Atuba possui 128,6 km\u00b2 de \u00e1rea de drenagem e seu principal contribuinte \u00e9 a sub-bacia do rio Bacacheri com \u00e1rea aproximada de 30 km\u00b2. As \u00e1reas em torno do rio Atuba, apresentam pouca declividade, formando extensa plan\u00edcie de inunda\u00e7\u00e3o.<\/p>\n<p>A bacia do rio Atuba est\u00e1 em franca ocupa\u00e7\u00e3o urbana, com forte urbaniza\u00e7\u00e3o na sua parte mais central e com densifica\u00e7\u00e3o tanto a montante como a jusante.<\/p>\n<p>\u00c9 fato que com o crescimento populacional da bacia do rio Atuba e conseq\u00fcente aumento da impermeabiliza\u00e7\u00e3o do solo, o risco de inunda\u00e7\u00f5es tender\u00e1 a aumentar.<\/p>\n<p>A situa\u00e7\u00e3o atual j\u00e1 \u00e9 cr\u00edtica, pois nas \u00faltimas enchentes ocorridas na bacia foram registrados n\u00edveis de \u00e1gua em torno de um metro no interior das resid\u00eancias situadas nas margens do rio Atuba.<\/p>\n<p>Desta forma, fica caracterizada a necessidade de implementar medidas que visem uma adequa\u00e7\u00e3o do sistema de drenagem capaz de escoar o acr\u00e9scimo de vaz\u00e3o superficial proveniente do aumento da urbaniza\u00e7\u00e3o.<\/p>\n<p>A estrutura b\u00e1sica adotada para o desenvolvimento do Estudo de Viabilidade constou dos seguintes itens:<\/p>\n<ol class=\"breadcrumb\">\n<li class=\"active\">\n<ul>\n<li>Estudos Topogr\u00e1ficos<\/li>\n<li>Estudos Geot\u00e9cnicos<\/li>\n<li>Estudos Hidrol\u00f3gicos<\/li>\n<li>Estudos Hidr\u00e1ulicos<\/li>\n<li>Projeto Geom\u00e9trico para Alargamento<\/li>\n<li>Projeto de Drenagem e OAC<\/li>\n<li>Projeto de Obra de Arte Especial<\/li>\n<\/ul>\n<\/li>\n<\/ol>","protected":false},"excerpt":{"rendered":"<p>[IMAGEM_CAROUSEL] A Prefeitura Municipal de Curitiba &#8211; PMC contratou a ESTEIO para realizar o Projeto Executivo das Obras de Macrodrenagem a serem implantadas na BACIA DO RIO ATUBA, regi\u00e3o localizada &#8230;<\/p>\n","protected":false},"author":1,"featured_media":6801,"parent":2046,"menu_order":0,"comment_status":"closed","ping_status":"closed","template":"template-left-sidebar.php","meta":{"footnotes":""},"class_list":["post-2072","page","type-page","status-publish","has-post-thumbnail","hentry"],"_links":{"self":[{"href":"https:\/\/www.esteio.com.br\/es\/wp-json\/wp\/v2\/pages\/2072","targetHints":{"allow":["GET"]}}],"collection":[{"href":"https:\/\/www.esteio.com.br\/es\/wp-json\/wp\/v2\/pages"}],"about":[{"href":"https:\/\/www.esteio.com.br\/es\/wp-json\/wp\/v2\/types\/page"}],"author":[{"embeddable":true,"href":"https:\/\/www.esteio.com.br\/es\/wp-json\/wp\/v2\/users\/1"}],"replies":[{"embeddable":true,"href":"https:\/\/www.esteio.com.br\/es\/wp-json\/wp\/v2\/comments?post=2072"}],"version-history":[{"count":4,"href":"https:\/\/www.esteio.com.br\/es\/wp-json\/wp\/v2\/pages\/2072\/revisions"}],"predecessor-version":[{"id":6802,"href":"https:\/\/www.esteio.com.br\/es\/wp-json\/wp\/v2\/pages\/2072\/revisions\/6802"}],"up":[{"embeddable":true,"href":"https:\/\/www.esteio.com.br\/es\/wp-json\/wp\/v2\/pages\/2046"}],"wp:featuredmedia":[{"embeddable":true,"href":"https:\/\/www.esteio.com.br\/es\/wp-json\/wp\/v2\/media\/6801"}],"wp:attachment":[{"href":"https:\/\/www.esteio.com.br\/es\/wp-json\/wp\/v2\/media?parent=2072"}],"curies":[{"name":"wp","href":"https:\/\/api.w.org\/{rel}","templated":true}]}}