{"id":2078,"date":"2017-05-11T19:46:58","date_gmt":"2017-05-11T19:46:58","guid":{"rendered":"http:\/\/esteio.com.br\/?page_id=2078"},"modified":"2022-05-26T18:48:31","modified_gmt":"2022-05-26T18:48:31","slug":"levantamentos-planialtimetricos","status":"publish","type":"page","link":"https:\/\/www.esteio.com.br\/es\/executados\/levantamentos-planialtimetricos\/","title":{"rendered":"Levantamentos Planialtim\u00e9tricos"},"content":{"rendered":"[IMAGEM_CAROUSEL]\n<p>Os levantamentos planialtim\u00e9tricos visam determinar as coordenadas de pontos da superf\u00edcie do terreno, a partir de uma origem pr\u00e9-definida, um ge\u00f3ide ou um elips\u00f3ide. Os levantamentos planim\u00e9tricos s\u00e3o efetuados com equipamentos GNSS (Global Navigation Satellite Systems) e equipamentos topogr\u00e1ficos (esta\u00e7\u00e3o total), enquanto que os levantamentos altim\u00e9tricos s\u00e3o realizados com n\u00edveis eletr\u00f4nicos.<\/p>\n<p>Nos trabalhos aerofotogram\u00e9tricos geralmente os servi\u00e7os se dividem em poligonal principal \/ b\u00e1sica e apoio suplementar. O primeiro \u00e9 utilizado para o transporte das coordenadas de uma rede j\u00e1 implantada, seja ela nacional, estadual ou privada. O segundo \u00e9 utilizado para a partir do primeiro, densificar a quantidade de pontos necess\u00e1rios para os trabalhos de aerotriangula\u00e7\u00e3o conforme a escala de voo.<\/p>\n<p>As precis\u00f5es dos levantamentos ser\u00e3o definidas em fun\u00e7\u00e3o da escala do produto final e das t\u00e9cnicas de levantamento, e que poder\u00e1 variar de acordo ao modelo de equipamento utilizado.<\/p>\n<p>Todos os equipamentos possuem um certificado de aferi\u00e7\u00e3o, os quais s\u00e3o emitidos pelos laborat\u00f3rios credenciados das fabricantes do equipamento ou por departamentos de entidades de ensino especializadas na \u00e1rea.<\/p>\n<p>Os processos de levantamento possuem instru\u00e7\u00e3o espec\u00edfica de servi\u00e7o e mant\u00e9m um controle de qualidade desde o momento do levantamento at\u00e9 o processamento final dos dados.<\/p>\n<p>Os levantamentos que n\u00e3o est\u00e3o voltados para a aerofotogrametria s\u00e3o realizados de acordo \u00e0s especifica\u00e7\u00f5es do contratante, seja um simples transporte de coordenadas at\u00e9 a determina\u00e7\u00e3o de uma rede de alta precis\u00e3o.<\/p>\n<p>A materializa\u00e7\u00e3o deve ser est\u00e1vel no terreno, em local de pouca circula\u00e7\u00e3o, protegido e se poss\u00edvel com uma identifica\u00e7\u00e3o atrav\u00e9s de uma chapeta met\u00e1lica.<\/p>\n<p class=\"subtitulo\">Artigos Relacionados<\/p>\n<ol class=\"breadcrumb\">\n<li class=\"active\">\n<ul>\n<li><a href=\"http:\/\/esteio.com.br\/downloads\/2007\/alem_de_um_plano_diretor.pdf\" target=\"_blank\" rel=\"noopener noreferrer\">Al\u00e9m de um Plano Diretor para sua Cidade<\/a><\/li>\n<li><a href=\"http:\/\/esteio.com.br\/downloads\/2007\/dds.pdf\" target=\"_blank\" rel=\"noopener noreferrer\">Seguran\u00e7a do Trabalho nas Atividades de Topografia<\/a><\/li>\n<\/ul>\n<\/li>\n<\/ol>","protected":false},"excerpt":{"rendered":"<p>[IMAGEM_CAROUSEL] Os levantamentos planialtim\u00e9tricos visam determinar as coordenadas de pontos da superf\u00edcie do terreno, a partir de uma origem pr\u00e9-definida, um ge\u00f3ide ou um elips\u00f3ide. Os levantamentos planim\u00e9tricos s\u00e3o efetuados &#8230;<\/p>\n","protected":false},"author":1,"featured_media":0,"parent":1290,"menu_order":0,"comment_status":"closed","ping_status":"closed","template":"template-left-sidebar.php","meta":{"footnotes":""},"class_list":["post-2078","page","type-page","status-publish","hentry"],"_links":{"self":[{"href":"https:\/\/www.esteio.com.br\/es\/wp-json\/wp\/v2\/pages\/2078","targetHints":{"allow":["GET"]}}],"collection":[{"href":"https:\/\/www.esteio.com.br\/es\/wp-json\/wp\/v2\/pages"}],"about":[{"href":"https:\/\/www.esteio.com.br\/es\/wp-json\/wp\/v2\/types\/page"}],"author":[{"embeddable":true,"href":"https:\/\/www.esteio.com.br\/es\/wp-json\/wp\/v2\/users\/1"}],"replies":[{"embeddable":true,"href":"https:\/\/www.esteio.com.br\/es\/wp-json\/wp\/v2\/comments?post=2078"}],"version-history":[{"count":5,"href":"https:\/\/www.esteio.com.br\/es\/wp-json\/wp\/v2\/pages\/2078\/revisions"}],"predecessor-version":[{"id":6006,"href":"https:\/\/www.esteio.com.br\/es\/wp-json\/wp\/v2\/pages\/2078\/revisions\/6006"}],"up":[{"embeddable":true,"href":"https:\/\/www.esteio.com.br\/es\/wp-json\/wp\/v2\/pages\/1290"}],"wp:attachment":[{"href":"https:\/\/www.esteio.com.br\/es\/wp-json\/wp\/v2\/media?parent=2078"}],"curies":[{"name":"wp","href":"https:\/\/api.w.org\/{rel}","templated":true}]}}