{"id":2085,"date":"2017-05-11T19:54:28","date_gmt":"2017-05-11T19:54:28","guid":{"rendered":"http:\/\/esteio.com.br\/?page_id=2085"},"modified":"2023-04-13T16:13:25","modified_gmt":"2023-04-13T16:13:25","slug":"museu-paranaense","status":"publish","type":"page","link":"https:\/\/www.esteio.com.br\/es\/executados\/fotogrametria-terrestre\/museu-paranaense\/","title":{"rendered":"Levantamento Arquitet\u00f4nico do Edif\u00edcio que Abriga o Museu Paranaense"},"content":{"rendered":"[IMAGEM_CAROUSEL]\n<p>A ESTEIO executou servi\u00e7os de Fotogrametria Terrestre no edif\u00edcio que hoje abriga o Museu Paranaense, localizado na Pra\u00e7a Generoso Marques no Centro de Curitiba, com o prop\u00f3sito de fornecer dados necess\u00e1rios para a preserva\u00e7\u00e3o deste importante im\u00f3vel, resultando em um instrumento de trabalho para as etapas seguintes necess\u00e1rias a sua preserva\u00e7\u00e3o.<\/p>\n<p>Esses trabalhos resultaram em Ortofotos e Restitui\u00e7\u00f5es Fotogram\u00e9tricas das fachadas do edif\u00edcio e de alguns detalhes internos, e foram produzidos \u00e0 partir de imagens captadas no local e referenciadas por medi\u00e7\u00f5es complementares.<\/p>\n<p>As plantas e cortes foram produzidos por um levantamento m\u00e9trico \u201ctradicional in loco\u201d com o aux\u00edlio de fotografia digital e de dados complementares da fotogrametria.<\/p>\n<p>Este projeto foi aprovado e viabilizado segundo a Lei Municipal de Incentivo \u00e0 Cultura de Curitiba, pelo processo n\u00b0 15 295\/99 e enquadramento n\u00b0 069\/99. A empresa SIEMENS, instalada na Cidade Industrial de Curitiba, foi a incentivadora deste projeto destinando parte de seu ISS (Imposto Sobre Servi\u00e7os) para viabilizar este projeto.","protected":false},"excerpt":{"rendered":"<p>[IMAGEM_CAROUSEL] A ESTEIO executou servi\u00e7os de Fotogrametria Terrestre no edif\u00edcio que hoje abriga o Museu Paranaense, localizado na Pra\u00e7a Generoso Marques no Centro de Curitiba, com o prop\u00f3sito de fornecer &#8230;<\/p>\n","protected":false},"author":1,"featured_media":6590,"parent":2080,"menu_order":0,"comment_status":"closed","ping_status":"closed","template":"template-left-sidebar.php","meta":{"footnotes":""},"class_list":["post-2085","page","type-page","status-publish","has-post-thumbnail","hentry"],"_links":{"self":[{"href":"https:\/\/www.esteio.com.br\/es\/wp-json\/wp\/v2\/pages\/2085","targetHints":{"allow":["GET"]}}],"collection":[{"href":"https:\/\/www.esteio.com.br\/es\/wp-json\/wp\/v2\/pages"}],"about":[{"href":"https:\/\/www.esteio.com.br\/es\/wp-json\/wp\/v2\/types\/page"}],"author":[{"embeddable":true,"href":"https:\/\/www.esteio.com.br\/es\/wp-json\/wp\/v2\/users\/1"}],"replies":[{"embeddable":true,"href":"https:\/\/www.esteio.com.br\/es\/wp-json\/wp\/v2\/comments?post=2085"}],"version-history":[{"count":5,"href":"https:\/\/www.esteio.com.br\/es\/wp-json\/wp\/v2\/pages\/2085\/revisions"}],"predecessor-version":[{"id":6591,"href":"https:\/\/www.esteio.com.br\/es\/wp-json\/wp\/v2\/pages\/2085\/revisions\/6591"}],"up":[{"embeddable":true,"href":"https:\/\/www.esteio.com.br\/es\/wp-json\/wp\/v2\/pages\/2080"}],"wp:featuredmedia":[{"embeddable":true,"href":"https:\/\/www.esteio.com.br\/es\/wp-json\/wp\/v2\/media\/6590"}],"wp:attachment":[{"href":"https:\/\/www.esteio.com.br\/es\/wp-json\/wp\/v2\/media?parent=2085"}],"curies":[{"name":"wp","href":"https:\/\/api.w.org\/{rel}","templated":true}]}}