{"id":2099,"date":"2017-05-12T12:19:28","date_gmt":"2017-05-12T12:19:28","guid":{"rendered":"http:\/\/esteio.com.br\/?page_id=2099"},"modified":"2023-04-13T16:21:50","modified_gmt":"2023-04-13T16:21:50","slug":"msgas","status":"publish","type":"page","link":"https:\/\/www.esteio.com.br\/es\/executados\/gpr\/msgas\/","title":{"rendered":"Levantamento GPR para MSG\u00e1s em Campo Grande e Tr\u00eas Lagoas-MS"},"content":{"rendered":"[IMAGEM_CAROUSEL]\n<p>A ESTEIO realizou levantamentos com GPR nas cidades de Campo Grande e Tr\u00eas Lagoas, ambas no estado do Mato Grosso do Sul. Tais levantamentos foram executados com o objetivo principal de localizar interfer\u00eancias em alguns ramais do projeto do duto de g\u00e1s da MSG\u00c1S &#8211; Companhia de G\u00e1s do Estado de Mato Grosso do Sul.<\/p>\n<p>As linhas de levantamento de GPR foram realizadas segundo orienta\u00e7\u00e3o dos engenheiros da MSG\u00c1S e seu estaqueamento, bem como suas respectivas profundidades est\u00e3o referenciadas nas plantas de tra\u00e7ado de rede. Estas linhas foram divididas em segmentos que se referem \u00c3\u00a0s ruas nas quais foram executados os estudos. Cada um destes segmentos foi subdividido em perfis, correspondente ao arquivo original gerado em campo.<\/p>\n<p class=\"subtitulo\">Metodologia<\/p>\n<p>Inicialmente fez-se uma revis\u00e3o bibliogr\u00e1fica sobre as caracter\u00edsticas geol\u00f3gicas das \u00e1reas a serem estudadas, com o objetivo de prever as dificuldades para a aplica\u00e7\u00e3o do m\u00e9todo GPR, al\u00e9m de decidir qual eram as melhores antenas em fun\u00e7\u00e3o do tipo de substrato e da profundidade de interesse. Neste trabalho foram utilizadas as antenas de 200 e 400 Mhz.<\/p>\n<p>Posteriormente realizou-se um reconhecimento e um planejamento preliminar dos trechos a serem estudados. Nesta etapa contamos com o apoio dos engenheiros da MSG\u00c1S e de um top\u00f3grafo da PROSUL, que indicaram qual seriam os locais para as sondagens com o GPR.<\/p>\n<p>Os levantamentos propriamente ditos, consistem em arrastar lentamente uma antena (transmissor e receptor) ao longo do tra\u00e7ado do gasoduto. Esta antena \u00e9 ligada a uma unidade de controle, por meio de um cabo coaxial, respons\u00e1vel por controlar todos os par\u00e2metros de aquisi\u00e7\u00e3o e armazenamentos dos dados.<\/p>\n<p class=\"subtitulo\">Interfer\u00eancias<\/p>\n<p>Devido a limita\u00e7\u00f5es do m\u00e9todo GPR e por n\u00e3o ser objeto deste trabalho, as interfer\u00eancias descritas n\u00e3o foram especificadas quanto a sua composi\u00e7\u00e3o e tamanho, exceto aquelas que foram visualizadas em campo e permitem uma descri\u00e7\u00e3o mais detalhada.<\/p>\n<p>Para determina\u00e7\u00e3o exata da composi\u00e7\u00e3o do tamanho de cada interfer\u00eancia seria necess\u00e1rio fazer um furo de sondagem ou uma escava\u00e7\u00e3o, processo muito lento e oneroso. De toda forma, este trabalho \u00e9 de car\u00e1ter complementar, e praticamente todas as interfer\u00eancias que podem gerar problemas na execu\u00e7\u00e3o das obras j\u00e1 est\u00e3o descritas no Memorial Descritivo de Interfer\u00eancias, executado pela PROSUL.<\/p>\n<p>A figura ao lado mostra um exemplo de uma interfer\u00eancia identificada na cidade de Tr\u00eas Lagoas. Quando a dire\u00e7\u00e3o do levantamento \u00e9 perpendicular a posi\u00e7\u00e3o da interfer\u00eancia, o resultado geralmente caracteriza-se por uma &#8220;hip\u00e9rbole&#8221;. A intensidade do sinal refletido varia em fun\u00e7\u00e3o das caracter\u00edsticas do terreno estudado, tamanho e composi\u00e7\u00e3o do objeto refletor, que no caso \u00e9 bastante n\u00edtida, pois trata-se de uma tubula\u00e7\u00e3o met\u00e1lica.","protected":false},"excerpt":{"rendered":"<p>[IMAGEM_CAROUSEL] A ESTEIO realizou levantamentos com GPR nas cidades de Campo Grande e Tr\u00eas Lagoas, ambas no estado do Mato Grosso do Sul. Tais levantamentos foram executados com o objetivo &#8230;<\/p>\n","protected":false},"author":1,"featured_media":6600,"parent":2094,"menu_order":0,"comment_status":"closed","ping_status":"closed","template":"template-left-sidebar.php","meta":{"footnotes":""},"class_list":["post-2099","page","type-page","status-publish","has-post-thumbnail","hentry"],"_links":{"self":[{"href":"https:\/\/www.esteio.com.br\/es\/wp-json\/wp\/v2\/pages\/2099","targetHints":{"allow":["GET"]}}],"collection":[{"href":"https:\/\/www.esteio.com.br\/es\/wp-json\/wp\/v2\/pages"}],"about":[{"href":"https:\/\/www.esteio.com.br\/es\/wp-json\/wp\/v2\/types\/page"}],"author":[{"embeddable":true,"href":"https:\/\/www.esteio.com.br\/es\/wp-json\/wp\/v2\/users\/1"}],"replies":[{"embeddable":true,"href":"https:\/\/www.esteio.com.br\/es\/wp-json\/wp\/v2\/comments?post=2099"}],"version-history":[{"count":4,"href":"https:\/\/www.esteio.com.br\/es\/wp-json\/wp\/v2\/pages\/2099\/revisions"}],"predecessor-version":[{"id":6601,"href":"https:\/\/www.esteio.com.br\/es\/wp-json\/wp\/v2\/pages\/2099\/revisions\/6601"}],"up":[{"embeddable":true,"href":"https:\/\/www.esteio.com.br\/es\/wp-json\/wp\/v2\/pages\/2094"}],"wp:featuredmedia":[{"embeddable":true,"href":"https:\/\/www.esteio.com.br\/es\/wp-json\/wp\/v2\/media\/6600"}],"wp:attachment":[{"href":"https:\/\/www.esteio.com.br\/es\/wp-json\/wp\/v2\/media?parent=2099"}],"curies":[{"name":"wp","href":"https:\/\/api.w.org\/{rel}","templated":true}]}}