{"id":2130,"date":"2017-05-12T14:31:06","date_gmt":"2017-05-12T14:31:06","guid":{"rendered":"http:\/\/esteio.com.br\/?page_id=2130"},"modified":"2026-03-26T20:01:17","modified_gmt":"2026-03-26T20:01:17","slug":"empresa","status":"publish","type":"page","link":"https:\/\/www.esteio.com.br\/es\/empresa\/","title":{"rendered":"Empresa"},"content":{"rendered":"<p class=\"subtitulo\">Pol\u00edtica de la Calidad<\/p>\n<p><strong>ESTEIO ENGENHARIA E AEROLEVANTAMENTOS S.A<\/strong> tiene el compromiso de prestar a pleno los requisitos de calidad, seguridad, medio ambiente y salud de sus clientes, buscando de forma continua la mejora de sus procesos y de sus profesionales para la excelencia con la entrega de sus servicios.<\/p>\n<p>Carlos Val\u00e9rio A. da Rocha<\/p>\n<p>Director Presidente<\/p>\n<p class=\"subtitulo\">Mision<\/p>\n<p>Buscar una mayor competitividad y representaci\u00f3n en el mercado, uniendo conocimiento y tecnolog\u00eda de punta para ofrecer servicios con calidad de forma a atender las expectativas de sus clientes, directores, empleados y la comunidad.<\/p>\n<p class=\"subtitulo\">El Nombre<\/p>\n<p>El nombre <strong>ESTEIO<\/strong>es un acr\u00f3nimo que corresponde a las primeras letras de las siguientes palabras:<\/p>\n<p><strong>E<\/strong>ngenharia e <strong>S<\/strong>ervi\u00e7os <strong>T\u00e9<\/strong>cnicos para <strong>I<\/strong>nd\u00fastrias e <strong>O<\/strong>bras<\/p>\n<p>Otra definici\u00f3n para el nombre <strong>ESTEIO<\/strong>tiene origen en la propia esencia o definici\u00f3n de la palabra:<\/p>\n<p>es.tei.o \u2013 s. m.  Pieza m\u00e1s larga de que el ancho con que se sostiene algo de porte mayor.<\/p>\n<p>Se puede hacer una analog\u00eda con el esfuerzo permanente que <strong>ESTEIO<\/strong> siempre ofrece a sus clientes.<\/p>\n<p>Por fin, la empresa <strong>ESTEIO<\/strong> no tiene ninguna  relaci\u00f3n con la ciudad de mismo nombre que se ubica en el estado de Rio Grande do Sul.<\/p>\n<p class=\"subtitulo\">La Empresa<\/p>\n<p>Muchas gracias por la oportunidad de presentarnos y mostrarles qui\u00e9nes somos y lo que hacemos.<\/p>\n<p>La experiencia y el conocimiento t\u00e9cnico de nuestros colaboradores posibilitan que la empresa ejecute servicios contratados siempre de acuerdo con lo que el cliente necesita.<\/p>\n<p><strong>ESTEIO<\/strong>es una empresa que posee y mantiene la m\u00e1s avanzada tecnolog\u00eda para la ejecuci\u00f3n de los servicios contratados. Desde equipamientos y recursos de alta confiabilidad hasta los programas sistem\u00e1ticos de control de calidad,  la empresa entrega a sus clientes productos de calidad superior con el mejor precio.<\/p>\n<p>A\u00f1ada a todo esto, la integridad financiera de la empresa y podr\u00e1s averiguar que clientes tras clientes siempre regresan a <strong>ESTEIO<\/strong> cuando sus necesidades son la Cartograf\u00eda o las Rutas.<\/p>\n<p class=\"subtitulo\">Para Conocer Mejor<\/p>\n<p>En <a href=\"http:\/\/esteio.com.br\/empresa\/historical\/\">HISTORICO<\/a>, se puede encontrar un resumen de eventos significativos para la evoluci\u00f3n de procedimientos y el empleo de la tecnolog\u00eda avanzada que garantizan la decisi\u00f3n de ESTEIO en invertir siempre en lo mejor para ofertar  a sus clientes.<\/p>\n<p>Nuestros socios tienen a su lado una empresa de alta tecnolog\u00eda, con capacidad de sacar todo provecho de sus productos, garantizando el \u00e9xito de los servicios y la satisfacci\u00f3n de sus clientes. Mire quien trabaja con nosotros en <a href=\"http:\/\/esteio.com.br\/es\/clientes_e_parceiros\/\">SOCIEDAD<\/a>.<\/p>\n<p>Las Asociaciones de Entidades y Clases son la estructura representativa de las empresas e instituciones en las relaciones empresariales y comerciales y en todas las situaciones que involucran el relacionamiento con medio social y pol\u00edtico donde se inserta. Haga clic en <a href=\"http:\/\/esteio.com.br\/es\/empresa\/associacoes-e-filiacoes\/\">Asociaciones y Filiales<\/a> y conozca las filiaciones de <strong>ESTEIO<\/strong>.<\/p>\n<p>ESTEIO siempre est\u00e1 presente en los principales CONGRESOS Y SEMINARIOS nacionales e internacionales en sus \u00e1reas de actuaci\u00f3n. Siempre que participa contribuye con la difusi\u00f3n de nuevas tecnolog\u00edas por medio de la presentaci\u00f3n de sus trabajos m\u00e1s recientes e investigaciones.","protected":false},"excerpt":{"rendered":"<p>Pol\u00edtica de la Calidad ESTEIO ENGENHARIA E AEROLEVANTAMENTOS S.A tiene el compromiso de prestar a pleno los requisitos de calidad, seguridad, medio ambiente y salud de sus clientes, buscando de &#8230;<\/p>\n","protected":false},"author":1,"featured_media":0,"parent":0,"menu_order":0,"comment_status":"closed","ping_status":"closed","template":"","meta":{"footnotes":""},"class_list":["post-2130","page","type-page","status-publish","hentry"],"_links":{"self":[{"href":"https:\/\/www.esteio.com.br\/es\/wp-json\/wp\/v2\/pages\/2130","targetHints":{"allow":["GET"]}}],"collection":[{"href":"https:\/\/www.esteio.com.br\/es\/wp-json\/wp\/v2\/pages"}],"about":[{"href":"https:\/\/www.esteio.com.br\/es\/wp-json\/wp\/v2\/types\/page"}],"author":[{"embeddable":true,"href":"https:\/\/www.esteio.com.br\/es\/wp-json\/wp\/v2\/users\/1"}],"replies":[{"embeddable":true,"href":"https:\/\/www.esteio.com.br\/es\/wp-json\/wp\/v2\/comments?post=2130"}],"version-history":[{"count":10,"href":"https:\/\/www.esteio.com.br\/es\/wp-json\/wp\/v2\/pages\/2130\/revisions"}],"predecessor-version":[{"id":7431,"href":"https:\/\/www.esteio.com.br\/es\/wp-json\/wp\/v2\/pages\/2130\/revisions\/7431"}],"wp:attachment":[{"href":"https:\/\/www.esteio.com.br\/es\/wp-json\/wp\/v2\/media?parent=2130"}],"curies":[{"name":"wp","href":"https:\/\/api.w.org\/{rel}","templated":true}]}}