{"id":2138,"date":"2017-05-12T14:38:30","date_gmt":"2017-05-12T14:38:30","guid":{"rendered":"http:\/\/esteio.com.br\/?page_id=2138"},"modified":"2018-01-12T17:44:52","modified_gmt":"2018-01-12T17:44:52","slug":"associacoes-e-filiacoes","status":"publish","type":"page","link":"https:\/\/www.esteio.com.br\/es\/empresa\/associacoes-e-filiacoes\/","title":{"rendered":"Asociaciones"},"content":{"rendered":"Las Asociaciones de Entidades y Clases son la estructura representativa de las empresas e instituciones en las relaciones empresariales y comerciales y en todas las situaciones que envuelvan la relaci\u00f3n con el medio social y pol\u00edtico en el que act\u00faan. De esta manera, representan una componente esencial de la vida profesional.<\/p>\n<p>ESTEIO mantiene un v\u00ednculo estrecho con las siguientes Asociaciones:<\/p>\n<p><strong>ANEA<\/strong><br \/>\nAsociaci\u00f3n Nacional de las Empresas de Aerolevantamientos<br \/>\n<a href=\"http:\/\/anea.org.br\/\" target=\"_blank\" rel=\"noopener\">http:\/\/anea.org.br\/<\/a><\/p>\n<p><strong>ASPRS<\/strong><br \/>\nAmerican Society for Photogrammetry &amp; Remote Sensing<br \/>\n<a href=\"http:\/\/www.asprs.org\/\" target=\"_blank\" rel=\"noopener\">http:\/\/www.asprs.org\/<\/a><\/p>\n<p><strong>SBC<\/strong><br \/>\nSociedad Brasile\u00f1a de Cartograf\u00eda, Geodesia, Fotogrametr\u00eda y Percepci\u00f3n Remota<br \/>\n<a href=\"http:\/\/www.cartografia.org.br\/\" target=\"_blank\" rel=\"noopener\">http:\/\/www.cartografia.org.br\/<\/a><\/p>\n<p><strong>ABCE\/FEPAC<\/strong><br \/>\nAsociaci\u00f3n Brasile\u00f1a de los Consultores de Ingenier\u00eda \/ Federaci\u00f3n Panamericana de Consultores<br \/>\n<a href=\"http:\/\/www.abceconsultoria.org.br\/\" target=\"_blank\" rel=\"noopener\">http:\/\/www.abceconsultoria.org.br\/<\/a><br \/>\n<a href=\"http:\/\/www.fepac.org.br\/\" target=\"_blank\" rel=\"noopener\">http:\/\/www.fepac.org.br\/<\/a>","protected":false},"excerpt":{"rendered":"<p>Las Asociaciones de Entidades y Clases son la estructura representativa de las empresas e instituciones en las relaciones empresariales y comerciales y en todas las situaciones que envuelvan la relaci\u00f3n &#8230;<\/p>\n","protected":false},"author":1,"featured_media":0,"parent":2130,"menu_order":0,"comment_status":"closed","ping_status":"closed","template":"","meta":{"footnotes":""},"class_list":["post-2138","page","type-page","status-publish","hentry"],"_links":{"self":[{"href":"https:\/\/www.esteio.com.br\/es\/wp-json\/wp\/v2\/pages\/2138","targetHints":{"allow":["GET"]}}],"collection":[{"href":"https:\/\/www.esteio.com.br\/es\/wp-json\/wp\/v2\/pages"}],"about":[{"href":"https:\/\/www.esteio.com.br\/es\/wp-json\/wp\/v2\/types\/page"}],"author":[{"embeddable":true,"href":"https:\/\/www.esteio.com.br\/es\/wp-json\/wp\/v2\/users\/1"}],"replies":[{"embeddable":true,"href":"https:\/\/www.esteio.com.br\/es\/wp-json\/wp\/v2\/comments?post=2138"}],"version-history":[{"count":6,"href":"https:\/\/www.esteio.com.br\/es\/wp-json\/wp\/v2\/pages\/2138\/revisions"}],"predecessor-version":[{"id":4015,"href":"https:\/\/www.esteio.com.br\/es\/wp-json\/wp\/v2\/pages\/2138\/revisions\/4015"}],"up":[{"embeddable":true,"href":"https:\/\/www.esteio.com.br\/es\/wp-json\/wp\/v2\/pages\/2130"}],"wp:attachment":[{"href":"https:\/\/www.esteio.com.br\/es\/wp-json\/wp\/v2\/media?parent=2138"}],"curies":[{"name":"wp","href":"https:\/\/api.w.org\/{rel}","templated":true}]}}