{"id":2164,"date":"2017-05-12T19:21:46","date_gmt":"2017-05-12T19:21:46","guid":{"rendered":"http:\/\/esteio.com.br\/?page_id=2164"},"modified":"2026-03-26T20:01:32","modified_gmt":"2026-03-26T20:01:32","slug":"a-empresa","status":"publish","type":"page","link":"https:\/\/www.esteio.com.br\/es\/a-empresa\/","title":{"rendered":"A Empresa"},"content":{"rendered":"ESTEIO ENGENHARIA E AEROLEVANTAMENTOS S.A. tiene el compromiso de atender plenamente los requisitos de calidad, seguridad, medio ambiente y salud de sus clientes, buscando continuamente la mejora de sus procesos y de sus profesionales para la excelencia en el suministro de los servicios.<\/p>\n<p>La experiencia y el conocimiento t\u00e9cnico de nuestros colaboradores posibilita que la empresa realice los servicios contratados siempre de acuerdo con los objetivos del cliente.<\/p>\n<p><strong>ESTEIO S.A.<\/strong> es una empresa que posee y mantiene la tecnolog\u00eda avanzada para la realizaci\u00f3n de los servicios contratados. Desde equipos y recursos de alta confiabilidad hasta los programas sistem\u00e1ticos de control de calidad, la empresa proporciona a sus clientes productos de calidad superior con precio justo.<\/p>\n<p>Asocie a todo esto, la integridad financiera de la empresa y es posible verificar la preferencia de los contratistas en siempre regresar a la <strong>ESTEIO<\/strong> con sus nuevas necesidades en Cartograf\u00eda o Proyectos de Carreteras.","protected":false},"excerpt":{"rendered":"<p>ESTEIO ENGENHARIA E AEROLEVANTAMENTOS S.A. tiene el compromiso de atender plenamente los requisitos de calidad, seguridad, medio ambiente y salud de sus clientes, buscando continuamente la mejora de sus procesos &#8230;<\/p>\n","protected":false},"author":1,"featured_media":0,"parent":0,"menu_order":0,"comment_status":"closed","ping_status":"closed","template":"","meta":{"footnotes":""},"class_list":["post-2164","page","type-page","status-publish","hentry"],"_links":{"self":[{"href":"https:\/\/www.esteio.com.br\/es\/wp-json\/wp\/v2\/pages\/2164","targetHints":{"allow":["GET"]}}],"collection":[{"href":"https:\/\/www.esteio.com.br\/es\/wp-json\/wp\/v2\/pages"}],"about":[{"href":"https:\/\/www.esteio.com.br\/es\/wp-json\/wp\/v2\/types\/page"}],"author":[{"embeddable":true,"href":"https:\/\/www.esteio.com.br\/es\/wp-json\/wp\/v2\/users\/1"}],"replies":[{"embeddable":true,"href":"https:\/\/www.esteio.com.br\/es\/wp-json\/wp\/v2\/comments?post=2164"}],"version-history":[{"count":15,"href":"https:\/\/www.esteio.com.br\/es\/wp-json\/wp\/v2\/pages\/2164\/revisions"}],"predecessor-version":[{"id":7432,"href":"https:\/\/www.esteio.com.br\/es\/wp-json\/wp\/v2\/pages\/2164\/revisions\/7432"}],"wp:attachment":[{"href":"https:\/\/www.esteio.com.br\/es\/wp-json\/wp\/v2\/media?parent=2164"}],"curies":[{"name":"wp","href":"https:\/\/api.w.org\/{rel}","templated":true}]}}