{"id":2185,"date":"2017-05-15T13:18:11","date_gmt":"2017-05-15T13:18:11","guid":{"rendered":"http:\/\/esteio.com.br\/?page_id=2185"},"modified":"2023-04-13T16:57:53","modified_gmt":"2023-04-13T16:57:53","slug":"tubarao","status":"publish","type":"page","link":"https:\/\/www.esteio.com.br\/es\/executados\/gpr\/tubarao\/","title":{"rendered":"Levantamento GPR em Complexo de Tubar\u00e3o"},"content":{"rendered":"[IMAGEM_CAROUSEL]\n<p>Este servi\u00e7o refere-se aos levantamentos de GPR (Ground Penetrating Radar) realizados nas \u00e1reas previstas para a amplia\u00e7\u00e3o do Viradouro de Vag\u00f5es nas instala\u00e7\u00f5es da CVRD (Companhia Vale do Rio Doce) no Complexo de Tubar\u00e3o &#8211; Vit\u00f3ria &#8211; ES, com o intuito de identificar a presen\u00e7a de interfer\u00eancias &#8211; tubula\u00e7\u00f5es, dutos, cabos, etc.<\/p>\n<p>Embora a presen\u00e7a de algumas interfer\u00eancias fosse de conhecimento dos t\u00e9cnicos da CVRD, a realiza\u00e7\u00e3o dos levantamentos com o GPR foi feita de modo a complementar estas informa\u00e7\u00f5es, aumentando assim a precis\u00e3o da localiza\u00e7\u00e3o e profundidade, al\u00e9m de detectar interfer\u00eancias n\u00e3o conhecidas e\/ou previstas.<\/p>\n<p>Estes levantamentos foram executados no m\u00eas de Novembro de 2006, distribu\u00eddos em \u00e1reas do sistema de descarga de gran\u00e9is s\u00f3lidos, de acordo com o projeto conceitual e orienta\u00e7\u00f5es dos engenheiros respons\u00e1veis da CVRD.<\/p>\n<p class=\"subtitulo\">Metodologia<\/p>\n<p>Neste estudo, os dados foram adquiridos atrav\u00e9s de perfilagem cont\u00ednua, com arranjo monoest\u00e1tico, ou seja, a mesma antena, de 200 ou 400 MHz, possui a finalidade de transmissora e receptora das ondas eletromagn\u00e9ticas. A fim de minimizar o efeito da diverg\u00eancia esf\u00e9rica, caracterizado pela atenua\u00e7\u00e3o das ondas no meio propagado, aplica-se um ganho, durante a aquisi\u00e7\u00e3o, a partir da an\u00e1lise da amplitude dos tra\u00e7os em fun\u00e7\u00e3o do tempo.<\/p>\n<p>A posi\u00e7\u00e3o geogr\u00e1fica dos perfis realizados foi referenciada a pontos not\u00e1veis, com base nas plantas de projeto fornecidas pela CVRD. Cabe ressaltar, entretanto, que alguns elementos existentes na \u00e1rea n\u00e3o estavam representados nestas plantas. Desta forma, como praticamente todos os perfis foram iniciados e\/ou amarrados topograficamente ao meio-fio, fez-se necess\u00e1rio a inser\u00e7\u00e3o destes elementos nas plantas, a partir de medi\u00e7\u00f5es topogr\u00e1ficas.<\/p>\n<p>Durante a aquisi\u00e7\u00e3o dos perfis, utilizou-se tamb\u00e9m um distanci\u00f4metro (survey wlleel), acoplado a antena que automaticamente cria &#8220;marcas&#8221; a intervalos regulares previamente definidas, de tal forma que, sabendo-se a localiza\u00e7\u00e3o de in\u00edcio e fim de cada se\u00e7\u00e3o, \u00e9 poss\u00edvel georeferenciar cada ponto levantado pelo GPR.<\/p>\n<p class=\"subtitulo\">Resultados obtidos<\/p>\n<p>A partir dos levantamentos executados foi poss\u00edvel afirmar que:<\/p>\n<ol class=\"breadcrumb\">\n<li class=\"active\">\n<ul>\n<li>Praticamente todos os perfis indicam a presen\u00e7a de interfer\u00eancias, sendo elas representadas por redes de drenagens, cabos, tubos, estruturas met\u00e1licas etc.<\/li>\n<li>Por n\u00e3o ser objeto deste estudo, as interfer\u00eancias foram tratadas de forma indiferenciada neste documento, exceto nos casos em que algum elemento superficial ou informa\u00e7\u00e3o adicional permitiu sua classifica\u00e7\u00e3o.<\/li>\n<li>A representa\u00e7\u00e3o destas interfer\u00eancias, nos perfis realizados, \u00e9 poss\u00edvel a partir da interpreta\u00e7\u00e3o da geometria dos diversos refletores encontrados. De modo geral estes refletores se apresentam como hip\u00e9rboles, em caixa, plano paralelos, etc.<\/li>\n<li>Em alguns perfis a identifica\u00e7\u00e3o das interfer\u00eancias foi prejudicada devido \u00e0 presen\u00e7a de uma fina camada de min\u00e9rio de ferro dispersa ao longo da \u00e1rea, que devido \u00e0 alta condutividade, dificultou ou impediu a penetra\u00e7\u00e3o das ondas eletromagn\u00e9ticas.<\/li>\n<li>Situa\u00e7\u00e3o semelhante pode ser observada em alguns perfis, devido a presen\u00e7a de ru\u00eddos. Este tipo de sinal indesejado esta relacionado principalmente a presen\u00e7a de fontes emissoras de energia eletromagn\u00e9tica, geralmente caracterizadas pela presen\u00e7a de redes el\u00e9tricas, r\u00e1dios transmissores, telefones celulares, etc. Na \u00e1rea investigada \u00e9 comum a presen\u00e7a de todas estas fontes.<\/li>\n<li>Os levantamentos realizados permitiram, na maioria dos perfis, a identifica\u00e7\u00e3o e consequentemente a confirma\u00e7\u00e3o de interfer\u00eancias j\u00e1 conhecidas dos t\u00e9cnicos da CVRD.<\/li>\n<li>A localiza\u00e7\u00e3o e a profundidade de cada interfer\u00eancia mapeada pelo GPR foi representada graficamente e inserida nas plantas de projeto.<\/li>\n<li>Os perfis realizados foram executados em uma malha retil\u00ednea, com espa\u00e7amento de 2,0 em 2,0 m e 4,0 em 4,0 metros, subdivididos conforme a planta fornecida pela CVRD nas \u00e1reas previstas para a instala\u00e7\u00e3o do viradouro de vag\u00f5es e casa de inspe\u00e7\u00e3o de vag\u00f5es.<\/li>\n<\/ul>\n<\/li>\n<\/ol>\n<p>Desta forma pode-se concluir que o GPR se mostrou como uma ferramenta complementar, de alta resolu\u00e7\u00e3o para o mapeamento destas interfer\u00eancias. Cabe salientar que al\u00e9m da precis\u00e3o destes levantamentos, esta metodologia \u00e9 conhecida como indireta ou n\u00e3o invasiva, ou seja, n\u00e3o h\u00e1 necessidade da abertura f\u00edsica de valas e\/ou trincheiras, que podem impactar diretamente em prazos mais extensos e consequentemente danos \u00e0 produ\u00e7\u00e3o.","protected":false},"excerpt":{"rendered":"<p>[IMAGEM_CAROUSEL] Este servi\u00e7o refere-se aos levantamentos de GPR (Ground Penetrating Radar) realizados nas \u00e1reas previstas para a amplia\u00e7\u00e3o do Viradouro de Vag\u00f5es nas instala\u00e7\u00f5es da CVRD (Companhia Vale do Rio &#8230;<\/p>\n","protected":false},"author":1,"featured_media":0,"parent":2094,"menu_order":0,"comment_status":"closed","ping_status":"closed","template":"template-left-sidebar.php","meta":{"footnotes":""},"class_list":["post-2185","page","type-page","status-publish","hentry"],"_links":{"self":[{"href":"https:\/\/www.esteio.com.br\/es\/wp-json\/wp\/v2\/pages\/2185","targetHints":{"allow":["GET"]}}],"collection":[{"href":"https:\/\/www.esteio.com.br\/es\/wp-json\/wp\/v2\/pages"}],"about":[{"href":"https:\/\/www.esteio.com.br\/es\/wp-json\/wp\/v2\/types\/page"}],"author":[{"embeddable":true,"href":"https:\/\/www.esteio.com.br\/es\/wp-json\/wp\/v2\/users\/1"}],"replies":[{"embeddable":true,"href":"https:\/\/www.esteio.com.br\/es\/wp-json\/wp\/v2\/comments?post=2185"}],"version-history":[{"count":3,"href":"https:\/\/www.esteio.com.br\/es\/wp-json\/wp\/v2\/pages\/2185\/revisions"}],"predecessor-version":[{"id":6616,"href":"https:\/\/www.esteio.com.br\/es\/wp-json\/wp\/v2\/pages\/2185\/revisions\/6616"}],"up":[{"embeddable":true,"href":"https:\/\/www.esteio.com.br\/es\/wp-json\/wp\/v2\/pages\/2094"}],"wp:attachment":[{"href":"https:\/\/www.esteio.com.br\/es\/wp-json\/wp\/v2\/media?parent=2185"}],"curies":[{"name":"wp","href":"https:\/\/api.w.org\/{rel}","templated":true}]}}