{"id":2192,"date":"2017-05-15T13:42:30","date_gmt":"2017-05-15T13:42:30","guid":{"rendered":"http:\/\/esteio.com.br\/?page_id=2192"},"modified":"2023-04-13T16:58:55","modified_gmt":"2023-04-13T16:58:55","slug":"sub-bottom","status":"publish","type":"page","link":"https:\/\/www.esteio.com.br\/es\/executados\/gpr\/sub-bottom\/","title":{"rendered":"Sub Bottom para subsidiar extra\u00e7\u00e3o de embarca\u00e7\u00e3o submersa"},"content":{"rendered":"[IMAGEM_CAROUSEL]\n<p class=\"subtitulo\">Introdu\u00e7\u00e3o<\/p>\n<p>O uso de equipamentos para a realiza\u00e7\u00e3o de levantamentos de informa\u00e7\u00f5es de forma indireta vem cada vez mais sendo adotado, devido \u00e0 rapidez de coleta de informa\u00e7\u00f5es, menor custo e risco de impacto ambiental. Desta forma, os v\u00e1rios m\u00e9todos de identifica\u00e7\u00e3o das caracter\u00edsticas do subsolo e que utilizam o processo de propaga\u00e7\u00e3o de ondas ac\u00fasticas como a s\u00edsmica, a sonografia e a batimetria s\u00e3o as mais apropriadas para estas prospec\u00e7\u00f5es. O levantamento com Sub Bottom tem em sua premissa b\u00e1sica de funcionamento o uso de ondas ac\u00fasticas para o levantamento s\u00edsmico, que por ser de forma indireta n\u00e3o caracteriza o tipo de solo, mas dimensiona as suas camadas existentes. Como exemplo deste tipo de levantamento, ser\u00e1 apresentado o servi\u00e7o realizado para a empresa Prysmian, localizada na \u00e1rea do Porto de Vit\u00f3ria, no Esp\u00edrito do Santo e que teve como objetivo principal a identifica\u00e7\u00e3o do subsolo na \u00e1rea do atracadouro da empresa, como subs\u00eddio para uma opera\u00e7\u00e3o de retirada de uma embarca\u00e7\u00e3o submersa.<\/p>\n<p>&nbsp;<\/p>\n<p class=\"subtitulo\">Metodologia<\/p>\n<p>No servi\u00e7o realizado para Prysmian, a metodologia adotada para o levantamento s\u00edsmico com ondas ac\u00fasticas, visando a identifica\u00e7\u00e3o das camadas do subsolo aqu\u00e1tico foi executada com o equipamento denominado Sub Bottom Profiler (SBP). Os levantamentos s\u00edsmicos com Sub-Bottom Profiler (SBP) fornecem informa\u00e7\u00f5es a cerca da estrutura das camadas sedimentares abaixo do fundo da massa d\u2019\u00e1gua. Com o registro s\u00edsmico \u00e9 poss\u00edvel avaliar par\u00e4metros como: a espessura de camadas, a presen\u00e7a de falhas, a ocorr\u00eancias de acumula\u00e7\u00f5es rasas de g\u00e1s e\/ou deslizamentos. Este m\u00e9todo possui uma taxa de aquisi\u00e7\u00e3o de dados significativa em um curto per\u00edodo de tempo. Estas informa\u00e7\u00f5es devem ser processadas e interpretadas por um ge\u00f3logo para fornecer os resultados sobre a \u00e1rea investigada. Esse tipo de levantamento permite realizar apenas um conjunto de amostras necess\u00e1rio e com precis\u00e3o, garantindo os resultados esperados. Por esta raz\u00e3o, a s\u00edsmica de reflex\u00e3o vem sendo amplamente utilizada tamb\u00e9m na explora\u00e7\u00e3o de recursos minerais e obras de engenharia em \u00e1guas rasas. A metodologia de levantamento com SBP utiliza um sensor denominado &#8220;peixe&#8221; que \u00e9 o emissor e receptor das ondas ac\u00fasticas de alta frequ\u00eancia (2 \u208b 16 KHz) e que se desloca continuamente, cobrindo uma faixa do assoalho subaqu\u00e1tico. O equipamento \u00e9 controlado por um programa espec\u00edfico e todo o sistema deve estar instalado em um barco, com dimens\u00f5es adequadas e capacidade de navegar no mar, em rios ou lagos de grandes dimens\u00f5es. O limite de penetra\u00e7\u00e3o do sinal s\u00edsmico \u00e9 fun\u00e7\u00e3o das caracter\u00edsticas da fonte geradora de ondas (frequ\u00eancia\/energia) e do tipo de material do subsolo aqu\u00e1tico. O equipamento SBP possui caracter\u00edsticas espec\u00edficas e apresentadas no quadro abaixo.<\/p>\n<div class=\"templateTable\" style=\"text-align: center;\">Caracter\u00edsticas espec\u00edficas do equipamento SBP<\/div>\n<table class=\"tabela\">\n<tbody>\n<tr>\n<td>Modelo<\/td>\n<td>SB-216S<\/td>\n<\/tr>\n<tr>\n<td>Frequ\u00eancia<\/td>\n<td>2-16 kHz<\/td>\n<\/tr>\n<tr>\n<td>Precis\u00e3o Vertical<\/td>\n<td>6cm \/ 2-15 kHz<\/p>\n<p>8cm \/ 2-12 kHz<\/p>\n<p>10cm \/ 2-10 kHz<\/td>\n<\/tr>\n<tr>\n<td>Profundidade de Opera\u00e7\u00e3o<\/td>\n<td>1-3 metros abaixo do n\u00edvel d\u2019\u00e1gua<\/td>\n<\/tr>\n<tr>\n<td>Profundidade M\u00e1xima de Investiga\u00e7\u00e3o<\/td>\n<td>300 metros<\/td>\n<\/tr>\n<tr>\n<td>Velocidade de Opera\u00e7\u00e3o<\/td>\n<td>3-4 n\u00f3s<\/td>\n<\/tr>\n<\/tbody>\n<\/table>\n<p>Ap\u00f3s ser captado na superf\u00edcie, por hidrofones, o sinal s\u00edsmico \u00e9 amplificado, filtrado e processado at\u00e9 se obter um registro s\u00edsmico. Este registro s\u00edsmico apresenta o relevo do fundo com a coluna d\u2019\u00e1gua, os estratos sedimentares inconsolidados e o relevo do topo rochoso. Como \u00e9 conhecida a velocidade de propaga\u00e7\u00e3o da onda mec\u00e4nica nos diversos meios f\u00edsicos, obt\u00eam-se as diversas profundidades e\/ou espessuras dos materiais do subsolo aqu\u00e1tico. Os resultados s\u00e3o representa\u00e7\u00e3o em plantas espec\u00edficas com a localiza\u00e7\u00e3o dos perfis realizados, plantas de caracteriza\u00e7\u00e3o litol\u00f3gica, mapas de isovalores (batimetria, is\u00f3pacas e topo rochoso) e tamb\u00e9m na forma de se\u00e7\u00f5es geol\u00f3gicas.<\/p>\n<p class=\"subtitulo\">Levantamento<\/p>\n<p>O servi\u00e7o realizado para empresa Prysmian tinha o objetivo de identifica\u00e7\u00e3o as camadas do subsolo aqu\u00e1tico em frente ao seu atracadouro, onde uma embarca\u00e7\u00e3o havia afundado e se mantinha submersa, impedindo a sua utiliza\u00e7\u00e3o. A \u00e1rea do levantamento estava dimensionada em aproximadamente 1.200 m\u00b2 e com uma profundidade m\u00ednima de identifica\u00e7\u00e3o de 2,5 m. A Prysmian j\u00e1 havia realizado v\u00e1rios levantamentos e informa\u00e7\u00f5es visando a retirada da embarca\u00e7\u00e3o e encaminhou estas informa\u00e7\u00f5es como subs\u00eddio para o planejamento do levantamento SBP.<\/p>\n<div class=\"templateTable\" style=\"text-align: center;\">Caracter\u00edsticas da Embarca\u00e7\u00e3o<\/div>\n<table class=\"tabela\">\n<tbody>\n<tr>\n<td>Nome da embarca\u00e7\u00e3o: Amaz\u00f4nia<\/td>\n<td>Boca: 10,84m<\/td>\n<\/tr>\n<tr>\n<td>N\u00ba de matr\u00edcula: 001.007413-9<\/td>\n<td>Pontal: 4,87<\/td>\n<\/tr>\n<tr>\n<td>Tipo: Draga<\/td>\n<td>Calado: 4,5m (carregado)<\/td>\n<\/tr>\n<tr>\n<td>Porto de registro: Rio Grande do Sul<\/td>\n<td>Calalo: 3,40 (leve)<\/td>\n<\/tr>\n<tr>\n<td>Arquea\u00e7\u00e3o bruta: 1.037 t<\/td>\n<td>Ano de constru\u00e7\u00e3o: 1951<\/td>\n<\/tr>\n<tr>\n<td>Arquea\u00e7\u00e3o liquida: 630 t<\/td>\n<td rowspan=\"2\">Propriet\u00e1rio: KALIFA &#8211; Extra\u00e7\u00e3o, Navega\u00e7\u00e3o e<br \/>\nCom\u00e9rcio LTDA<\/td>\n<\/tr>\n<tr>\n<td>Tonelagem de porte bruto: 570 t<\/td>\n<\/tr>\n<tr>\n<td>Propuls\u00e3o: possui (01) Tipo: H\u00e9lice<\/td>\n<td>Comprimento total: 70,58m<\/td>\n<\/tr>\n<\/tbody>\n<\/table>\n<p>Al\u00e9m destas informa\u00e7\u00f5es, tamb\u00e9m foi disponibilizado fotografias que posicionavam as condi\u00e7\u00f5es da embarca\u00e7\u00e3o. Isso foi importante devido a perda de sinal do sensor quando ele passasse sobre a embarca\u00e7\u00e3o. Foram realizadas 17 se\u00e7\u00f5es de SBP em uma \u00e1rea aproximada de 60m x 20m, em torno da embarca\u00e7\u00e3o adernada e submersa e h\u00e1 10 metros da margem. A embarca\u00e7\u00e3o estava submersa em 1,0 a 4,0 metros abaixo do n\u00edvel d\u2019\u00e1gua, devido \u00e0 varia\u00e7\u00e3o de mar\u00e9s. As defini\u00e7\u00f5es das se\u00e7\u00f5es foram definidas em conjunto com os t\u00e9cnicos da empresa contratante.<\/p>\n<p class=\"subtitulo\">Resultados Obtidos<\/p>\n<p>Cada se\u00e7\u00e3o s\u00edsmica foi interpretada e detalhadamente apresentada em relat\u00f3rio espec\u00edfico. Alguns exemplos s\u00e3o ilustrados nas figuras fig 1 ,fig 2 , fig 3.<br \/>\nConsiderando os registros das se\u00e7\u00f5es s\u00edsmicas, obtidos com o SBP, foi poss\u00edvel identificar quatro camadas ou unidades s\u00edsmicas representativas nos levantamentos:<\/p>\n<p class=\"subtitulo1\">Camada 1<\/p>\n<p>&#8211; Superficialmente verificam-se refletores correspondentes a l\u00e2mina d\u2019\u00e1gua.<\/p>\n<p class=\"subtitulo1\">Camada 2<\/p>\n<p>&#8211; O topo da se\u00e7\u00e3o, a partir do fundo marinho, apresenta refletores de tonalidade escura, marcantes, com geometria regular cont\u00ednua, relativos a solos de composi\u00e7\u00e3o argilosa (org\u00e4nica).<\/p>\n<p class=\"subtitulo1\">Camada 3<\/p>\n<p>&#8211; Apresenta refletores claros (cinza) suaves e homog\u00eaneos relativos a pacotes argilo-arenosos com fragmentos de mariscos.<\/p>\n<p class=\"subtitulo1\">Camada 4<\/p>\n<p>&#8211; N\u00e3o foi identificada a tipologia por ser impenetr\u00e1vel ao trepano e sem informa\u00e7\u00e3o, pois n\u00e3o houve boletim de sondagem direta e complementar para essa informa\u00e7\u00e3o.","protected":false},"excerpt":{"rendered":"<p>[IMAGEM_CAROUSEL] Introdu\u00e7\u00e3o O uso de equipamentos para a realiza\u00e7\u00e3o de levantamentos de informa\u00e7\u00f5es de forma indireta vem cada vez mais sendo adotado, devido \u00e0 rapidez de coleta de informa\u00e7\u00f5es, menor &#8230;<\/p>\n","protected":false},"author":1,"featured_media":0,"parent":2094,"menu_order":0,"comment_status":"closed","ping_status":"closed","template":"template-left-sidebar.php","meta":{"footnotes":""},"class_list":["post-2192","page","type-page","status-publish","hentry"],"_links":{"self":[{"href":"https:\/\/www.esteio.com.br\/es\/wp-json\/wp\/v2\/pages\/2192","targetHints":{"allow":["GET"]}}],"collection":[{"href":"https:\/\/www.esteio.com.br\/es\/wp-json\/wp\/v2\/pages"}],"about":[{"href":"https:\/\/www.esteio.com.br\/es\/wp-json\/wp\/v2\/types\/page"}],"author":[{"embeddable":true,"href":"https:\/\/www.esteio.com.br\/es\/wp-json\/wp\/v2\/users\/1"}],"replies":[{"embeddable":true,"href":"https:\/\/www.esteio.com.br\/es\/wp-json\/wp\/v2\/comments?post=2192"}],"version-history":[{"count":10,"href":"https:\/\/www.esteio.com.br\/es\/wp-json\/wp\/v2\/pages\/2192\/revisions"}],"predecessor-version":[{"id":6619,"href":"https:\/\/www.esteio.com.br\/es\/wp-json\/wp\/v2\/pages\/2192\/revisions\/6619"}],"up":[{"embeddable":true,"href":"https:\/\/www.esteio.com.br\/es\/wp-json\/wp\/v2\/pages\/2094"}],"wp:attachment":[{"href":"https:\/\/www.esteio.com.br\/es\/wp-json\/wp\/v2\/media?parent=2192"}],"curies":[{"name":"wp","href":"https:\/\/api.w.org\/{rel}","templated":true}]}}