{"id":2214,"date":"2017-05-15T14:41:32","date_gmt":"2017-05-15T14:41:32","guid":{"rendered":"http:\/\/esteio.com.br\/?page_id=2214"},"modified":"2024-08-26T20:39:08","modified_gmt":"2024-08-26T20:39:08","slug":"cordilheira-andes","status":"publish","type":"page","link":"https:\/\/www.esteio.com.br\/es\/executados\/gps-batimetria\/cordilheira-andes\/","title":{"rendered":"Topografia Mineira na Cordilheira dos Andes"},"content":{"rendered":"[IMAGEM_CAROUSEL]\nEm 1997, a ESTEIO Argentina executou um dos maiores servi\u00e7os de Rede Geod\u00e9sica e Loca\u00e7\u00e3o de Minas realizado por uma empresa privada no pa\u00eds denominado SUBRED GEODESICA MINERA Y REPOSICION DE LINDEROS DE MINAS CONCEDIDAS. O servi\u00e7o \u00e9 parte de uma reestrutura\u00e7\u00e3o no sistema mineiro argentino, visando a atra\u00e7\u00e3o de novos investimentos, nacionais e estrangeiros, destacando-se o georreferenciamento de todas as minas a um \u00fanico sistema. A ESTEIO realizou os seguintes trabalhos:<\/p>\n<ol class=\"breadcrumb\" style=\"width: 790px;\">\n<li class=\"active\">\n<ul>\n<li>Determina\u00e7\u00e3o de uma Rede Geod\u00e9sica de Primeira ordem com 688 pontos distribu\u00eddos entre as prov\u00edncias de San Juan, La Rioja, Catamarca e Salta.<\/li>\n<li>Reposi\u00e7\u00e3o e loca\u00e7\u00e3o de 2.279 minas localizadas na zona andina entre as prov\u00edncias de San Juan e Salta ( Noroeste &#8211; Norte da Argentina ).<\/li>\n<li>Determina\u00e7\u00e3o de 143 pontos de apoio para o georreferenciamento de imagens satelitais distribu\u00eddas entre as prov\u00edncias.<\/li>\n<\/ul>\n<\/li>\n<\/ol>\n<p class=\"subtitulo\">Aspectos T\u00e9cnicos do Projeto<\/p>\n<p class=\"subtitulo1\">Rede Geod\u00e9sica GPS<\/p>\n<p>No in\u00edcio foi planificada uma Rede Geod\u00e9sica B\u00e1sica vinculada a pontos da Rede Geod\u00e9sica Nacional (Posgar 94) para a determina\u00e7\u00e3o de 60 pontos distribu\u00eddos entre as 4 prov\u00edncias, com erro m\u00e9dio de vector entre os pontos n\u00e3o superior a 0,05m + D x 10-6 ( D dist\u00e2ncia em metros ), precis\u00e3o esta que foi alcan\u00e7ada com a medi\u00e7\u00e3o multisess\u00e3o-multiesta\u00e7\u00e3o e tempo m\u00ednimo de 10 horas com p\u00f3s-processamento utilizando-se software espec\u00edfico ( multisess\u00e3o- multiesta\u00e7\u00e3o &#8211; Geonap) processado pelo grupo de Geod\u00e9sia da Universidade de La Plata atrav\u00e9s de um conv\u00eanio com a empresa. A Rede Geod\u00e9sica Secund\u00e1ria foi densificada a partir destes primeiros pontos e teve caracter\u00edsticas similares de medi\u00e7\u00e3o e processamento a Rede B\u00e1sica.<\/p>\n<p>*** A Rede Geod\u00e9sica Posgar \u00e9 formada por 127 pontos materializados em terreno e distribu\u00eddos por todo o pais, tendo suas coordenadas relacionadas ao elips\u00f3ide WGS 84.<\/p>\n<p class=\"subtitulo1\">Loca\u00e7\u00e3o de Minas<\/p>\n<p>Destaca-se, dentro do projeto, o volume de levantamentos topogr\u00e1ficos realizados somados as dificuldades geogr\u00e1ficas de acesso. Para a localiza\u00e7\u00e3o das minas foi utilizado material de apoio como: planos de medi\u00e7\u00e3o existentes, navegadores GPS, cartas topogr\u00e1ficas e o aux\u00edlio de tropeiros residentes nas regi\u00f5es de trabalho, de fundamental import\u00e2ncia, j\u00e1 que algumas minas existentes eram do final de 1800 e princ\u00edpios de 1900.<\/p>\n<p class=\"subtitulo1\">Mobiliza\u00e7\u00e3o e Recursos<\/p>\n<p>Entre os distintos meios de transporte utilizados durante o decorrer do projeto est\u00e1 a efici\u00eancia dos helic\u00f3pteros, jeeps 4&#215;4 e quadriciclos para zonas de salinas e montanhas, ademais do tradicional e eficiente transporte animal.<\/p>\n<p>Ressalta-se o uso de outros equipamentos de log\u00edstica para o andamento do projeto, entre eles o uso de telefones satelitais, r\u00e1dios BLU, navegadores GPS, alt\u00edmetros e computadores port\u00e1teis.","protected":false},"excerpt":{"rendered":"<p>[IMAGEM_CAROUSEL] Em 1997, a ESTEIO Argentina executou um dos maiores servi\u00e7os de Rede Geod\u00e9sica e Loca\u00e7\u00e3o de Minas realizado por uma empresa privada no pa\u00eds denominado SUBRED GEODESICA MINERA Y &#8230;<\/p>\n","protected":false},"author":1,"featured_media":6901,"parent":2207,"menu_order":0,"comment_status":"closed","ping_status":"closed","template":"template-left-sidebar.php","meta":{"footnotes":""},"class_list":["post-2214","page","type-page","status-publish","has-post-thumbnail","hentry"],"_links":{"self":[{"href":"https:\/\/www.esteio.com.br\/es\/wp-json\/wp\/v2\/pages\/2214","targetHints":{"allow":["GET"]}}],"collection":[{"href":"https:\/\/www.esteio.com.br\/es\/wp-json\/wp\/v2\/pages"}],"about":[{"href":"https:\/\/www.esteio.com.br\/es\/wp-json\/wp\/v2\/types\/page"}],"author":[{"embeddable":true,"href":"https:\/\/www.esteio.com.br\/es\/wp-json\/wp\/v2\/users\/1"}],"replies":[{"embeddable":true,"href":"https:\/\/www.esteio.com.br\/es\/wp-json\/wp\/v2\/comments?post=2214"}],"version-history":[{"count":7,"href":"https:\/\/www.esteio.com.br\/es\/wp-json\/wp\/v2\/pages\/2214\/revisions"}],"predecessor-version":[{"id":6902,"href":"https:\/\/www.esteio.com.br\/es\/wp-json\/wp\/v2\/pages\/2214\/revisions\/6902"}],"up":[{"embeddable":true,"href":"https:\/\/www.esteio.com.br\/es\/wp-json\/wp\/v2\/pages\/2207"}],"wp:featuredmedia":[{"embeddable":true,"href":"https:\/\/www.esteio.com.br\/es\/wp-json\/wp\/v2\/media\/6901"}],"wp:attachment":[{"href":"https:\/\/www.esteio.com.br\/es\/wp-json\/wp\/v2\/media?parent=2214"}],"curies":[{"name":"wp","href":"https:\/\/api.w.org\/{rel}","templated":true}]}}